{"id":24022,"date":"2026-01-14T21:32:33","date_gmt":"2026-01-14T21:32:33","guid":{"rendered":"https:\/\/balmainhair.al\/?post_type=product&#038;p=24022"},"modified":"2026-01-14T22:16:42","modified_gmt":"2026-01-14T22:16:42","slug":"hair-parfume-cardamon-100-ml","status":"publish","type":"product","link":"https:\/\/balmainhair.al\/?product=hair-parfume-cardamon-100-ml","title":{"rendered":"Hair Parfume Cardamon 100 ml"},"content":{"rendered":"<h2><strong>Parfum Flok\u00ebsh Cardamom 1974<\/strong><\/h2>\n<p>\u00c7do parfum flok\u00ebsh \u00ebsht\u00eb krijuar p\u00ebr t\u00eb offruar nj\u00eb arom\u00eb unike dhe josh\u00ebse, e cila p\u00ebrmir\u00ebson esenc\u00ebn e flok\u00ebve tuaj duke i ushqyer dhe mbrojtur nj\u00ebkoh\u00ebsisht.<\/p>\n<p>Parfumi i flok\u00ebve <strong>Cardamom 1974<\/strong> \u00ebsht\u00eb nj\u00eb mjegull delikate aromatike me nj\u00eb p\u00ebrzierje perfekte t\u00eb kardamomit t\u00eb pasur, limonit t\u00eb fresk\u00ebt, vaniljes qet\u00ebsuese dhe rrushit t\u00eb zi frutor. Nj\u00eb arom\u00eb <strong>unisex<\/strong>, me nj\u00eb prirje leht\u00ebsisht m\u00eb fem\u00ebrore. \u00cbsht\u00eb ideale p\u00ebr ata q\u00eb vler\u00ebsojn\u00eb kompleksitetin, sofistikimin dhe nj\u00eb arom\u00eb t\u00eb balancuar. Me nd\u00ebrthurjen harmonike t\u00eb freskis\u00eb, ngroht\u00ebsis\u00eb dhe sensualitetit, ky parfum \u00ebsht\u00eb zgjedhja perfekte p\u00ebr ata q\u00eb k\u00ebrkojn\u00eb nj\u00eb p\u00ebrvoj\u00eb aromatike t\u00eb rafinuar dhe magjeps\u00ebse.<\/p>\n<h3><strong>Notat e Sip\u00ebrme<\/strong><\/h3>\n<p>Piper i Zi, Vaj Kardamomi, Bergamot, Vaj Limoni, Nota Jeshile<\/p>\n<h3><strong>Notat e Zemr\u00ebs<\/strong><\/h3>\n<p>Vanilje, Tr\u00ebndafil, Rrush i Zi, Nota Florale, Patchouli MD<\/p>\n<h3><strong>Notat Baz\u00eb<\/strong><\/h3>\n<p>Ambroxan, Dru Kedri, Nota Gourmand, Musk\u00eb t\u00eb Bardh\u00eb<\/p>\n<h2><strong>P\u00ebrb\u00ebr\u00ebsit<\/strong><\/h2>\n<p>Alcohol Denat, Parfum, Aqua, Benzoic Acid, Limonene, Linalool, Silk i Hidrolizuar, Citral, Eugenol, Citronellol, CI 19140, Vaj nga Farat e Arganit (Argania Spinosa), CI 14700, Ethylhexyl Methoxycinnamate<\/p>\n<p>&nbsp;<\/p>\n","protected":false},"excerpt":{"rendered":"<p>Parfum Flok\u00ebsh Cardamom 1974 \u00c7do parfum flok\u00ebsh \u00ebsht\u00eb krijuar p\u00ebr t\u00eb offruar nj\u00eb arom\u00eb unike dhe josh\u00ebse, e cila p\u00ebrmir\u00ebson esenc\u00ebn e flok\u00ebve tuaj duke i ushqyer dhe mbrojtur nj\u00ebkoh\u00ebsisht. Parfumi i flok\u00ebve Cardamom 1974 \u00ebsht\u00eb nj\u00eb mjegull delikate aromatike me nj\u00eb p\u00ebrzierje perfekte t\u00eb kardamomit t\u00eb pasur, limonit t\u00eb fresk\u00ebt, vaniljes qet\u00ebsuese dhe rrushit t\u00eb zi frutor. Nj\u00eb arom\u00eb unisex, me nj\u00eb prirje leht\u00ebsisht m\u00eb fem\u00ebrore. \u00cbsht\u00eb ideale p\u00ebr ata q\u00eb vler\u00ebsojn\u00eb kompleksitetin, sofistikimin dhe nj\u00eb arom\u00eb t\u00eb balancuar. Me nd\u00ebrthurjen harmonike t\u00eb freskis\u00eb, ngroht\u00ebsis\u00eb dhe sensualitetit, ky parfum \u00ebsht\u00eb zgjedhja perfekte p\u00ebr ata q\u00eb k\u00ebrkojn\u00eb nj\u00eb p\u00ebrvoj\u00eb aromatike t\u00eb rafinuar dhe magjeps\u00ebse. Notat e Sip\u00ebrme Piper i Zi, Vaj Kardamomi, Bergamot, Vaj Limoni, Nota Jeshile Notat e Zemr\u00ebs Vanilje, Tr\u00ebndafil, Rrush i Zi, Nota Florale, Patchouli MD Notat Baz\u00eb Ambroxan, Dru Kedri, Nota Gourmand, Musk\u00eb t\u00eb Bardh\u00eb P\u00ebrb\u00ebr\u00ebsit Alcohol Denat, Parfum, Aqua, Benzoic Acid, Limonene, Linalool, Silk i Hidrolizuar, Citral, Eugenol, Citronellol, CI 19140, Vaj nga Farat e Arganit (Argania Spinosa), CI 14700, Ethylhexyl Methoxycinnamate &nbsp;<\/p>\n","protected":false},"featured_media":24023,"template":"","meta":[],"product_cat":[15,93,102],"product_tag":[],"class_list":{"0":"post-24022","1":"product","2":"type-product","3":"status-publish","4":"has-post-thumbnail","6":"product_cat-new-in","7":"product_cat-haircare","8":"product_cat-view-all","10":"first","11":"instock","12":"shipping-taxable","13":"purchasable","14":"product-type-simple","15":"pofo-product-3col"},"_links":{"self":[{"href":"https:\/\/balmainhair.al\/index.php?rest_route=\/wp\/v2\/product\/24022","targetHints":{"allow":["GET"]}}],"collection":[{"href":"https:\/\/balmainhair.al\/index.php?rest_route=\/wp\/v2\/product"}],"about":[{"href":"https:\/\/balmainhair.al\/index.php?rest_route=\/wp\/v2\/types\/product"}],"wp:featuredmedia":[{"embeddable":true,"href":"https:\/\/balmainhair.al\/index.php?rest_route=\/wp\/v2\/media\/24023"}],"wp:attachment":[{"href":"https:\/\/balmainhair.al\/index.php?rest_route=%2Fwp%2Fv2%2Fmedia&parent=24022"}],"wp:term":[{"taxonomy":"product_cat","embeddable":true,"href":"https:\/\/balmainhair.al\/index.php?rest_route=%2Fwp%2Fv2%2Fproduct_cat&post=24022"},{"taxonomy":"product_tag","embeddable":true,"href":"https:\/\/balmainhair.al\/index.php?rest_route=%2Fwp%2Fv2%2Fproduct_tag&post=24022"}],"curies":[{"name":"wp","href":"https:\/\/api.w.org\/{rel}","templated":true}]}}