{"id":23969,"date":"2026-01-14T20:58:06","date_gmt":"2026-01-14T20:58:06","guid":{"rendered":"https:\/\/balmainhair.al\/?product=hair-parfume-vetiver-15ml"},"modified":"2026-01-14T22:16:42","modified_gmt":"2026-01-14T22:16:42","slug":"hair-parfume-vetiver-15ml","status":"publish","type":"product","link":"https:\/\/balmainhair.al\/?product=hair-parfume-vetiver-15ml","title":{"rendered":"Hair Parfume Vetiver 15ml"},"content":{"rendered":"<p>&nbsp;<\/p>\n<h2><strong>Parfum Flok\u00ebsh Vetiver 1974<\/strong><\/h2>\n<p>\u00c7do parfum flok\u00ebsh \u00ebsht\u00eb krijuar p\u00ebr t\u00eb ofruar nj\u00eb arom\u00eb unike dhe josh\u00ebse, e cila p\u00ebrmir\u00ebson esenc\u00ebn e flok\u00ebve tuaj duke i ushqyer dhe mbrojtur nj\u00ebkoh\u00ebsisht.<\/p>\n<p>Parfumi i flok\u00ebve <strong>Vetiver 1974<\/strong> \u00ebsht\u00eb nj\u00eb mjegull aromatike energjike, e krijuar me nj\u00eb p\u00ebrzierje grejpfruti, lulesh delikate, vetiveri tok\u00ebsor, dru kedri t\u00eb ngroht\u00eb dhe balsame ushqyese. \u00cbsht\u00eb ideal p\u00ebr ata q\u00eb p\u00ebrqafojn\u00eb natyr\u00ebn e tyre t\u00eb sigurt dhe karizmatike, vler\u00ebsojn\u00eb eleganc\u00ebn dhe rafinimin, dhe shijojn\u00eb nd\u00ebrthurjen e freskis\u00eb s\u00eb gjall\u00eb, hijeshis\u00eb florale dhe sensualitetit t\u00eb ngroht\u00eb.<\/p>\n<p>Nj\u00eb arom\u00eb <strong>unisex<\/strong>, me nj\u00eb prirje leht\u00ebsisht m\u00eb mashkullore. Ky parfum plot\u00ebson personalitetin dhe i shton nj\u00eb prekje magjie jet\u00ebs s\u00eb p\u00ebrditshme.<\/p>\n<h3><strong>Notat e Sip\u00ebrme<\/strong><\/h3>\n<p>Grejpfrut, Rabarbar, Vaj Elemi, Bergamot, Vaj Portokalli, Vaj Piper i Zi<\/p>\n<h3><strong>Notat e Zemr\u00ebs<\/strong><\/h3>\n<p>Vaj Geraniumi, Tr\u00ebndafil, Zambaku i Lugin\u00ebs, Patchouli MD<\/p>\n<h3><strong>Notat Baz\u00eb<\/strong><\/h3>\n<p>Vaj Vetiveri, Vaj Dru Kedri, Vaj Guaiac, Vanilje, Amber, Balsame<\/p>\n<h2><strong>P\u00ebrb\u00ebr\u00ebsit<\/strong><\/h2>\n<p>Alcohol Denat, Parfum, Aqua, Benzoic Acid, Limonene, Benzyl Benzoate, Coumarin, Citronellol, Linalool, Silk i Hidrolizuar, Geraniol, Citral, Eugenol, CI 42090, CI 14700, Vaj nga Farat e Arganit (Argania Spinoza), Ethylhexyl Methoxycinnamate<\/p>\n<p>&nbsp;<\/p>\n","protected":false},"excerpt":{"rendered":"<p>&nbsp; Parfum Flok\u00ebsh Vetiver 1974 \u00c7do parfum flok\u00ebsh \u00ebsht\u00eb krijuar p\u00ebr t\u00eb ofruar nj\u00eb arom\u00eb unike dhe josh\u00ebse, e cila p\u00ebrmir\u00ebson esenc\u00ebn e flok\u00ebve tuaj duke i ushqyer dhe mbrojtur nj\u00ebkoh\u00ebsisht. Parfumi i flok\u00ebve Vetiver 1974 \u00ebsht\u00eb nj\u00eb mjegull aromatike energjike, e krijuar me nj\u00eb p\u00ebrzierje grejpfruti, lulesh delikate, vetiveri tok\u00ebsor, dru kedri t\u00eb ngroht\u00eb dhe balsame ushqyese. \u00cbsht\u00eb ideal p\u00ebr ata q\u00eb p\u00ebrqafojn\u00eb natyr\u00ebn e tyre t\u00eb sigurt dhe karizmatike, vler\u00ebsojn\u00eb eleganc\u00ebn dhe rafinimin, dhe shijojn\u00eb nd\u00ebrthurjen e freskis\u00eb s\u00eb gjall\u00eb, hijeshis\u00eb florale dhe sensualitetit t\u00eb ngroht\u00eb. Nj\u00eb arom\u00eb unisex, me nj\u00eb prirje leht\u00ebsisht m\u00eb mashkullore. Ky parfum plot\u00ebson personalitetin dhe i shton nj\u00eb prekje magjie jet\u00ebs s\u00eb p\u00ebrditshme. Notat e Sip\u00ebrme Grejpfrut, Rabarbar, Vaj Elemi, Bergamot, Vaj Portokalli, Vaj Piper i Zi Notat e Zemr\u00ebs Vaj Geraniumi, Tr\u00ebndafil, Zambaku i Lugin\u00ebs, Patchouli MD Notat Baz\u00eb Vaj Vetiveri, Vaj Dru Kedri, Vaj Guaiac, Vanilje, Amber, Balsame P\u00ebrb\u00ebr\u00ebsit Alcohol Denat, Parfum, Aqua, Benzoic Acid, Limonene, Benzyl Benzoate, Coumarin, Citronellol, Linalool, Silk i Hidrolizuar, Geraniol, Citral, Eugenol, CI 42090, CI 14700, Vaj nga Farat e Arganit (Argania Spinoza), Ethylhexyl Methoxycinnamate &nbsp;<\/p>\n","protected":false},"featured_media":24041,"template":"","meta":[],"product_cat":[15,93,102],"product_tag":[],"class_list":{"0":"post-23969","1":"product","2":"type-product","3":"status-publish","4":"has-post-thumbnail","6":"product_cat-new-in","7":"product_cat-haircare","8":"product_cat-view-all","10":"first","11":"instock","12":"shipping-taxable","13":"purchasable","14":"product-type-simple","15":"pofo-product-3col"},"_links":{"self":[{"href":"https:\/\/balmainhair.al\/index.php?rest_route=\/wp\/v2\/product\/23969","targetHints":{"allow":["GET"]}}],"collection":[{"href":"https:\/\/balmainhair.al\/index.php?rest_route=\/wp\/v2\/product"}],"about":[{"href":"https:\/\/balmainhair.al\/index.php?rest_route=\/wp\/v2\/types\/product"}],"wp:featuredmedia":[{"embeddable":true,"href":"https:\/\/balmainhair.al\/index.php?rest_route=\/wp\/v2\/media\/24041"}],"wp:attachment":[{"href":"https:\/\/balmainhair.al\/index.php?rest_route=%2Fwp%2Fv2%2Fmedia&parent=23969"}],"wp:term":[{"taxonomy":"product_cat","embeddable":true,"href":"https:\/\/balmainhair.al\/index.php?rest_route=%2Fwp%2Fv2%2Fproduct_cat&post=23969"},{"taxonomy":"product_tag","embeddable":true,"href":"https:\/\/balmainhair.al\/index.php?rest_route=%2Fwp%2Fv2%2Fproduct_tag&post=23969"}],"curies":[{"name":"wp","href":"https:\/\/api.w.org\/{rel}","templated":true}]}}