{"id":23967,"date":"2026-01-14T20:58:06","date_gmt":"2026-01-14T20:58:06","guid":{"rendered":"https:\/\/balmainhair.al\/?product=hair-parfume-ginger-15ml"},"modified":"2026-01-14T22:16:41","modified_gmt":"2026-01-14T22:16:41","slug":"hair-parfume-ginger-15ml","status":"publish","type":"product","link":"https:\/\/balmainhair.al\/?product=hair-parfume-ginger-15ml","title":{"rendered":"Hair Parfume Ginger 15ml"},"content":{"rendered":"<p>&nbsp;<\/p>\n<h2><strong>Parfum Flok\u00ebsh Ginger 1974<\/strong><\/h2>\n<p>\u00c7do parfum flok\u00ebsh \u00ebsht\u00eb krijuar p\u00ebr t\u00eb ofruar nj\u00eb arom\u00eb unike dhe josh\u00ebse, e cila p\u00ebrmir\u00ebson esenc\u00ebn e flok\u00ebve tuaj duke i ushqyer dhe mbrojtur nj\u00ebkoh\u00ebsisht.<\/p>\n<p>Parfumi i flok\u00ebve <strong>Ginger 1974<\/strong> \u00ebsht\u00eb nj\u00eb arom\u00eb magjeps\u00ebse p\u00ebr flok\u00eb, e nd\u00ebrtuar mbi nj\u00eb p\u00ebrzierje xhenxhefili pikant, balsami bredhi energjizues, nota gourmand t\u00eb pasura, suede t\u00eb but\u00eb dhe musk t\u00eb bardh\u00eb t\u00eb past\u00ebr. \u00cbsht\u00eb ideal p\u00ebr ata q\u00eb p\u00ebrqafojn\u00eb an\u00ebn e tyre misterioze dhe sensuale. Nj\u00eb zgjedhje p\u00ebr individ\u00eb t\u00eb sigurt dhe t\u00eb sofistikuar, q\u00eb shijojn\u00eb aroma luksoze dhe unike. Me akordet e tij pikante, gourmand dhe sensuale, ky parfum \u00ebsht\u00eb perfekt p\u00ebr ata q\u00eb d\u00ebshirojn\u00eb t\u00eb l\u00ebn\u00eb nj\u00eb p\u00ebrshtypje enigmatike dhe josh\u00ebse kudo q\u00eb shkojn\u00eb.<\/p>\n<h3><strong>Notat e Sip\u00ebrme<\/strong><\/h3>\n<p>Bergamot, Vaj Piper i Zi, Vaj Xhenxhefili<\/p>\n<h3><strong>Notat e Zemr\u00ebs<\/strong><\/h3>\n<p>Vanilje, Balsam Bredhi, Nota Florale, Vaj Kardamomi, Vaj Kumini<\/p>\n<h3><strong>Notat Baz\u00eb<\/strong><\/h3>\n<p>Liqeni i Lisit (Oakmoss), Nota Gourmand, Nota Amber Drurore, Dru Cashmere, Dru Kedri, Suede, Musk i Bardh\u00eb<\/p>\n<h2><strong>P\u00ebrb\u00ebr\u00ebsit<\/strong><\/h2>\n<p>Alcohol Denat, Parfum, Aqua, Benzoic Acid, Limonene, Linalool, Silk i Hidrolizuar, Isoeugenol, Geraniol, Citral, CI 17200, Vaj nga Farat e Arganit (Argania Spinosa), CI 14700, Ethylhexyl Methoxycinnamate<\/p>\n","protected":false},"excerpt":{"rendered":"<p>&nbsp; Parfum Flok\u00ebsh Ginger 1974 \u00c7do parfum flok\u00ebsh \u00ebsht\u00eb krijuar p\u00ebr t\u00eb ofruar nj\u00eb arom\u00eb unike dhe josh\u00ebse, e cila p\u00ebrmir\u00ebson esenc\u00ebn e flok\u00ebve tuaj duke i ushqyer dhe mbrojtur nj\u00ebkoh\u00ebsisht. Parfumi i flok\u00ebve Ginger 1974 \u00ebsht\u00eb nj\u00eb arom\u00eb magjeps\u00ebse p\u00ebr flok\u00eb, e nd\u00ebrtuar mbi nj\u00eb p\u00ebrzierje xhenxhefili pikant, balsami bredhi energjizues, nota gourmand t\u00eb pasura, suede t\u00eb but\u00eb dhe musk t\u00eb bardh\u00eb t\u00eb past\u00ebr. \u00cbsht\u00eb ideal p\u00ebr ata q\u00eb p\u00ebrqafojn\u00eb an\u00ebn e tyre misterioze dhe sensuale. Nj\u00eb zgjedhje p\u00ebr individ\u00eb t\u00eb sigurt dhe t\u00eb sofistikuar, q\u00eb shijojn\u00eb aroma luksoze dhe unike. Me akordet e tij pikante, gourmand dhe sensuale, ky parfum \u00ebsht\u00eb perfekt p\u00ebr ata q\u00eb d\u00ebshirojn\u00eb t\u00eb l\u00ebn\u00eb nj\u00eb p\u00ebrshtypje enigmatike dhe josh\u00ebse kudo q\u00eb shkojn\u00eb. Notat e Sip\u00ebrme Bergamot, Vaj Piper i Zi, Vaj Xhenxhefili Notat e Zemr\u00ebs Vanilje, Balsam Bredhi, Nota Florale, Vaj Kardamomi, Vaj Kumini Notat Baz\u00eb Liqeni i Lisit (Oakmoss), Nota Gourmand, Nota Amber Drurore, Dru Cashmere, Dru Kedri, Suede, Musk i Bardh\u00eb P\u00ebrb\u00ebr\u00ebsit Alcohol Denat, Parfum, Aqua, Benzoic Acid, Limonene, Linalool, Silk i Hidrolizuar, Isoeugenol, Geraniol, Citral, CI 17200, Vaj nga Farat e Arganit (Argania Spinosa), CI 14700, Ethylhexyl Methoxycinnamate<\/p>\n","protected":false},"featured_media":24040,"template":"","meta":[],"product_cat":[15,93,102],"product_tag":[],"class_list":{"0":"post-23967","1":"product","2":"type-product","3":"status-publish","4":"has-post-thumbnail","6":"product_cat-new-in","7":"product_cat-haircare","8":"product_cat-view-all","10":"first","11":"instock","12":"shipping-taxable","13":"purchasable","14":"product-type-simple","15":"pofo-product-3col"},"_links":{"self":[{"href":"https:\/\/balmainhair.al\/index.php?rest_route=\/wp\/v2\/product\/23967","targetHints":{"allow":["GET"]}}],"collection":[{"href":"https:\/\/balmainhair.al\/index.php?rest_route=\/wp\/v2\/product"}],"about":[{"href":"https:\/\/balmainhair.al\/index.php?rest_route=\/wp\/v2\/types\/product"}],"wp:featuredmedia":[{"embeddable":true,"href":"https:\/\/balmainhair.al\/index.php?rest_route=\/wp\/v2\/media\/24040"}],"wp:attachment":[{"href":"https:\/\/balmainhair.al\/index.php?rest_route=%2Fwp%2Fv2%2Fmedia&parent=23967"}],"wp:term":[{"taxonomy":"product_cat","embeddable":true,"href":"https:\/\/balmainhair.al\/index.php?rest_route=%2Fwp%2Fv2%2Fproduct_cat&post=23967"},{"taxonomy":"product_tag","embeddable":true,"href":"https:\/\/balmainhair.al\/index.php?rest_route=%2Fwp%2Fv2%2Fproduct_tag&post=23967"}],"curies":[{"name":"wp","href":"https:\/\/api.w.org\/{rel}","templated":true}]}}