{"id":23481,"date":"2022-12-20T16:56:32","date_gmt":"2022-12-20T16:56:32","guid":{"rendered":"https:\/\/balmainhair.al\/?post_type=product&#038;p=23481"},"modified":"2026-01-14T22:16:40","modified_gmt":"2026-01-14T22:16:40","slug":"moisturizing-repair-mask-2","status":"publish","type":"product","link":"https:\/\/balmainhair.al\/?product=moisturizing-repair-mask-2","title":{"rendered":"Moisturizing Repair Mask"},"content":{"rendered":"<p>Nj\u00eb trajtim intensiv p\u00ebr flok\u00eb natyral\u00eb ose t\u00eb lyer. Ushqen thell\u00ebsisht, hidraton dhe siguron flok\u00eb tep\u00ebr t\u00eb l\u00ebmuar dhe t\u00eb m\u00ebndafsht\u00eb. Forcon dhe riparon fibr\u00ebn e flok\u00ebve p\u00ebr t\u00eb reduktuar k\u00ebputjen dhe hapjen e majave.<\/p>\n<p>I pasuruar me vaj Argani dhe Provitamin B5<br \/>\nUshqen flok\u00ebt e that\u00eb dhe t\u00eb d\u00ebmtuar<br \/>\nP\u00ebrmir\u00ebson ruajtjen e lag\u00ebshtis\u00eb, elasticitetin dhe fleksibilitetin e flok\u00ebve<\/p>\n<p>Pershkrim i detajuar<\/p>\n<p>Posa\u00e7\u00ebrisht p\u00ebr flok\u00ebt q\u00eb kan\u00eb nevoj\u00eb p\u00ebr ushqim shtes\u00eb. Rimbush flok\u00ebt e that\u00eb, t\u00eb brisht\u00eb dhe t\u00eb mbi-p\u00ebrpunuar. I l\u00eb flok\u00ebt me shk\u00eblqim dhe me nj\u00eb ndjesi t\u00eb but\u00eb luksoze nga rr\u00ebnja deri n\u00eb fund. Vaji i b\u00ebrtham\u00ebs Argania Spinosa (Vaj Argani) absorbohet leht\u00ebsisht n\u00eb flok\u00eb dhe i jep flok\u00ebve hidratim t\u00eb pasur pa i r\u00ebnduar flok\u00ebt. Mbron flok\u00ebt dhe i jep jet\u00eb gjat\u00ebsis\u00eb s\u00eb flokut. Pro-Vitamina B5 p\u00ebrmir\u00ebson ruajtjen e hidratimit, elasticitetin dhe fleksibilitetin e flok\u00ebve. Balancon nivelet e lag\u00ebshtis\u00eb s\u00eb flok\u00ebve, qet\u00ebson skalpat e irrituar dhe t\u00eb ndjesh\u00ebm. P\u00ebrmir\u00ebson menaxhimin e flok\u00ebve dhe mbyll majat e brishta t\u00eb flok\u00ebve. P\u00ebrdorimi javor i b\u00ebn flok\u00eb m\u00eb t\u00eb sh\u00ebndetsh\u00ebm dhe stimulon rritjen e tyre.<\/p>\n<p>Si ta aplikoni:<br \/>\nAplikojeni n\u00eb flok\u00eb t\u00eb lagur. Masazhojeni dhe l\u00ebreni p\u00ebr 5-10 minuta.<\/p>\n","protected":false},"excerpt":{"rendered":"<p>Nj\u00eb trajtim intensiv p\u00ebr flok\u00eb natyral\u00eb ose t\u00eb lyer. Ushqen thell\u00ebsisht, hidraton dhe siguron flok\u00eb tep\u00ebr t\u00eb l\u00ebmuar dhe t\u00eb m\u00ebndafsht\u00eb. Forcon dhe riparon fibr\u00ebn e flok\u00ebve p\u00ebr t\u00eb reduktuar k\u00ebputjen dhe hapjen e majave. I pasuruar me vaj Argani dhe Provitamin B5 Ushqen flok\u00ebt e that\u00eb dhe t\u00eb d\u00ebmtuar P\u00ebrmir\u00ebson ruajtjen e lag\u00ebshtis\u00eb, elasticitetin dhe fleksibilitetin e flok\u00ebve Pershkrim i detajuar Posa\u00e7\u00ebrisht p\u00ebr flok\u00ebt q\u00eb kan\u00eb nevoj\u00eb p\u00ebr ushqim shtes\u00eb. Rimbush flok\u00ebt e that\u00eb, t\u00eb brisht\u00eb dhe t\u00eb mbi-p\u00ebrpunuar. I l\u00eb flok\u00ebt me shk\u00eblqim dhe me nj\u00eb ndjesi t\u00eb but\u00eb luksoze nga rr\u00ebnja deri n\u00eb fund. Vaji i b\u00ebrtham\u00ebs Argania Spinosa (Vaj Argani) absorbohet leht\u00ebsisht n\u00eb flok\u00eb dhe i jep flok\u00ebve hidratim t\u00eb pasur pa i r\u00ebnduar flok\u00ebt. Mbron flok\u00ebt dhe i jep jet\u00eb gjat\u00ebsis\u00eb s\u00eb flokut. Pro-Vitamina B5 p\u00ebrmir\u00ebson ruajtjen e hidratimit, elasticitetin dhe fleksibilitetin e flok\u00ebve. Balancon nivelet e lag\u00ebshtis\u00eb s\u00eb flok\u00ebve, qet\u00ebson skalpat e irrituar dhe t\u00eb ndjesh\u00ebm. P\u00ebrmir\u00ebson menaxhimin e flok\u00ebve dhe mbyll majat e brishta t\u00eb flok\u00ebve. P\u00ebrdorimi javor i b\u00ebn flok\u00eb m\u00eb t\u00eb sh\u00ebndetsh\u00ebm dhe stimulon rritjen e tyre. Si ta aplikoni: Aplikojeni n\u00eb flok\u00eb t\u00eb lagur. Masazhojeni dhe l\u00ebreni p\u00ebr 5-10 minuta.<\/p>\n","protected":false},"featured_media":22693,"template":"","meta":[],"product_cat":[93,102],"product_tag":[],"class_list":{"0":"post-23481","1":"product","2":"type-product","3":"status-publish","4":"has-post-thumbnail","6":"product_cat-haircare","7":"product_cat-view-all","9":"first","10":"instock","11":"shipping-taxable","12":"purchasable","13":"product-type-simple","14":"pofo-product-3col"},"_links":{"self":[{"href":"https:\/\/balmainhair.al\/index.php?rest_route=\/wp\/v2\/product\/23481","targetHints":{"allow":["GET"]}}],"collection":[{"href":"https:\/\/balmainhair.al\/index.php?rest_route=\/wp\/v2\/product"}],"about":[{"href":"https:\/\/balmainhair.al\/index.php?rest_route=\/wp\/v2\/types\/product"}],"wp:featuredmedia":[{"embeddable":true,"href":"https:\/\/balmainhair.al\/index.php?rest_route=\/wp\/v2\/media\/22693"}],"wp:attachment":[{"href":"https:\/\/balmainhair.al\/index.php?rest_route=%2Fwp%2Fv2%2Fmedia&parent=23481"}],"wp:term":[{"taxonomy":"product_cat","embeddable":true,"href":"https:\/\/balmainhair.al\/index.php?rest_route=%2Fwp%2Fv2%2Fproduct_cat&post=23481"},{"taxonomy":"product_tag","embeddable":true,"href":"https:\/\/balmainhair.al\/index.php?rest_route=%2Fwp%2Fv2%2Fproduct_tag&post=23481"}],"curies":[{"name":"wp","href":"https:\/\/api.w.org\/{rel}","templated":true}]}}