{"id":23025,"date":"2022-08-11T20:54:52","date_gmt":"2022-08-11T20:54:52","guid":{"rendered":"https:\/\/balmainhair.al\/?post_type=product&#038;p=23025"},"modified":"2026-01-14T22:16:40","modified_gmt":"2026-01-14T22:16:40","slug":"illuminatingz-mask-silver-pearl-200ml","status":"publish","type":"product","link":"https:\/\/balmainhair.al\/?product=illuminatingz-mask-silver-pearl-200ml","title":{"rendered":"Illuminating Mask Silver Pearl 200ml"},"content":{"rendered":"","protected":false},"excerpt":{"rendered":"<p>P\u00ebrshkrim i shkurt\u00ebr:<br \/>\nMaska neutralizon tonalitetet e verdha te padesh\u00ebshiruara t\u00eb flok\u00ebve biond t\u00eb dekoloruar duke i dh\u00ebn\u00eb nj\u00eb nuanc\u00eb silver, gri. Tonaliteti\u00a0 vjollc\u00eb pastron mbetjet, korigjon ngjyr\u00ebn dhe shton shk\u00eblqimin e flokut.<br \/>\nP\u00ebrmban p\u00ebrqindje t\u00eb lart\u00eb t\u00eb Acidit Succinic,Protein\u00ebs s\u00eb Arganit, M\u00ebndafshi dhe\u00a0 Kashmirit ,q\u00eb forcojn\u00eb dhe mbrojn\u00eb struktur\u00ebn e flok\u00ebve.<\/p>\n<ul>\n<li>Korrigjon mbetjet e verdha.<\/li>\n<li>Ruan dhe p\u00ebrmir\u00ebson reflekset e ftohta t\u00eb flok\u00ebve biond.<\/li>\n<li>E p\u00ebrkryer p\u00ebr t&#8217;u p\u00ebrdorur nd\u00ebrmjet sh\u00ebrbimeve t\u00eb boj\u00ebs<\/li>\n<\/ul>\n<p>Flok\u00ebt biond t\u00eb sh\u00ebndetsh\u00ebm k\u00ebrkojn\u00eb p\u00ebrkujdesje t\u00eb vazhdueshme. Me kalimin e koh\u00ebs floku krijon pigmenete t\u00eb pad\u00ebshirueshme te verdha t\u00eb cilat mund t\u00eb korrigjohen p\u00ebrmes Illuminating Silver Pearl Mask. Maska trajton tonet e verdha dhe ushqen flokun duke ruajtur reflekset e ftohta dhe ngjyr\u00ebn perfekte. Riparon tektur\u00ebn e brendshme t\u00eb fibrave t\u00eb flokut.<\/p>\n","protected":false},"featured_media":23027,"template":"","meta":[],"product_cat":[93,102],"product_tag":[],"class_list":{"0":"post-23025","1":"product","2":"type-product","3":"status-publish","4":"has-post-thumbnail","6":"product_cat-haircare","7":"product_cat-view-all","9":"first","10":"instock","11":"shipping-taxable","12":"purchasable","13":"product-type-simple","14":"pofo-product-3col"},"_links":{"self":[{"href":"https:\/\/balmainhair.al\/index.php?rest_route=\/wp\/v2\/product\/23025","targetHints":{"allow":["GET"]}}],"collection":[{"href":"https:\/\/balmainhair.al\/index.php?rest_route=\/wp\/v2\/product"}],"about":[{"href":"https:\/\/balmainhair.al\/index.php?rest_route=\/wp\/v2\/types\/product"}],"wp:featuredmedia":[{"embeddable":true,"href":"https:\/\/balmainhair.al\/index.php?rest_route=\/wp\/v2\/media\/23027"}],"wp:attachment":[{"href":"https:\/\/balmainhair.al\/index.php?rest_route=%2Fwp%2Fv2%2Fmedia&parent=23025"}],"wp:term":[{"taxonomy":"product_cat","embeddable":true,"href":"https:\/\/balmainhair.al\/index.php?rest_route=%2Fwp%2Fv2%2Fproduct_cat&post=23025"},{"taxonomy":"product_tag","embeddable":true,"href":"https:\/\/balmainhair.al\/index.php?rest_route=%2Fwp%2Fv2%2Fproduct_tag&post=23025"}],"curies":[{"name":"wp","href":"https:\/\/api.w.org\/{rel}","templated":true}]}}