{"id":23016,"date":"2022-08-11T20:48:27","date_gmt":"2022-08-11T20:48:27","guid":{"rendered":"https:\/\/balmainhair.al\/?post_type=product&#038;p=23016"},"modified":"2026-01-14T22:16:40","modified_gmt":"2026-01-14T22:16:40","slug":"balmain-homme-bodyfying-shampoo-250ml","status":"publish","type":"product","link":"https:\/\/balmainhair.al\/?product=balmain-homme-bodyfying-shampoo-250ml","title":{"rendered":"Balmain Homme Bodyfying Shampoo 250ml"},"content":{"rendered":"<p>Linja e kujdesit Bodyfing Homme nga Balmain Hair Couture ndihmon n\u00eb ushqimin e thell\u00eb, shtimin e dend\u00ebsis\u00eb dhe rrit cil\u00ebsin\u00eb e fibrave t\u00eb flokut.<\/p>\n<p>Si ta aplikoni:<br \/>\nAplikojeni n\u00eb pjesen e rrenjes dhe gjat\u00ebsise ne flok\u00eb t\u00eb lagur. Masazhoni but\u00ebsisht skalpin dhe shp\u00eblajeni.<\/p>\n","protected":false},"excerpt":{"rendered":"<p>Pershkrim i shkurter:<br \/>\nDedikuar posa\u00e7\u00ebrisht p\u00ebr kujdesin ndaj meshkujve, Bodifying hair shampoo, p\u00ebrmirson tekstur\u00ebn e flokut dhe e ushqen at\u00eb plot\u00ebsisht. Pastron n\u00eb thell\u00ebsi dhe dend\u00ebson fibrat e flokeve duke rezultuar n\u00eb flok\u00eb t\u00eb kuruar dhe m\u00eb t\u00eb plot\u00eb.<br \/>\nE parfumuar me arom\u00ebn intensive orientale dhe drunore te Balmain Homme.<\/p>\n<p>\u25e6 E p\u00ebrshtatsh\u00ebm p\u00ebr cdo tipologji floku.<br \/>\n\u25e6 Shton tekstur\u00ebn dhe dend\u00ebson flok\u00ebt.<\/p>\n<p>&nbsp;<\/p>\n","protected":false},"featured_media":23017,"template":"","meta":[],"product_cat":[93,103,102],"product_tag":[],"class_list":{"0":"post-23016","1":"product","2":"type-product","3":"status-publish","4":"has-post-thumbnail","6":"product_cat-haircare","7":"product_cat-men","8":"product_cat-view-all","10":"first","11":"instock","12":"shipping-taxable","13":"purchasable","14":"product-type-simple","15":"pofo-product-3col"},"_links":{"self":[{"href":"https:\/\/balmainhair.al\/index.php?rest_route=\/wp\/v2\/product\/23016","targetHints":{"allow":["GET"]}}],"collection":[{"href":"https:\/\/balmainhair.al\/index.php?rest_route=\/wp\/v2\/product"}],"about":[{"href":"https:\/\/balmainhair.al\/index.php?rest_route=\/wp\/v2\/types\/product"}],"wp:featuredmedia":[{"embeddable":true,"href":"https:\/\/balmainhair.al\/index.php?rest_route=\/wp\/v2\/media\/23017"}],"wp:attachment":[{"href":"https:\/\/balmainhair.al\/index.php?rest_route=%2Fwp%2Fv2%2Fmedia&parent=23016"}],"wp:term":[{"taxonomy":"product_cat","embeddable":true,"href":"https:\/\/balmainhair.al\/index.php?rest_route=%2Fwp%2Fv2%2Fproduct_cat&post=23016"},{"taxonomy":"product_tag","embeddable":true,"href":"https:\/\/balmainhair.al\/index.php?rest_route=%2Fwp%2Fv2%2Fproduct_tag&post=23016"}],"curies":[{"name":"wp","href":"https:\/\/api.w.org\/{rel}","templated":true}]}}