{"id":22571,"date":"2022-05-30T16:23:06","date_gmt":"2022-05-30T16:23:06","guid":{"rendered":"https:\/\/balmainhair.al\/?post_type=product&#038;p=22571"},"modified":"2026-01-14T22:16:38","modified_gmt":"2026-01-14T22:16:38","slug":"session-spray-strong","status":"publish","type":"product","link":"https:\/\/balmainhair.al\/?product=session-spray-strong","title":{"rendered":"Session Spray Strong"},"content":{"rendered":"<p>Pershkrim i shkurter: Llak flok\u00ebsh Stronghold perfekt p\u00ebr kontroll, fiksim dhe mbarimin e stilimit. I jep shk\u00eblqim dhe trup pa i l\u00ebn\u00eb flok\u00ebt e ngrir\u00eb apo t\u00eb ngurt\u00eb. Rezistent ndaj lag\u00ebshtir\u00ebs<\/p>\n<p>\u25cf Spraj stilimi afatgjat\u00eb<\/p>\n<p>\u25cf P\u00ebrdoret p\u00ebr t\u00eb mbajtur n\u00eb form\u00eb, fiksim dhe mbarim t\u00eb stilimit perfundimtar<\/p>\n<p>\u25cf Kontroll afatgjat\u00eb<\/p>\n<p>Pershkrim i detajuar:<\/p>\n<p>Session Spray Strong siguron nj\u00eb mbajtje tep\u00eb r t\u00eb gjat\u00eb. Ky llak mban flok\u00ebt n\u00eb vend dhe trajton l\u00ebvizjen dhe lag\u00ebshtin\u00eb. Ai p\u00ebrmban ekstrakte q\u00eb parandalojn\u00eb d\u00ebmtimin e UV-s\u00eb q\u00eb mbrojn\u00eb flok\u00ebt nga dielli. Produkti nuk l\u00eb asnj\u00eb mbetje n\u00eb flok\u00eb gjat\u00eb larjes. P\u00ebr shkak t\u00eb struktur\u00ebs me performanc\u00eb t\u00eb lart\u00eb, lejon q\u00eb flok\u00ebt t\u00eb zgjasin gjat\u00eb gjith\u00eb dit\u00ebs, duke mos i ngjeshur ato. Aroma e injektuar e themelit t\u00eb Balmain Hair Couture ofron nj\u00eb ndjesi freskuese gjat\u00eb p\u00ebrdorimit t\u00eb llakut.<\/p>\n<p>Si ta aplikoni<\/p>\n<p>Sp\u00ebrkateni n\u00eb flok\u00eb nga 15-20 cm.<\/p>\n","protected":false},"excerpt":{"rendered":"<p>Pershkrim i shkurter: Llak flok\u00ebsh Stronghold perfekt p\u00ebr kontroll, fiksim dhe mbarimin e stilimit. I jep shk\u00eblqim dhe trup pa i l\u00ebn\u00eb flok\u00ebt e ngrir\u00eb apo t\u00eb ngurt\u00eb. Rezistent ndaj lag\u00ebshtir\u00ebs \u25cf Spraj stilimi afatgjat\u00eb \u25cf P\u00ebrdoret p\u00ebr t\u00eb mbajtur n\u00eb form\u00eb, fiksim dhe mbarim t\u00eb stilimit perfundimtar \u25cf Kontroll afatgjat\u00eb Pershkrim i detajuar: Session Spray Strong siguron nj\u00eb mbajtje tep\u00eb r t\u00eb gjat\u00eb. Ky llak mban flok\u00ebt n\u00eb vend dhe trajton l\u00ebvizjen dhe lag\u00ebshtin\u00eb. Ai p\u00ebrmban ekstrakte q\u00eb parandalojn\u00eb d\u00ebmtimin e UV-s\u00eb q\u00eb mbrojn\u00eb flok\u00ebt nga dielli. Produkti nuk l\u00eb asnj\u00eb mbetje n\u00eb flok\u00eb gjat\u00eb larjes. P\u00ebr shkak t\u00eb struktur\u00ebs me performanc\u00eb t\u00eb lart\u00eb, lejon q\u00eb flok\u00ebt t\u00eb zgjasin gjat\u00eb gjith\u00eb dit\u00ebs, duke mos i ngjeshur ato. Aroma e injektuar e themelit t\u00eb Balmain Hair Couture ofron nj\u00eb ndjesi freskuese gjat\u00eb p\u00ebrdorimit t\u00eb llakut. Si ta aplikoni Sp\u00ebrkateni n\u00eb flok\u00eb nga 15-20 cm.<\/p>\n","protected":false},"featured_media":22745,"template":"","meta":[],"product_cat":[93,102],"product_tag":[],"class_list":{"0":"post-22571","1":"product","2":"type-product","3":"status-publish","4":"has-post-thumbnail","6":"product_cat-haircare","7":"product_cat-view-all","9":"first","10":"instock","11":"shipping-taxable","12":"purchasable","13":"product-type-simple","14":"pofo-product-3col"},"_links":{"self":[{"href":"https:\/\/balmainhair.al\/index.php?rest_route=\/wp\/v2\/product\/22571","targetHints":{"allow":["GET"]}}],"collection":[{"href":"https:\/\/balmainhair.al\/index.php?rest_route=\/wp\/v2\/product"}],"about":[{"href":"https:\/\/balmainhair.al\/index.php?rest_route=\/wp\/v2\/types\/product"}],"wp:featuredmedia":[{"embeddable":true,"href":"https:\/\/balmainhair.al\/index.php?rest_route=\/wp\/v2\/media\/22745"}],"wp:attachment":[{"href":"https:\/\/balmainhair.al\/index.php?rest_route=%2Fwp%2Fv2%2Fmedia&parent=22571"}],"wp:term":[{"taxonomy":"product_cat","embeddable":true,"href":"https:\/\/balmainhair.al\/index.php?rest_route=%2Fwp%2Fv2%2Fproduct_cat&post=22571"},{"taxonomy":"product_tag","embeddable":true,"href":"https:\/\/balmainhair.al\/index.php?rest_route=%2Fwp%2Fv2%2Fproduct_tag&post=22571"}],"curies":[{"name":"wp","href":"https:\/\/api.w.org\/{rel}","templated":true}]}}