{"id":22570,"date":"2022-05-30T16:22:59","date_gmt":"2022-05-30T16:22:59","guid":{"rendered":"https:\/\/balmainhair.al\/?post_type=product&#038;p=22570"},"modified":"2026-01-14T22:16:38","modified_gmt":"2026-01-14T22:16:38","slug":"session-spray-medium","status":"publish","type":"product","link":"https:\/\/balmainhair.al\/?product=session-spray-medium","title":{"rendered":"Session Spray Medium"},"content":{"rendered":"<p>Pershkrim i shkurter Llak flok\u00ebsh me mbajtje mesatare, perfekt p\u00ebr t\u00eb punuar, dhe stiluar. Mbajtje fleksib\u00ebl dhe e q\u00ebndrueshme p\u00ebr ripunim. Ideale p\u00ebr modele flok\u00ebsh me mbajtje mesatare dhe p\u00ebr t&#8217;i pastruar leht\u00ebsisht. Rezistent ndaj lag\u00ebshtir\u00ebs.<\/p>\n<p>\u25cf P\u00ebrdoret gjat\u00eb stilimit<\/p>\n<p>\u25cf I ripunuesh\u00ebm<\/p>\n<p>\u25cf P\u00ebrmban mbrojtje UV<\/p>\n<p>Pershkrim i detajuar: Balmain Session Spray Medium \u00ebsht\u00eb nj\u00eb llak flok\u00ebsh i leht\u00eb q\u00eb i siguron flok\u00ebve nj\u00eb struktur\u00eb t\u00eb zbatueshme. Ky llak do t&#8217;i mbaj\u00eb flok\u00ebt n\u00eb vend pa ngurt\u00ebsi. Spraji ndihmon n\u00eb parandalimin e efekteve t\u00eb tharjes s\u00eb flok\u00ebve nga dielli. Fleksib\u00ebl, ruan elasticitetin dhe l\u00ebvizshm\u00ebrin\u00eb e flok\u00ebve, nd\u00ebrkoh\u00eb q\u00eb ofron kontroll afatgjat\u00eb. Spraji \u00ebsht\u00eb rezistent ndaj lag\u00ebshtir\u00ebs, mbron flok\u00ebt nga d\u00ebmtimi i rrezeve ultraviolet dhe fshihet leht\u00ebsisht. P\u00ebrve\u00e7se ka forc\u00eb t\u00eb mjaftueshme fiksuese, ky llak nuk i r\u00ebndon flok\u00ebt dhe nuk i l\u00eb me nj\u00eb fund ngjit\u00ebs.<\/p>\n<p>Si ta aplikoni<\/p>\n<p>Sp\u00ebrkateni n\u00eb flok\u00eb nga 15-20 cm.<\/p>\n","protected":false},"excerpt":{"rendered":"<p>Pershkrim i shkurter Llak flok\u00ebsh me mbajtje mesatare, perfekt p\u00ebr t\u00eb punuar, dhe stiluar. Mbajtje fleksib\u00ebl dhe e q\u00ebndrueshme p\u00ebr ripunim. Ideale p\u00ebr modele flok\u00ebsh me mbajtje mesatare dhe p\u00ebr t&#8217;i pastruar leht\u00ebsisht. Rezistent ndaj lag\u00ebshtir\u00ebs. \u25cf P\u00ebrdoret gjat\u00eb stilimit \u25cf I ripunuesh\u00ebm \u25cf P\u00ebrmban mbrojtje UV Pershkrim i detajuar: Balmain Session Spray Medium \u00ebsht\u00eb nj\u00eb llak flok\u00ebsh i leht\u00eb q\u00eb i siguron flok\u00ebve nj\u00eb struktur\u00eb t\u00eb zbatueshme. Ky llak do t&#8217;i mbaj\u00eb flok\u00ebt n\u00eb vend pa ngurt\u00ebsi. Spraji ndihmon n\u00eb parandalimin e efekteve t\u00eb tharjes s\u00eb flok\u00ebve nga dielli. Fleksib\u00ebl, ruan elasticitetin dhe l\u00ebvizshm\u00ebrin\u00eb e flok\u00ebve, nd\u00ebrkoh\u00eb q\u00eb ofron kontroll afatgjat\u00eb. Spraji \u00ebsht\u00eb rezistent ndaj lag\u00ebshtir\u00ebs, mbron flok\u00ebt nga d\u00ebmtimi i rrezeve ultraviolet dhe fshihet leht\u00ebsisht. P\u00ebrve\u00e7se ka forc\u00eb t\u00eb mjaftueshme fiksuese, ky llak nuk i r\u00ebndon flok\u00ebt dhe nuk i l\u00eb me nj\u00eb fund ngjit\u00ebs. Si ta aplikoni Sp\u00ebrkateni n\u00eb flok\u00eb nga 15-20 cm.<\/p>\n","protected":false},"featured_media":22748,"template":"","meta":[],"product_cat":[93,102],"product_tag":[],"class_list":{"0":"post-22570","1":"product","2":"type-product","3":"status-publish","4":"has-post-thumbnail","6":"product_cat-haircare","7":"product_cat-view-all","9":"first","10":"instock","11":"shipping-taxable","12":"purchasable","13":"product-type-simple","14":"pofo-product-3col"},"_links":{"self":[{"href":"https:\/\/balmainhair.al\/index.php?rest_route=\/wp\/v2\/product\/22570","targetHints":{"allow":["GET"]}}],"collection":[{"href":"https:\/\/balmainhair.al\/index.php?rest_route=\/wp\/v2\/product"}],"about":[{"href":"https:\/\/balmainhair.al\/index.php?rest_route=\/wp\/v2\/types\/product"}],"wp:featuredmedia":[{"embeddable":true,"href":"https:\/\/balmainhair.al\/index.php?rest_route=\/wp\/v2\/media\/22748"}],"wp:attachment":[{"href":"https:\/\/balmainhair.al\/index.php?rest_route=%2Fwp%2Fv2%2Fmedia&parent=22570"}],"wp:term":[{"taxonomy":"product_cat","embeddable":true,"href":"https:\/\/balmainhair.al\/index.php?rest_route=%2Fwp%2Fv2%2Fproduct_cat&post=22570"},{"taxonomy":"product_tag","embeddable":true,"href":"https:\/\/balmainhair.al\/index.php?rest_route=%2Fwp%2Fv2%2Fproduct_tag&post=22570"}],"curies":[{"name":"wp","href":"https:\/\/api.w.org\/{rel}","templated":true}]}}