{"id":22568,"date":"2022-05-30T16:22:44","date_gmt":"2022-05-30T16:22:44","guid":{"rendered":"https:\/\/balmainhair.al\/?post_type=product&#038;p=22568"},"modified":"2026-01-14T22:16:38","modified_gmt":"2026-01-14T22:16:38","slug":"matt-clay-strong","status":"publish","type":"product","link":"https:\/\/balmainhair.al\/?product=matt-clay-strong","title":{"rendered":"Matt Clay Strong"},"content":{"rendered":"<p>Pershkrim i shkurter: Dyll i fort\u00eb p\u00ebr nj\u00eb pamje t\u00eb p\u00ebrcaktuar mat me tekstur\u00eb maksimale. Siguron nj\u00eb mbajtje afatgjat\u00eb me p\u00ebrfundim t\u00eb that\u00eb.<\/p>\n<p>\u25cf I jep flokut teksture<\/p>\n<p>\u25cf Mbajtje e fort\u00eb<\/p>\n<p>\u25cf Pamje natyrale, mat<\/p>\n<p>Pershkrim i detajuar:<\/p>\n<p>Dyll i fort\u00eb krijon nj\u00eb pamje p\u00ebrfundimtare t\u00eb p\u00ebrcaktuar, natyrale me nj\u00eb p\u00ebrfundim mat. Jep nj\u00eb mbajtje t\u00eb fort\u00eb q\u00eb mbetet e that\u00eb dhe e punueshme gjat\u00eb gjith\u00eb dit\u00ebs. Argan Elixir rikthen shk\u00eblqimin natyral dhe ushqen flok\u00ebt e that\u00eb dhe t\u00eb d\u00ebmtuar. Proteina e M\u00ebndafshit rind\u00ebrtojn\u00eb fibr\u00ebn e flokut. Mban aromen e Balmain Hair Couture.<\/p>\n<p>Si ta aplikoni F\u00ebrkojeni midis duarve dhe aplikojeni n\u00eb flok\u00eb t\u00eb that\u00eb ose t\u00eb lagur.<\/p>\n","protected":false},"excerpt":{"rendered":"<p>Pershkrim i shkurter: Dyll i fort\u00eb p\u00ebr nj\u00eb pamje t\u00eb p\u00ebrcaktuar mat me tekstur\u00eb maksimale. Siguron nj\u00eb mbajtje afatgjat\u00eb me p\u00ebrfundim t\u00eb that\u00eb. \u25cf I jep flokut teksture \u25cf Mbajtje e fort\u00eb \u25cf Pamje natyrale, mat Pershkrim i detajuar: Dyll i fort\u00eb krijon nj\u00eb pamje p\u00ebrfundimtare t\u00eb p\u00ebrcaktuar, natyrale me nj\u00eb p\u00ebrfundim mat. Jep nj\u00eb mbajtje t\u00eb fort\u00eb q\u00eb mbetet e that\u00eb dhe e punueshme gjat\u00eb gjith\u00eb dit\u00ebs. Argan Elixir rikthen shk\u00eblqimin natyral dhe ushqen flok\u00ebt e that\u00eb dhe t\u00eb d\u00ebmtuar. Proteina e M\u00ebndafshit rind\u00ebrtojn\u00eb fibr\u00ebn e flokut. Mban aromen e Balmain Hair Couture. Si ta aplikoni F\u00ebrkojeni midis duarve dhe aplikojeni n\u00eb flok\u00eb t\u00eb that\u00eb ose t\u00eb lagur.<\/p>\n","protected":false},"featured_media":22752,"template":"","meta":[],"product_cat":[93,102],"product_tag":[],"class_list":{"0":"post-22568","1":"product","2":"type-product","3":"status-publish","4":"has-post-thumbnail","6":"product_cat-haircare","7":"product_cat-view-all","9":"first","10":"instock","11":"shipping-taxable","12":"purchasable","13":"product-type-simple","14":"pofo-product-3col"},"_links":{"self":[{"href":"https:\/\/balmainhair.al\/index.php?rest_route=\/wp\/v2\/product\/22568","targetHints":{"allow":["GET"]}}],"collection":[{"href":"https:\/\/balmainhair.al\/index.php?rest_route=\/wp\/v2\/product"}],"about":[{"href":"https:\/\/balmainhair.al\/index.php?rest_route=\/wp\/v2\/types\/product"}],"wp:featuredmedia":[{"embeddable":true,"href":"https:\/\/balmainhair.al\/index.php?rest_route=\/wp\/v2\/media\/22752"}],"wp:attachment":[{"href":"https:\/\/balmainhair.al\/index.php?rest_route=%2Fwp%2Fv2%2Fmedia&parent=22568"}],"wp:term":[{"taxonomy":"product_cat","embeddable":true,"href":"https:\/\/balmainhair.al\/index.php?rest_route=%2Fwp%2Fv2%2Fproduct_cat&post=22568"},{"taxonomy":"product_tag","embeddable":true,"href":"https:\/\/balmainhair.al\/index.php?rest_route=%2Fwp%2Fv2%2Fproduct_tag&post=22568"}],"curies":[{"name":"wp","href":"https:\/\/api.w.org\/{rel}","templated":true}]}}