{"id":22567,"date":"2022-05-30T16:22:36","date_gmt":"2022-05-30T16:22:36","guid":{"rendered":"https:\/\/balmainhair.al\/?post_type=product&#038;p=22567"},"modified":"2026-01-14T22:16:38","modified_gmt":"2026-01-14T22:16:38","slug":"shine-wax","status":"publish","type":"product","link":"https:\/\/balmainhair.al\/?product=shine-wax","title":{"rendered":"Shine Wax"},"content":{"rendered":"<p>Pershkrim i shkurter: Dylli i rip\u00ebrpunuesh\u00ebm q\u00eb shton definicion dhe shk\u00eblqim. Mbajtje fleksib\u00ebl q\u00eb do t\u00eb zgjas\u00eb gjat\u00eb gjith\u00eb dit\u00ebs. E p\u00ebrkryer p\u00ebr nj\u00eb pamje t\u00eb p\u00ebrfunduar elegante. Lahet leht\u00ebsisht p\u00ebr shkak t\u00eb formul\u00ebs me baz\u00eb uji. Perfekt p\u00ebr t\u00eb krijuar wet-looks<\/p>\n<p>\u25cf Mbajtje e ripunueshme<\/p>\n<p>\u25cf Definon flok\u00ebt<\/p>\n<p>\u25cf Shton shk\u00eblqim.<\/p>\n<p>Pershkrim i detajuar:<\/p>\n<p>Krijoni pamjen e p\u00ebrsosur t\u00eb l\u00ebmuar me Shine Wax t\u00eb Balmain Paris Hair Couture. Ristiloni flok\u00ebt gjat\u00eb gjith\u00eb dit\u00ebs n\u00ebse d\u00ebshironi. Ndihmon n\u00eb skalitjen dhe p\u00ebrcaktimin e \u00e7do fije floku dhe i l\u00eb flok\u00ebve nj\u00eb shk\u00eblqim t\u00eb l\u00ebmuar. P\u00ebr flok\u00eb t\u00eb hidratuar, t\u00eb kontrolluar dhe t\u00eb ushqyer. P\u00ebrb\u00ebr\u00ebsit si Proteina e M\u00ebndafshit dhe Vaji i Arganit stimulojn\u00eb mbajtjen optimale t\u00eb lag\u00ebshtis\u00eb brenda qeliz\u00ebs s\u00eb flok\u00ebve. Ata riparojn\u00eb dhe mbrojn\u00eb flok\u00ebt e d\u00ebmtuar, t\u00eb that\u00eb dhe t\u00eb dob\u00ebt nga faktor\u00ebt e jasht\u00ebm. I gjall\u00ebruar me arom\u00ebn e njohur Balmain.<\/p>\n<p>Si ta aplikoni<\/p>\n<p>F\u00ebrkojeni midis duarve dhe aplikojeni n\u00eb flok\u00eb t\u00eb that\u00eb ose t\u00eb lagur.<\/p>\n<p>Tips dhe kombinime:<\/p>\n<p>E p\u00ebrkryer p\u00ebr t\u00eb krijuar nj\u00eb frizur\u00eb me shk\u00eblqim dhe t\u00eb l\u00ebmuar<\/p>\n","protected":false},"excerpt":{"rendered":"<p>Pershkrim i shkurter: Dylli i rip\u00ebrpunuesh\u00ebm q\u00eb shton definicion dhe shk\u00eblqim. Mbajtje fleksib\u00ebl q\u00eb do t\u00eb zgjas\u00eb gjat\u00eb gjith\u00eb dit\u00ebs. E p\u00ebrkryer p\u00ebr nj\u00eb pamje t\u00eb p\u00ebrfunduar elegante. Lahet leht\u00ebsisht p\u00ebr shkak t\u00eb formul\u00ebs me baz\u00eb uji. Perfekt p\u00ebr t\u00eb krijuar wet-looks \u25cf Mbajtje e ripunueshme \u25cf Definon flok\u00ebt \u25cf Shton shk\u00eblqim. Pershkrim i detajuar: Krijoni pamjen e p\u00ebrsosur t\u00eb l\u00ebmuar me Shine Wax t\u00eb Balmain Paris Hair Couture. Ristiloni flok\u00ebt gjat\u00eb gjith\u00eb dit\u00ebs n\u00ebse d\u00ebshironi. Ndihmon n\u00eb skalitjen dhe p\u00ebrcaktimin e \u00e7do fije floku dhe i l\u00eb flok\u00ebve nj\u00eb shk\u00eblqim t\u00eb l\u00ebmuar. P\u00ebr flok\u00eb t\u00eb hidratuar, t\u00eb kontrolluar dhe t\u00eb ushqyer. P\u00ebrb\u00ebr\u00ebsit si Proteina e M\u00ebndafshit dhe Vaji i Arganit stimulojn\u00eb mbajtjen optimale t\u00eb lag\u00ebshtis\u00eb brenda qeliz\u00ebs s\u00eb flok\u00ebve. Ata riparojn\u00eb dhe mbrojn\u00eb flok\u00ebt e d\u00ebmtuar, t\u00eb that\u00eb dhe t\u00eb dob\u00ebt nga faktor\u00ebt e jasht\u00ebm. I gjall\u00ebruar me arom\u00ebn e njohur Balmain. Si ta aplikoni F\u00ebrkojeni midis duarve dhe aplikojeni n\u00eb flok\u00eb t\u00eb that\u00eb ose t\u00eb lagur. Tips dhe kombinime: E p\u00ebrkryer p\u00ebr t\u00eb krijuar nj\u00eb frizur\u00eb me shk\u00eblqim dhe t\u00eb l\u00ebmuar<\/p>\n","protected":false},"featured_media":22754,"template":"","meta":[],"product_cat":[93,102],"product_tag":[],"class_list":{"0":"post-22567","1":"product","2":"type-product","3":"status-publish","4":"has-post-thumbnail","6":"product_cat-haircare","7":"product_cat-view-all","9":"first","10":"instock","11":"shipping-taxable","12":"purchasable","13":"product-type-simple","14":"pofo-product-3col"},"_links":{"self":[{"href":"https:\/\/balmainhair.al\/index.php?rest_route=\/wp\/v2\/product\/22567","targetHints":{"allow":["GET"]}}],"collection":[{"href":"https:\/\/balmainhair.al\/index.php?rest_route=\/wp\/v2\/product"}],"about":[{"href":"https:\/\/balmainhair.al\/index.php?rest_route=\/wp\/v2\/types\/product"}],"wp:featuredmedia":[{"embeddable":true,"href":"https:\/\/balmainhair.al\/index.php?rest_route=\/wp\/v2\/media\/22754"}],"wp:attachment":[{"href":"https:\/\/balmainhair.al\/index.php?rest_route=%2Fwp%2Fv2%2Fmedia&parent=22567"}],"wp:term":[{"taxonomy":"product_cat","embeddable":true,"href":"https:\/\/balmainhair.al\/index.php?rest_route=%2Fwp%2Fv2%2Fproduct_cat&post=22567"},{"taxonomy":"product_tag","embeddable":true,"href":"https:\/\/balmainhair.al\/index.php?rest_route=%2Fwp%2Fv2%2Fproduct_tag&post=22567"}],"curies":[{"name":"wp","href":"https:\/\/api.w.org\/{rel}","templated":true}]}}