{"id":22566,"date":"2022-05-30T16:22:27","date_gmt":"2022-05-30T16:22:27","guid":{"rendered":"https:\/\/balmainhair.al\/?post_type=product&#038;p=22566"},"modified":"2026-01-14T22:16:38","modified_gmt":"2026-01-14T22:16:38","slug":"styling-gel-maximum-hold","status":"publish","type":"product","link":"https:\/\/balmainhair.al\/?product=styling-gel-maximum-hold","title":{"rendered":"Styling Gel Maximum Hold"},"content":{"rendered":"<p>Pershkrim i shkurter: Nj\u00eb xhel stilimi i leht\u00eb dhe i gjithansh\u00ebm me mbajtje maksimale dhe afatgjat\u00eb p\u00ebr modele flok\u00ebsh t\u00eb lagur ose t\u00eb that\u00eb. Lahet leht\u00ebsisht p\u00ebr shkak t\u00eb formul\u00ebs me baz\u00eb uji. Formulimi perfekt p\u00ebr pamje t\u00eb fuqishme t\u00eb frym\u00ebzuara nga pasarela.<\/p>\n<p>\u25cf Mbajtje afatgjat\u00eb<\/p>\n<p>\u25cf Flok\u00ebt e lagur ose t\u00eb that\u00eb duken<\/p>\n<p>\u25cf Jo fleksib\u00ebl<\/p>\n<p>Pershkrim i detajuar:<\/p>\n<p>Formula e trasparente dhe jo ngjit\u00ebse e Balmain Styling Gel Maximum Hold \u00ebsht\u00eb perfekte p\u00ebr modele flok\u00ebsh q\u00eb d\u00ebshirojn\u00eb nj\u00eb q\u00ebndrueshm\u00ebri t\u00eb gjat\u00eb. Punohet leht\u00ebsisht n\u00eb flok\u00eb t\u00eb lagur dhe t\u00eb that\u00eb. Rrit shk\u00eblqimin dhe hidraton \u00e7do fije floku. Ideale p\u00ebr modele flok\u00ebsh t\u00eb shkurt\u00ebr deri t\u00eb mes\u00ebm, por edhe i p\u00ebrshtatsh\u00ebm p\u00ebr t\u00eb fiksuar babyhair gjat\u00eb kapjeve t\u00eb flokut t\u00eb gjat\u00eb. Xheli stilues i leht\u00eb ka nj\u00eb p\u00ebrfundim t\u00eb rregullt dhe t\u00eb q\u00ebndruesh\u00ebm. Argan Elixir dhe Proteina e M\u00ebndafshit hidraton flok\u00ebt e that\u00eb dhe t\u00eb d\u00ebmtuar.<\/p>\n<p>Si ta aplikoni<\/p>\n<p>Aplikoni nj\u00eb sasi t\u00eb vog\u00ebl t\u00eb Styling Gel Maximum Hold n\u00eb maj\u00eb t\u00eb gishtave tuaj, m\u00eb pas stilojini flok\u00ebt sipas d\u00ebshir\u00ebs.<\/p>\n","protected":false},"excerpt":{"rendered":"<p>Pershkrim i shkurter: Nj\u00eb xhel stilimi i leht\u00eb dhe i gjithansh\u00ebm me mbajtje maksimale dhe afatgjat\u00eb p\u00ebr modele flok\u00ebsh t\u00eb lagur ose t\u00eb that\u00eb. Lahet leht\u00ebsisht p\u00ebr shkak t\u00eb formul\u00ebs me baz\u00eb uji. Formulimi perfekt p\u00ebr pamje t\u00eb fuqishme t\u00eb frym\u00ebzuara nga pasarela. \u25cf Mbajtje afatgjat\u00eb \u25cf Flok\u00ebt e lagur ose t\u00eb that\u00eb duken \u25cf Jo fleksib\u00ebl Pershkrim i detajuar: Formula e trasparente dhe jo ngjit\u00ebse e Balmain Styling Gel Maximum Hold \u00ebsht\u00eb perfekte p\u00ebr modele flok\u00ebsh q\u00eb d\u00ebshirojn\u00eb nj\u00eb q\u00ebndrueshm\u00ebri t\u00eb gjat\u00eb. Punohet leht\u00ebsisht n\u00eb flok\u00eb t\u00eb lagur dhe t\u00eb that\u00eb. Rrit shk\u00eblqimin dhe hidraton \u00e7do fije floku. Ideale p\u00ebr modele flok\u00ebsh t\u00eb shkurt\u00ebr deri t\u00eb mes\u00ebm, por edhe i p\u00ebrshtatsh\u00ebm p\u00ebr t\u00eb fiksuar babyhair gjat\u00eb kapjeve t\u00eb flokut t\u00eb gjat\u00eb. Xheli stilues i leht\u00eb ka nj\u00eb p\u00ebrfundim t\u00eb rregullt dhe t\u00eb q\u00ebndruesh\u00ebm. Argan Elixir dhe Proteina e M\u00ebndafshit hidraton flok\u00ebt e that\u00eb dhe t\u00eb d\u00ebmtuar. Si ta aplikoni Aplikoni nj\u00eb sasi t\u00eb vog\u00ebl t\u00eb Styling Gel Maximum Hold n\u00eb maj\u00eb t\u00eb gishtave tuaj, m\u00eb pas stilojini flok\u00ebt sipas d\u00ebshir\u00ebs.<\/p>\n","protected":false},"featured_media":22755,"template":"","meta":[],"product_cat":[93,102],"product_tag":[],"class_list":{"0":"post-22566","1":"product","2":"type-product","3":"status-publish","4":"has-post-thumbnail","6":"product_cat-haircare","7":"product_cat-view-all","9":"first","10":"instock","11":"shipping-taxable","12":"purchasable","13":"product-type-simple","14":"pofo-product-3col"},"_links":{"self":[{"href":"https:\/\/balmainhair.al\/index.php?rest_route=\/wp\/v2\/product\/22566","targetHints":{"allow":["GET"]}}],"collection":[{"href":"https:\/\/balmainhair.al\/index.php?rest_route=\/wp\/v2\/product"}],"about":[{"href":"https:\/\/balmainhair.al\/index.php?rest_route=\/wp\/v2\/types\/product"}],"wp:featuredmedia":[{"embeddable":true,"href":"https:\/\/balmainhair.al\/index.php?rest_route=\/wp\/v2\/media\/22755"}],"wp:attachment":[{"href":"https:\/\/balmainhair.al\/index.php?rest_route=%2Fwp%2Fv2%2Fmedia&parent=22566"}],"wp:term":[{"taxonomy":"product_cat","embeddable":true,"href":"https:\/\/balmainhair.al\/index.php?rest_route=%2Fwp%2Fv2%2Fproduct_cat&post=22566"},{"taxonomy":"product_tag","embeddable":true,"href":"https:\/\/balmainhair.al\/index.php?rest_route=%2Fwp%2Fv2%2Fproduct_tag&post=22566"}],"curies":[{"name":"wp","href":"https:\/\/api.w.org\/{rel}","templated":true}]}}