{"id":22565,"date":"2022-05-30T16:22:19","date_gmt":"2022-05-30T16:22:19","guid":{"rendered":"https:\/\/balmainhair.al\/?post_type=product&#038;p=22565"},"modified":"2026-01-14T22:16:37","modified_gmt":"2026-01-14T22:16:37","slug":"styling-powder","status":"publish","type":"product","link":"https:\/\/balmainhair.al\/?product=styling-powder","title":{"rendered":"Styling Powder"},"content":{"rendered":"<p>Pershkrim i shkurter: Puder e leht\u00eb dhe p\u00ebr tekstur\u00eb, volum dhe definicion p\u00ebrfundimtar. Teksturizon \u00e7do fije floku p\u00ebr t\u00eb krijuar volum maksimal n\u00eb rr\u00ebnj\u00eb. P\u00ebrthith yndyr\u00ebn e tep\u00ebrt<\/p>\n<p>\u25cf Krijon volum dhe tekstur\u00eb maksimale<\/p>\n<p>\u25cf Pluhur stilimi pa pesh\u00eb<\/p>\n<p>\u25cf Definon flokun<\/p>\n<p>Pershkrim i detajuar:<\/p>\n<p>Krijoni volum t\u00eb q\u00ebndruesh\u00ebm me Powder Styling. Dukeq\u00ebn\u00eb se ka nj\u00eb formul\u00eb t\u00eb leht\u00eb dhe nuk e r\u00ebndon flokun mund ta ristilloni at\u00eb gjat\u00eb gjith\u00eb dit\u00ebs pa shtuar asnj\u00eb produkt shtes\u00eb. Styling Powder funksionon perfekt p\u00ebr krijimin e tekstur\u00ebs n\u00eb g\u00ebrshetat dhe kapjet e flokut, shton volumin dhe definicion.Perthith yndyr\u00ebn e krijuar n\u00eb rr\u00ebnje.<\/p>\n<p>Si ta aplikoni:<\/p>\n<p>Aplikojeni leht\u00eb pluhurin n\u00eb flok\u00eb t\u00eb that\u00eb duke p\u00ebrdorur majat e gishtave ose nj\u00eb fur\u00e7\u00eb p\u00ebr ta p\u00ebrhapur produktin n\u00eb zon\u00ebn e rr\u00ebnj\u00ebs. Tips dhe kombinime Aplikoni pluhurin Styling n\u00eb gjat\u00ebsin\u00eb e flok\u00ebve dhe punoni flok\u00ebt p\u00ebr t\u00eb shtuar m\u00eb shum\u00eb trup dhe definicion.<\/p>\n","protected":false},"excerpt":{"rendered":"<p>Pershkrim i shkurter: Puder e leht\u00eb dhe p\u00ebr tekstur\u00eb, volum dhe definicion p\u00ebrfundimtar. Teksturizon \u00e7do fije floku p\u00ebr t\u00eb krijuar volum maksimal n\u00eb rr\u00ebnj\u00eb. P\u00ebrthith yndyr\u00ebn e tep\u00ebrt \u25cf Krijon volum dhe tekstur\u00eb maksimale \u25cf Pluhur stilimi pa pesh\u00eb \u25cf Definon flokun Pershkrim i detajuar: Krijoni volum t\u00eb q\u00ebndruesh\u00ebm me Powder Styling. Dukeq\u00ebn\u00eb se ka nj\u00eb formul\u00eb t\u00eb leht\u00eb dhe nuk e r\u00ebndon flokun mund ta ristilloni at\u00eb gjat\u00eb gjith\u00eb dit\u00ebs pa shtuar asnj\u00eb produkt shtes\u00eb. Styling Powder funksionon perfekt p\u00ebr krijimin e tekstur\u00ebs n\u00eb g\u00ebrshetat dhe kapjet e flokut, shton volumin dhe definicion.Perthith yndyr\u00ebn e krijuar n\u00eb rr\u00ebnje. Si ta aplikoni: Aplikojeni leht\u00eb pluhurin n\u00eb flok\u00eb t\u00eb that\u00eb duke p\u00ebrdorur majat e gishtave ose nj\u00eb fur\u00e7\u00eb p\u00ebr ta p\u00ebrhapur produktin n\u00eb zon\u00ebn e rr\u00ebnj\u00ebs. Tips dhe kombinime Aplikoni pluhurin Styling n\u00eb gjat\u00ebsin\u00eb e flok\u00ebve dhe punoni flok\u00ebt p\u00ebr t\u00eb shtuar m\u00eb shum\u00eb trup dhe definicion.<\/p>\n","protected":false},"featured_media":22757,"template":"","meta":[],"product_cat":[93,102],"product_tag":[],"class_list":{"0":"post-22565","1":"product","2":"type-product","3":"status-publish","4":"has-post-thumbnail","6":"product_cat-haircare","7":"product_cat-view-all","9":"first","10":"instock","11":"shipping-taxable","12":"purchasable","13":"product-type-simple","14":"pofo-product-3col"},"_links":{"self":[{"href":"https:\/\/balmainhair.al\/index.php?rest_route=\/wp\/v2\/product\/22565","targetHints":{"allow":["GET"]}}],"collection":[{"href":"https:\/\/balmainhair.al\/index.php?rest_route=\/wp\/v2\/product"}],"about":[{"href":"https:\/\/balmainhair.al\/index.php?rest_route=\/wp\/v2\/types\/product"}],"wp:featuredmedia":[{"embeddable":true,"href":"https:\/\/balmainhair.al\/index.php?rest_route=\/wp\/v2\/media\/22757"}],"wp:attachment":[{"href":"https:\/\/balmainhair.al\/index.php?rest_route=%2Fwp%2Fv2%2Fmedia&parent=22565"}],"wp:term":[{"taxonomy":"product_cat","embeddable":true,"href":"https:\/\/balmainhair.al\/index.php?rest_route=%2Fwp%2Fv2%2Fproduct_cat&post=22565"},{"taxonomy":"product_tag","embeddable":true,"href":"https:\/\/balmainhair.al\/index.php?rest_route=%2Fwp%2Fv2%2Fproduct_tag&post=22565"}],"curies":[{"name":"wp","href":"https:\/\/api.w.org\/{rel}","templated":true}]}}