{"id":22564,"date":"2022-05-30T16:22:11","date_gmt":"2022-05-30T16:22:11","guid":{"rendered":"https:\/\/balmainhair.al\/?post_type=product&#038;p=22564"},"modified":"2026-01-14T22:16:37","modified_gmt":"2026-01-14T22:16:37","slug":"moisturizing-styling-cream","status":"publish","type":"product","link":"https:\/\/balmainhair.al\/?product=moisturizing-styling-cream","title":{"rendered":"Moisturizing Styling Cream"},"content":{"rendered":"<p>Pershkrim i shkurter Baze perfekte p\u00ebr krehje ose stilime t\u00eb \u00e7do lloji. Shkriftezon dhe hidraton flok\u00ebt. Jep nj\u00eb mbajtje t\u00eb p\u00ebrsosur gjat\u00eb stilimit, ka\u00e7urrelave ose tharjes s\u00eb flok\u00ebve. Shton volum, shk\u00eblqim dhe nj\u00eb mbajtje t\u00eb rip\u00ebrpunueshme.<\/p>\n<p>\u25cf Hidratues ditor p\u00ebr flok\u00ebt tuaj<\/p>\n<p>\u25cf Redukton skuqjen e scalpit<\/p>\n<p>\u25cf Redukton koh\u00ebn e tharjes s\u00eb flokut<\/p>\n<p>Pershkrim i detajuar<\/p>\n<p>Kremi Moisturizing Styling \u00ebsht\u00eb nj\u00eb krem i but\u00eb dhe i leht\u00eb q\u00eb mbron flok\u00ebt nga d\u00ebmtimi dhe ofron nj\u00eb baz\u00eb perfekte p\u00ebrpara se t\u00eb p\u00ebrdorni mjetet e stilimit (t\u00eb nxeht\u00eb). P\u00ebrmban proteina dhe Argan Elixir. I l\u00eb flok\u00ebt m\u00eb t\u00eb l\u00ebmuar dhe t\u00eb ushqyer. Flok\u00ebt b\u00ebhen t\u00eb leht\u00eb p\u00ebr t&#8217;u krehur, t\u00eb but\u00eb dhe me shk\u00eblqim. Kremi ushqyes mbron flok\u00ebt nga d\u00ebmtimet e m\u00ebtejshme. Ka arom\u00ebn unike t\u00eb Balmain Hair Couture.<\/p>\n<p>SI T\u00cb P\u00cbRDORET<\/p>\n<p>Aplikojeni nj\u00eb sasi t\u00eb vog\u00ebl n\u00eb flok\u00eb t\u00eb lagur ose t\u00eb that\u00eb dhe p\u00ebrhapeni n\u00eb t\u00eb gjith\u00eb majat dhe gjat\u00ebsin\u00eb e mesme.<\/p>\n","protected":false},"excerpt":{"rendered":"<p>Pershkrim i shkurter Baze perfekte p\u00ebr krehje ose stilime t\u00eb \u00e7do lloji. Shkriftezon dhe hidraton flok\u00ebt. Jep nj\u00eb mbajtje t\u00eb p\u00ebrsosur gjat\u00eb stilimit, ka\u00e7urrelave ose tharjes s\u00eb flok\u00ebve. Shton volum, shk\u00eblqim dhe nj\u00eb mbajtje t\u00eb rip\u00ebrpunueshme. \u25cf Hidratues ditor p\u00ebr flok\u00ebt tuaj \u25cf Redukton skuqjen e scalpit \u25cf Redukton koh\u00ebn e tharjes s\u00eb flokut Pershkrim i detajuar Kremi Moisturizing Styling \u00ebsht\u00eb nj\u00eb krem i but\u00eb dhe i leht\u00eb q\u00eb mbron flok\u00ebt nga d\u00ebmtimi dhe ofron nj\u00eb baz\u00eb perfekte p\u00ebrpara se t\u00eb p\u00ebrdorni mjetet e stilimit (t\u00eb nxeht\u00eb). P\u00ebrmban proteina dhe Argan Elixir. I l\u00eb flok\u00ebt m\u00eb t\u00eb l\u00ebmuar dhe t\u00eb ushqyer. Flok\u00ebt b\u00ebhen t\u00eb leht\u00eb p\u00ebr t&#8217;u krehur, t\u00eb but\u00eb dhe me shk\u00eblqim. Kremi ushqyes mbron flok\u00ebt nga d\u00ebmtimet e m\u00ebtejshme. Ka arom\u00ebn unike t\u00eb Balmain Hair Couture. SI T\u00cb P\u00cbRDORET Aplikojeni nj\u00eb sasi t\u00eb vog\u00ebl n\u00eb flok\u00eb t\u00eb lagur ose t\u00eb that\u00eb dhe p\u00ebrhapeni n\u00eb t\u00eb gjith\u00eb majat dhe gjat\u00ebsin\u00eb e mesme.<\/p>\n","protected":false},"featured_media":22760,"template":"","meta":[],"product_cat":[93,102],"product_tag":[],"class_list":{"0":"post-22564","1":"product","2":"type-product","3":"status-publish","4":"has-post-thumbnail","6":"product_cat-haircare","7":"product_cat-view-all","9":"first","10":"instock","11":"shipping-taxable","12":"purchasable","13":"product-type-simple","14":"pofo-product-3col"},"_links":{"self":[{"href":"https:\/\/balmainhair.al\/index.php?rest_route=\/wp\/v2\/product\/22564","targetHints":{"allow":["GET"]}}],"collection":[{"href":"https:\/\/balmainhair.al\/index.php?rest_route=\/wp\/v2\/product"}],"about":[{"href":"https:\/\/balmainhair.al\/index.php?rest_route=\/wp\/v2\/types\/product"}],"wp:featuredmedia":[{"embeddable":true,"href":"https:\/\/balmainhair.al\/index.php?rest_route=\/wp\/v2\/media\/22760"}],"wp:attachment":[{"href":"https:\/\/balmainhair.al\/index.php?rest_route=%2Fwp%2Fv2%2Fmedia&parent=22564"}],"wp:term":[{"taxonomy":"product_cat","embeddable":true,"href":"https:\/\/balmainhair.al\/index.php?rest_route=%2Fwp%2Fv2%2Fproduct_cat&post=22564"},{"taxonomy":"product_tag","embeddable":true,"href":"https:\/\/balmainhair.al\/index.php?rest_route=%2Fwp%2Fv2%2Fproduct_tag&post=22564"}],"curies":[{"name":"wp","href":"https:\/\/api.w.org\/{rel}","templated":true}]}}