{"id":22562,"date":"2022-05-30T16:21:41","date_gmt":"2022-05-30T16:21:41","guid":{"rendered":"https:\/\/balmainhair.al\/?post_type=product&#038;p=22562"},"modified":"2026-01-14T22:16:37","modified_gmt":"2026-01-14T22:16:37","slug":"curl-cream","status":"publish","type":"product","link":"https:\/\/balmainhair.al\/?product=curl-cream","title":{"rendered":"Curl Cream"},"content":{"rendered":"<p>Pershkrim i shkurter: Formula e leht\u00eb aktivizon, hidraton dhe definon ka\u00e7urrelat. I injektuar me protein\u00eb m\u00ebndafshi p\u00ebr t\u00eb mbyllur kutikulat. P\u00ebr val\u00eb t\u00eb buta, k\u00ebrcyese me form\u00eb t\u00eb mir\u00eb.<\/p>\n<p>\u25cf Aktivizon, p\u00ebrcakton dhe definon ka\u00e7urrelat<\/p>\n<p>\u25cf Hidraton<\/p>\n<p>\u25cf P\u00ebrmban mbrojtje UV<\/p>\n<p>Pershkrim i detajuar<\/p>\n<p>P\u00ebr shkak t\u00eb struktur\u00ebs unike t\u00eb ka\u00e7urrelave, lag\u00ebshtia bie leht\u00ebsisht duke rezultuar n\u00eb v\u00ebllim t\u00eb pad\u00ebshiruar dhe nj\u00eb pamje t\u00eb dredhur, t\u00eb pap\u00ebrcaktuar dhe t\u00eb pa definuar. Kremi i leht\u00eb p\u00ebr ka\u00e7urrela i Balmain Paris Hair Couture definon ka\u00e7urrelat dhe i zbut pa i sheshuar form\u00ebn dhe struktur\u00ebn. Kremi Curl mbron flok\u00ebt nga nxeht\u00ebsia gjat\u00eb stilimit dhe filtrat UV mbrojn\u00eb flok\u00ebt nga rrezet UV. Formula hidraton flok\u00ebt duke rezultuar n\u00eb ka\u00e7urrela natyrale te definuara q\u00eb zgjasin gjat\u00eb gjith\u00eb dit\u00ebs.<\/p>\n<p>Si ta aplikoni<\/p>\n<p>P\u00ebrdorni kremin p\u00ebr ka\u00e7urrela n\u00eb flok\u00eb t\u00eb lagur n\u00ebse keni ka\u00e7urrela natyrale. Aplikoni nj\u00eb sasi t\u00eb vog\u00ebl n\u00eb flok\u00eb dhe f\u00ebrkoni me duar.<\/p>\n","protected":false},"excerpt":{"rendered":"<p>Pershkrim i shkurter: Formula e leht\u00eb aktivizon, hidraton dhe definon ka\u00e7urrelat. I injektuar me protein\u00eb m\u00ebndafshi p\u00ebr t\u00eb mbyllur kutikulat. P\u00ebr val\u00eb t\u00eb buta, k\u00ebrcyese me form\u00eb t\u00eb mir\u00eb. \u25cf Aktivizon, p\u00ebrcakton dhe definon ka\u00e7urrelat \u25cf Hidraton \u25cf P\u00ebrmban mbrojtje UV Pershkrim i detajuar P\u00ebr shkak t\u00eb struktur\u00ebs unike t\u00eb ka\u00e7urrelave, lag\u00ebshtia bie leht\u00ebsisht duke rezultuar n\u00eb v\u00ebllim t\u00eb pad\u00ebshiruar dhe nj\u00eb pamje t\u00eb dredhur, t\u00eb pap\u00ebrcaktuar dhe t\u00eb pa definuar. Kremi i leht\u00eb p\u00ebr ka\u00e7urrela i Balmain Paris Hair Couture definon ka\u00e7urrelat dhe i zbut pa i sheshuar form\u00ebn dhe struktur\u00ebn. Kremi Curl mbron flok\u00ebt nga nxeht\u00ebsia gjat\u00eb stilimit dhe filtrat UV mbrojn\u00eb flok\u00ebt nga rrezet UV. Formula hidraton flok\u00ebt duke rezultuar n\u00eb ka\u00e7urrela natyrale te definuara q\u00eb zgjasin gjat\u00eb gjith\u00eb dit\u00ebs. Si ta aplikoni P\u00ebrdorni kremin p\u00ebr ka\u00e7urrela n\u00eb flok\u00eb t\u00eb lagur n\u00ebse keni ka\u00e7urrela natyrale. Aplikoni nj\u00eb sasi t\u00eb vog\u00ebl n\u00eb flok\u00eb dhe f\u00ebrkoni me duar.<\/p>\n","protected":false},"featured_media":22763,"template":"","meta":[],"product_cat":[93,102],"product_tag":[],"class_list":{"0":"post-22562","1":"product","2":"type-product","3":"status-publish","4":"has-post-thumbnail","6":"product_cat-haircare","7":"product_cat-view-all","9":"first","10":"instock","11":"shipping-taxable","12":"purchasable","13":"product-type-simple","14":"pofo-product-3col"},"_links":{"self":[{"href":"https:\/\/balmainhair.al\/index.php?rest_route=\/wp\/v2\/product\/22562","targetHints":{"allow":["GET"]}}],"collection":[{"href":"https:\/\/balmainhair.al\/index.php?rest_route=\/wp\/v2\/product"}],"about":[{"href":"https:\/\/balmainhair.al\/index.php?rest_route=\/wp\/v2\/types\/product"}],"wp:featuredmedia":[{"embeddable":true,"href":"https:\/\/balmainhair.al\/index.php?rest_route=\/wp\/v2\/media\/22763"}],"wp:attachment":[{"href":"https:\/\/balmainhair.al\/index.php?rest_route=%2Fwp%2Fv2%2Fmedia&parent=22562"}],"wp:term":[{"taxonomy":"product_cat","embeddable":true,"href":"https:\/\/balmainhair.al\/index.php?rest_route=%2Fwp%2Fv2%2Fproduct_cat&post=22562"},{"taxonomy":"product_tag","embeddable":true,"href":"https:\/\/balmainhair.al\/index.php?rest_route=%2Fwp%2Fv2%2Fproduct_tag&post=22562"}],"curies":[{"name":"wp","href":"https:\/\/api.w.org\/{rel}","templated":true}]}}