{"id":22561,"date":"2022-05-30T16:21:31","date_gmt":"2022-05-30T16:21:31","guid":{"rendered":"https:\/\/balmainhair.al\/?post_type=product&#038;p=22561"},"modified":"2026-01-14T22:16:37","modified_gmt":"2026-01-14T22:16:37","slug":"texturizing-volume-spray","status":"publish","type":"product","link":"https:\/\/balmainhair.al\/?product=texturizing-volume-spray","title":{"rendered":"Texturizing Volume Spray"},"content":{"rendered":"<p>Pershkrim i shkurter Nj\u00eb spray i gjithansh\u00ebm q\u00eb i jep flok\u00ebve volum n\u00eb rr\u00ebnj\u00eb. Produkti siguron tekstur\u00eb t\u00eb q\u00ebndrueshme n\u00eb flok\u00eb. Rigjall\u00ebron menj\u00ebher\u00eb flok\u00ebt dhe b\u00ebn q\u00eb krehja t\u00eb mbaj m\u00eb shum\u00eb. I p\u00ebrshtatsh\u00ebm p\u00ebr p\u00ebrdorim t\u00eb p\u00ebrditsh\u00ebm.<\/p>\n<p>\u25cf V\u00ebllimi i drejtp\u00ebrdrejt\u00eb n\u00eb rr\u00ebnj\u00eb<\/p>\n<p>\u25cf Fiksim i fort\u00eb<\/p>\n<p>\u25cf Efekt afatgjat\u00eb<\/p>\n<p>Pershkrim i detajuar<\/p>\n<p>Nj\u00eb spray i gjithansh\u00ebm q\u00eb i jep flok\u00ebve volum shtes\u00eb. Produkti siguron tekstur\u00eb t\u00eb q\u00ebndrueshme. Rigjall\u00ebron menj\u00ebher\u00eb flok\u00ebt. I p\u00ebrshtatsh\u00ebm p\u00ebr p\u00ebrdorim t\u00eb p\u00ebrditsh\u00ebm. P\u00ebrb\u00ebr\u00ebsit si Proteina e M\u00ebndafshit dhe Vaji i Arganit stimulojn\u00eb ekuilibrin e lag\u00ebshtis\u00eb dhe sigurojn\u00eb mbajtjen optimale t\u00eb lag\u00ebshtis\u00eb n\u00eb qeliz\u00ebn e flok\u00ebve. Ato mbrojn\u00eb flok\u00ebt e d\u00ebmtuar, t\u00eb that\u00eb dhe t\u00eb dob\u00ebt nga faktor\u00ebt e jasht\u00ebm. Produkti \u00ebsht\u00eb pasuruar me arom\u00ebn e njohur Balmain.<\/p>\n<p>Si ta aplikoni:<\/p>\n<p>Tundni spray mir\u00eb para p\u00ebrdorimit. Sp\u00ebrkateni nga 15-20 cm n\u00eb rr\u00ebnj\u00eb n\u00eb flok\u00eb t\u00eb that\u00eb ose t\u00eb tamponuar me peshqir.<\/p>\n","protected":false},"excerpt":{"rendered":"<p>Pershkrim i shkurter Nj\u00eb spray i gjithansh\u00ebm q\u00eb i jep flok\u00ebve volum n\u00eb rr\u00ebnj\u00eb. Produkti siguron tekstur\u00eb t\u00eb q\u00ebndrueshme n\u00eb flok\u00eb. Rigjall\u00ebron menj\u00ebher\u00eb flok\u00ebt dhe b\u00ebn q\u00eb krehja t\u00eb mbaj m\u00eb shum\u00eb. I p\u00ebrshtatsh\u00ebm p\u00ebr p\u00ebrdorim t\u00eb p\u00ebrditsh\u00ebm. \u25cf V\u00ebllimi i drejtp\u00ebrdrejt\u00eb n\u00eb rr\u00ebnj\u00eb \u25cf Fiksim i fort\u00eb \u25cf Efekt afatgjat\u00eb Pershkrim i detajuar Nj\u00eb spray i gjithansh\u00ebm q\u00eb i jep flok\u00ebve volum shtes\u00eb. Produkti siguron tekstur\u00eb t\u00eb q\u00ebndrueshme. Rigjall\u00ebron menj\u00ebher\u00eb flok\u00ebt. I p\u00ebrshtatsh\u00ebm p\u00ebr p\u00ebrdorim t\u00eb p\u00ebrditsh\u00ebm. P\u00ebrb\u00ebr\u00ebsit si Proteina e M\u00ebndafshit dhe Vaji i Arganit stimulojn\u00eb ekuilibrin e lag\u00ebshtis\u00eb dhe sigurojn\u00eb mbajtjen optimale t\u00eb lag\u00ebshtis\u00eb n\u00eb qeliz\u00ebn e flok\u00ebve. Ato mbrojn\u00eb flok\u00ebt e d\u00ebmtuar, t\u00eb that\u00eb dhe t\u00eb dob\u00ebt nga faktor\u00ebt e jasht\u00ebm. Produkti \u00ebsht\u00eb pasuruar me arom\u00ebn e njohur Balmain. Si ta aplikoni: Tundni spray mir\u00eb para p\u00ebrdorimit. Sp\u00ebrkateni nga 15-20 cm n\u00eb rr\u00ebnj\u00eb n\u00eb flok\u00eb t\u00eb that\u00eb ose t\u00eb tamponuar me peshqir.<\/p>\n","protected":false},"featured_media":22766,"template":"","meta":[],"product_cat":[93,102],"product_tag":[],"class_list":{"0":"post-22561","1":"product","2":"type-product","3":"status-publish","4":"has-post-thumbnail","6":"product_cat-haircare","7":"product_cat-view-all","9":"first","10":"instock","11":"shipping-taxable","12":"purchasable","13":"product-type-simple","14":"pofo-product-3col"},"_links":{"self":[{"href":"https:\/\/balmainhair.al\/index.php?rest_route=\/wp\/v2\/product\/22561","targetHints":{"allow":["GET"]}}],"collection":[{"href":"https:\/\/balmainhair.al\/index.php?rest_route=\/wp\/v2\/product"}],"about":[{"href":"https:\/\/balmainhair.al\/index.php?rest_route=\/wp\/v2\/types\/product"}],"wp:featuredmedia":[{"embeddable":true,"href":"https:\/\/balmainhair.al\/index.php?rest_route=\/wp\/v2\/media\/22766"}],"wp:attachment":[{"href":"https:\/\/balmainhair.al\/index.php?rest_route=%2Fwp%2Fv2%2Fmedia&parent=22561"}],"wp:term":[{"taxonomy":"product_cat","embeddable":true,"href":"https:\/\/balmainhair.al\/index.php?rest_route=%2Fwp%2Fv2%2Fproduct_cat&post=22561"},{"taxonomy":"product_tag","embeddable":true,"href":"https:\/\/balmainhair.al\/index.php?rest_route=%2Fwp%2Fv2%2Fproduct_tag&post=22561"}],"curies":[{"name":"wp","href":"https:\/\/api.w.org\/{rel}","templated":true}]}}