{"id":22560,"date":"2022-05-30T16:21:22","date_gmt":"2022-05-30T16:21:22","guid":{"rendered":"https:\/\/balmainhair.al\/?post_type=product&#038;p=22560"},"modified":"2026-01-14T22:16:37","modified_gmt":"2026-01-14T22:16:37","slug":"texturizing-salt-spray","status":"publish","type":"product","link":"https:\/\/balmainhair.al\/?product=texturizing-salt-spray","title":{"rendered":"Texturizing Salt Spray"},"content":{"rendered":"<p>Pershkrim i shkurter Spraj stilimi me kripra minerale. Shton definicion, tekstur\u00eb dhe trup. I jep flok\u00ebve nj\u00eb mbajtje dhe kontroll fleksib\u00ebl. I pasuruar me proteina m\u00ebndafshi dhe vaj argani p\u00ebr t\u00eb siguruar ekuilibrin e lag\u00ebshtis\u00eb.<\/p>\n<p>\u25cf Ofron struktur\u00eb dhe kontroll<\/p>\n<p>\u25cf Krijoni val\u00eb plazhi me tekstur\u00eb<\/p>\n<p>\u25cf Ruan ekuilibrin e lag\u00ebshtis\u00eb<\/p>\n<p>Pershkrim i detajuar<\/p>\n<p>Krijo nj\u00eb pamje t\u00eb fresk\u00ebt verore me Texturizing Salt Spray. Formula \u00ebsht\u00eb e p\u00ebrzier me kripra minerale p\u00ebr t\u00eb shtuar definim dhe nj\u00eb p\u00ebrfundim mat. Kriparat rezultojn\u00eb n\u00eb m\u00eb shum\u00eb p\u00ebrkufizim dhe krijon\u00eb tekstur\u00eb. Spray redukton elektrizimin dhe \u00ebsht\u00eb rezistent ndaj lag\u00ebshtir\u00ebs. I jep flok\u00ebve ekuilibrin e lag\u00ebshtis\u00eb q\u00eb i nevojitet. Mbroni flok\u00ebt e d\u00ebmtuar, t\u00eb that\u00eb dhe t\u00eb dob\u00ebt nga ndikimet e jashtme. B\u00ebn q\u00eb krehja t\u00eb mbaj m\u00eb gjat\u00eb dhe floku t\u00eb duket m\u00eb i plot\u00eb.<\/p>\n<p>Si ta aplikoni<\/p>\n<p>Sp\u00ebrkateni leht\u00eb n\u00eb flok\u00eb t\u00eb lagur n\u00eb zon\u00ebn e rr\u00ebnj\u00ebs p\u00ebr t\u00eb shtuar trupin ose n\u00eb flok\u00eb t\u00eb that\u00eb p\u00ebr nj\u00eb struktur\u00eb t\u00eb ashp\u00ebr.<\/p>\n","protected":false},"excerpt":{"rendered":"<p>Pershkrim i shkurter Spraj stilimi me kripra minerale. Shton definicion, tekstur\u00eb dhe trup. I jep flok\u00ebve nj\u00eb mbajtje dhe kontroll fleksib\u00ebl. I pasuruar me proteina m\u00ebndafshi dhe vaj argani p\u00ebr t\u00eb siguruar ekuilibrin e lag\u00ebshtis\u00eb. \u25cf Ofron struktur\u00eb dhe kontroll \u25cf Krijoni val\u00eb plazhi me tekstur\u00eb \u25cf Ruan ekuilibrin e lag\u00ebshtis\u00eb Pershkrim i detajuar Krijo nj\u00eb pamje t\u00eb fresk\u00ebt verore me Texturizing Salt Spray. Formula \u00ebsht\u00eb e p\u00ebrzier me kripra minerale p\u00ebr t\u00eb shtuar definim dhe nj\u00eb p\u00ebrfundim mat. Kriparat rezultojn\u00eb n\u00eb m\u00eb shum\u00eb p\u00ebrkufizim dhe krijon\u00eb tekstur\u00eb. Spray redukton elektrizimin dhe \u00ebsht\u00eb rezistent ndaj lag\u00ebshtir\u00ebs. I jep flok\u00ebve ekuilibrin e lag\u00ebshtis\u00eb q\u00eb i nevojitet. Mbroni flok\u00ebt e d\u00ebmtuar, t\u00eb that\u00eb dhe t\u00eb dob\u00ebt nga ndikimet e jashtme. B\u00ebn q\u00eb krehja t\u00eb mbaj m\u00eb gjat\u00eb dhe floku t\u00eb duket m\u00eb i plot\u00eb. Si ta aplikoni Sp\u00ebrkateni leht\u00eb n\u00eb flok\u00eb t\u00eb lagur n\u00eb zon\u00ebn e rr\u00ebnj\u00ebs p\u00ebr t\u00eb shtuar trupin ose n\u00eb flok\u00eb t\u00eb that\u00eb p\u00ebr nj\u00eb struktur\u00eb t\u00eb ashp\u00ebr.<\/p>\n","protected":false},"featured_media":22770,"template":"","meta":[],"product_cat":[93,102],"product_tag":[],"class_list":{"0":"post-22560","1":"product","2":"type-product","3":"status-publish","4":"has-post-thumbnail","6":"product_cat-haircare","7":"product_cat-view-all","9":"first","10":"instock","11":"shipping-taxable","12":"purchasable","13":"product-type-simple","14":"pofo-product-3col"},"_links":{"self":[{"href":"https:\/\/balmainhair.al\/index.php?rest_route=\/wp\/v2\/product\/22560","targetHints":{"allow":["GET"]}}],"collection":[{"href":"https:\/\/balmainhair.al\/index.php?rest_route=\/wp\/v2\/product"}],"about":[{"href":"https:\/\/balmainhair.al\/index.php?rest_route=\/wp\/v2\/types\/product"}],"wp:featuredmedia":[{"embeddable":true,"href":"https:\/\/balmainhair.al\/index.php?rest_route=\/wp\/v2\/media\/22770"}],"wp:attachment":[{"href":"https:\/\/balmainhair.al\/index.php?rest_route=%2Fwp%2Fv2%2Fmedia&parent=22560"}],"wp:term":[{"taxonomy":"product_cat","embeddable":true,"href":"https:\/\/balmainhair.al\/index.php?rest_route=%2Fwp%2Fv2%2Fproduct_cat&post=22560"},{"taxonomy":"product_tag","embeddable":true,"href":"https:\/\/balmainhair.al\/index.php?rest_route=%2Fwp%2Fv2%2Fproduct_tag&post=22560"}],"curies":[{"name":"wp","href":"https:\/\/api.w.org\/{rel}","templated":true}]}}