{"id":22559,"date":"2022-05-30T16:21:12","date_gmt":"2022-05-30T16:21:12","guid":{"rendered":"https:\/\/balmainhair.al\/?post_type=product&#038;p=22559"},"modified":"2026-01-14T22:16:37","modified_gmt":"2026-01-14T22:16:37","slug":"sun-protection-spray","status":"publish","type":"product","link":"https:\/\/balmainhair.al\/?product=sun-protection-spray","title":{"rendered":"Sun Protection Spray"},"content":{"rendered":"<p>Pershkrim i shkurter Formula e pasuruar me filtra mbrojt\u00ebs UVA dhe UVB ndihmon n\u00eb ushqimin dhe gjendjen e flok\u00ebve t\u00eb ekspozuar ndaj diellit, detit ose klorit. Parandalon zbehjen e ngjyr\u00ebs s\u00eb flok\u00ebve dhe d\u00ebmtimin e keratin\u00ebs. P\u00ebr flok\u00eb t\u00eb but\u00eb dhe t\u00eb fort\u00eb me nj\u00eb shk\u00eblqim natyral.<\/p>\n<p>\u25cf Formula me veprim t\u00eb dyfisht\u00eb; mbron dhe ushqen intensivisht<\/p>\n<p>\u25cf Siguron mbajtjen e ngjyrave<\/p>\n<p>\u25cf Shkrift\u00ebzon dhe shton shk\u00eblqim<\/p>\n<p>Pershkrim i detajuar<\/p>\n<p>Rrezet UVA shkaktojn\u00eb zbehje t\u00eb ngjyr\u00ebs dhe rrezet UVB jan\u00eb p\u00ebrgjegj\u00ebse p\u00ebr humbjen e proteinave t\u00eb flok\u00ebve q\u00eb shkaktojn\u00eb d\u00ebme. Formula e Sun Protection Spray \u00ebsht\u00eb e pasuruar me filtra mbrojt\u00ebs UVA dhe UVB q\u00eb ndihmon n\u00eb ushqyerjen e flok\u00ebve t\u00eb ekspozuar ndaj diellit, detit ose klorit. P\u00ebr m\u00eb tep\u00ebr, formula hidratuese funksionon si spray, i cili do i l\u00eb flok\u00ebt t\u00eb ndjehen t\u00eb but\u00eb dhe me shk\u00eblqim gjat\u00eb nj\u00eb dite me diell n\u00eb plazh.<\/p>\n<p>Si ta aplikoni<\/p>\n<p>Spray mbrojt\u00ebs nga dielli \u00ebsht\u00eb i krahasuesh\u00ebm me nj\u00eb krem kund\u00ebr diellit; Aplikojeni n\u00eb flok\u00eb t\u00eb that\u00eb ose t\u00eb tamponuar me peshqir, p\u00ebrs\u00ebriteni rregullisht dhe mos e shp\u00eblani.<\/p>\n","protected":false},"excerpt":{"rendered":"<p>Pershkrim i shkurter Formula e pasuruar me filtra mbrojt\u00ebs UVA dhe UVB ndihmon n\u00eb ushqimin dhe gjendjen e flok\u00ebve t\u00eb ekspozuar ndaj diellit, detit ose klorit. Parandalon zbehjen e ngjyr\u00ebs s\u00eb flok\u00ebve dhe d\u00ebmtimin e keratin\u00ebs. P\u00ebr flok\u00eb t\u00eb but\u00eb dhe t\u00eb fort\u00eb me nj\u00eb shk\u00eblqim natyral. \u25cf Formula me veprim t\u00eb dyfisht\u00eb; mbron dhe ushqen intensivisht \u25cf Siguron mbajtjen e ngjyrave \u25cf Shkrift\u00ebzon dhe shton shk\u00eblqim Pershkrim i detajuar Rrezet UVA shkaktojn\u00eb zbehje t\u00eb ngjyr\u00ebs dhe rrezet UVB jan\u00eb p\u00ebrgjegj\u00ebse p\u00ebr humbjen e proteinave t\u00eb flok\u00ebve q\u00eb shkaktojn\u00eb d\u00ebme. Formula e Sun Protection Spray \u00ebsht\u00eb e pasuruar me filtra mbrojt\u00ebs UVA dhe UVB q\u00eb ndihmon n\u00eb ushqyerjen e flok\u00ebve t\u00eb ekspozuar ndaj diellit, detit ose klorit. P\u00ebr m\u00eb tep\u00ebr, formula hidratuese funksionon si spray, i cili do i l\u00eb flok\u00ebt t\u00eb ndjehen t\u00eb but\u00eb dhe me shk\u00eblqim gjat\u00eb nj\u00eb dite me diell n\u00eb plazh. Si ta aplikoni Spray mbrojt\u00ebs nga dielli \u00ebsht\u00eb i krahasuesh\u00ebm me nj\u00eb krem kund\u00ebr diellit; Aplikojeni n\u00eb flok\u00eb t\u00eb that\u00eb ose t\u00eb tamponuar me peshqir, p\u00ebrs\u00ebriteni rregullisht dhe mos e shp\u00eblani.<\/p>\n","protected":false},"featured_media":22771,"template":"","meta":[],"product_cat":[93,102],"product_tag":[],"class_list":{"0":"post-22559","1":"product","2":"type-product","3":"status-publish","4":"has-post-thumbnail","6":"product_cat-haircare","7":"product_cat-view-all","9":"first","10":"instock","11":"shipping-taxable","12":"purchasable","13":"product-type-simple","14":"pofo-product-3col"},"_links":{"self":[{"href":"https:\/\/balmainhair.al\/index.php?rest_route=\/wp\/v2\/product\/22559","targetHints":{"allow":["GET"]}}],"collection":[{"href":"https:\/\/balmainhair.al\/index.php?rest_route=\/wp\/v2\/product"}],"about":[{"href":"https:\/\/balmainhair.al\/index.php?rest_route=\/wp\/v2\/types\/product"}],"wp:featuredmedia":[{"embeddable":true,"href":"https:\/\/balmainhair.al\/index.php?rest_route=\/wp\/v2\/media\/22771"}],"wp:attachment":[{"href":"https:\/\/balmainhair.al\/index.php?rest_route=%2Fwp%2Fv2%2Fmedia&parent=22559"}],"wp:term":[{"taxonomy":"product_cat","embeddable":true,"href":"https:\/\/balmainhair.al\/index.php?rest_route=%2Fwp%2Fv2%2Fproduct_cat&post=22559"},{"taxonomy":"product_tag","embeddable":true,"href":"https:\/\/balmainhair.al\/index.php?rest_route=%2Fwp%2Fv2%2Fproduct_tag&post=22559"}],"curies":[{"name":"wp","href":"https:\/\/api.w.org\/{rel}","templated":true}]}}