{"id":22558,"date":"2022-05-30T16:21:04","date_gmt":"2022-05-30T16:21:04","guid":{"rendered":"https:\/\/balmainhair.al\/?post_type=product&#038;p=22558"},"modified":"2026-01-14T22:16:37","modified_gmt":"2026-01-14T22:16:37","slug":"thermal-protection-spray","status":"publish","type":"product","link":"https:\/\/balmainhair.al\/?product=thermal-protection-spray","title":{"rendered":"Thermal Protection Spray"},"content":{"rendered":"<p>Pershkrim i shkurter Spray i leht\u00eb dhe ultra i im\u00ebt q\u00eb krijon nj\u00eb mburoj\u00eb termike q\u00eb mbron flok\u00ebt nga nxeht\u00ebsia e thar\u00ebses, pjastr\u00ebs dhe mash\u00ebs. Formula siguron nj\u00eb p\u00ebrfundim t\u00eb shk\u00eblqyer. Parandalon humbjen e lag\u00ebshtis\u00eb dhe rrit shk\u00eblqimin.<\/p>\n<p>\u25cf Mbrojtje nga nxeht\u00ebsia deri n\u00eb 220 \u00b0 C | 428 \u00b0 F<\/p>\n<p>\u25cf Parandalon djegjen, keputjen dhe \u00e7arjen e majave<\/p>\n<p>\u25cf Formul\u00eb jo r\u00ebnduese<\/p>\n<p>Pershkrim i detajuar Spray p\u00ebr mbrojtje termike nga nxeht\u00ebsia e mjeteve t\u00eb stilimit (deri n\u00eb 220 \u00b0 C | 428 \u00b0 F). Ndihmon n\u00eb forcimin e flok\u00ebve dhe parandalon djegien p\u00ebr flok\u00ebt natyral\u00eb dhe t\u00eb lyer. Formula e pasuruar me Pro Vitamin B5 dhe Protein\u00ebn e M\u00ebndafshit ushqen, riparon dhe forcon flok\u00ebt. Spray p\u00ebr mbrojtje termike ka nj\u00eb efekt shkrift\u00ebzues dhe zbut\u00ebs t\u00eb flok\u00ebve q\u00eb siguron q\u00eb mjetet e stilimit t\u00eb rr\u00ebshqasin leht\u00ebsisht n\u00ebp\u00ebr flok\u00eb, duke rezultuar n\u00eb flok\u00eb t\u00eb but\u00eb me nj\u00eb shk\u00eblqim t\u00eb bukur.<\/p>\n<p>Si ta aplikoni<\/p>\n<p>Aplikojeni nga 20 centimetra larg\u00ebsi n\u00eb flok\u00eb t\u00eb lagur ose t\u00eb that\u00eb p\u00ebrpara se t\u00eb p\u00ebrdorni mjete stilimi dhe krihni flokun m\u00eb pas. Shmangni p\u00ebrdorimin e mjeteve styling q\u00eb ekspozojn\u00eb flok\u00ebt drejtp\u00ebrdrejt n\u00eb metal. Mjetet e stilimit me nj\u00eb shtres\u00eb qeramike ose titani, t\u00eb tilla si Professional Titanium Straightener dhe Professional Ceramic Curling Iron, sigurojn\u00eb nj\u00eb shp\u00ebrndarje m\u00eb t\u00eb mir\u00eb t\u00eb nxeht\u00ebsis\u00eb dhe ruajn\u00eb ekuilibrin e lag\u00ebshtis\u00eb s\u00eb flok\u00ebve.<\/p>\n","protected":false},"excerpt":{"rendered":"<p>Pershkrim i shkurter Spray i leht\u00eb dhe ultra i im\u00ebt q\u00eb krijon nj\u00eb mburoj\u00eb termike q\u00eb mbron flok\u00ebt nga nxeht\u00ebsia e thar\u00ebses, pjastr\u00ebs dhe mash\u00ebs. Formula siguron nj\u00eb p\u00ebrfundim t\u00eb shk\u00eblqyer. Parandalon humbjen e lag\u00ebshtis\u00eb dhe rrit shk\u00eblqimin. \u25cf Mbrojtje nga nxeht\u00ebsia deri n\u00eb 220 \u00b0 C | 428 \u00b0 F \u25cf Parandalon djegjen, keputjen dhe \u00e7arjen e majave \u25cf Formul\u00eb jo r\u00ebnduese Pershkrim i detajuar Spray p\u00ebr mbrojtje termike nga nxeht\u00ebsia e mjeteve t\u00eb stilimit (deri n\u00eb 220 \u00b0 C | 428 \u00b0 F). Ndihmon n\u00eb forcimin e flok\u00ebve dhe parandalon djegien p\u00ebr flok\u00ebt natyral\u00eb dhe t\u00eb lyer. Formula e pasuruar me Pro Vitamin B5 dhe Protein\u00ebn e M\u00ebndafshit ushqen, riparon dhe forcon flok\u00ebt. Spray p\u00ebr mbrojtje termike ka nj\u00eb efekt shkrift\u00ebzues dhe zbut\u00ebs t\u00eb flok\u00ebve q\u00eb siguron q\u00eb mjetet e stilimit t\u00eb rr\u00ebshqasin leht\u00ebsisht n\u00ebp\u00ebr flok\u00eb, duke rezultuar n\u00eb flok\u00eb t\u00eb but\u00eb me nj\u00eb shk\u00eblqim t\u00eb bukur. Si ta aplikoni Aplikojeni nga 20 centimetra larg\u00ebsi n\u00eb flok\u00eb t\u00eb lagur ose t\u00eb that\u00eb p\u00ebrpara se t\u00eb p\u00ebrdorni mjete stilimi dhe krihni flokun m\u00eb pas. Shmangni p\u00ebrdorimin e mjeteve styling q\u00eb ekspozojn\u00eb flok\u00ebt drejtp\u00ebrdrejt n\u00eb metal. Mjetet e stilimit me nj\u00eb shtres\u00eb qeramike ose titani, t\u00eb tilla si Professional Titanium&#8230;<\/p>\n","protected":false},"featured_media":22773,"template":"","meta":[],"product_cat":[93,102],"product_tag":[],"class_list":{"0":"post-22558","1":"product","2":"type-product","3":"status-publish","4":"has-post-thumbnail","6":"product_cat-haircare","7":"product_cat-view-all","9":"first","10":"instock","11":"shipping-taxable","12":"purchasable","13":"product-type-simple","14":"pofo-product-3col"},"_links":{"self":[{"href":"https:\/\/balmainhair.al\/index.php?rest_route=\/wp\/v2\/product\/22558","targetHints":{"allow":["GET"]}}],"collection":[{"href":"https:\/\/balmainhair.al\/index.php?rest_route=\/wp\/v2\/product"}],"about":[{"href":"https:\/\/balmainhair.al\/index.php?rest_route=\/wp\/v2\/types\/product"}],"wp:featuredmedia":[{"embeddable":true,"href":"https:\/\/balmainhair.al\/index.php?rest_route=\/wp\/v2\/media\/22773"}],"wp:attachment":[{"href":"https:\/\/balmainhair.al\/index.php?rest_route=%2Fwp%2Fv2%2Fmedia&parent=22558"}],"wp:term":[{"taxonomy":"product_cat","embeddable":true,"href":"https:\/\/balmainhair.al\/index.php?rest_route=%2Fwp%2Fv2%2Fproduct_cat&post=22558"},{"taxonomy":"product_tag","embeddable":true,"href":"https:\/\/balmainhair.al\/index.php?rest_route=%2Fwp%2Fv2%2Fproduct_tag&post=22558"}],"curies":[{"name":"wp","href":"https:\/\/api.w.org\/{rel}","templated":true}]}}