{"id":22557,"date":"2022-05-30T16:20:54","date_gmt":"2022-05-30T16:20:54","guid":{"rendered":"https:\/\/balmainhair.al\/?post_type=product&#038;p=22557"},"modified":"2026-01-14T22:16:37","modified_gmt":"2026-01-14T22:16:37","slug":"leave-in-conditioner","status":"publish","type":"product","link":"https:\/\/balmainhair.al\/?product=leave-in-conditioner","title":{"rendered":"Leave-In Conditioner"},"content":{"rendered":"<p>Pershkrim i shkurter Kondicioner i leht\u00eb dhe i q\u00ebndruesh\u00ebm. Shkrift\u00ebzon, ushqen flok\u00ebt dhe skalpin e kok\u00ebs dhe zbut kutikulat e flok\u00ebve. I jep gjat\u00ebsis\u00eb, shk\u00eblqim dhe kondicionim gjat\u00eb gjith\u00eb dit\u00ebs. Me filtra mbrojt\u00ebs UV.<\/p>\n<p>\u25cf Mbyll kutikulat e flok\u00ebve<\/p>\n<p>\u25cf Me filt\u00ebr UV p\u00ebr t\u00eb mbrojtur kund\u00ebr zbehjes s\u00eb ngjyrave<\/p>\n<p>\u25cf Efekt ushqyes<\/p>\n<p>Pershkrim i detajuar<\/p>\n<p>I mbushur me eliksir argan dhe protein\u00eb m\u00ebndafshi p\u00ebr t\u00eb ri-jet\u00ebsuar flok\u00ebt. Spray Leave in Conditioning i Balmain Paris Hair Couture ndihmon n\u00eb eliminimin e flok\u00ebve t\u00eb ngat\u00ebrruar, k\u00ebputjen dhe majat e thata. Projektuar p\u00ebr flok\u00ebt q\u00eb kan\u00eb nevoj\u00eb p\u00ebr kujdes shtes\u00eb pa humbur volumin. I l\u00eb flok\u00ebt t\u00eb riparuar dhe t\u00eb kondicionuar gjat\u00eb gjith\u00eb dit\u00ebs. Riparon kutikulat e flok\u00ebve dhe i mbron nga k\u00ebputja. Ky produkt \u00ebsht\u00eb e mbushur me arom\u00eb Balmain Hair Signature p\u00ebr t&#8217;i dh\u00ebn\u00eb flok\u00ebt nj\u00eb arom\u00eb freskuese.<\/p>\n<p>Si ta aplikoni<\/p>\n<p>Aplikojeni produktin n\u00eb flok\u00eb t\u00eb thar\u00eb ose t\u00eb tamponuar me peshqir. Mos e shp\u00eblani.<\/p>\n","protected":false},"excerpt":{"rendered":"<p>Pershkrim i shkurter Kondicioner i leht\u00eb dhe i q\u00ebndruesh\u00ebm. Shkrift\u00ebzon, ushqen flok\u00ebt dhe skalpin e kok\u00ebs dhe zbut kutikulat e flok\u00ebve. I jep gjat\u00ebsis\u00eb, shk\u00eblqim dhe kondicionim gjat\u00eb gjith\u00eb dit\u00ebs. Me filtra mbrojt\u00ebs UV. \u25cf Mbyll kutikulat e flok\u00ebve \u25cf Me filt\u00ebr UV p\u00ebr t\u00eb mbrojtur kund\u00ebr zbehjes s\u00eb ngjyrave \u25cf Efekt ushqyes Pershkrim i detajuar I mbushur me eliksir argan dhe protein\u00eb m\u00ebndafshi p\u00ebr t\u00eb ri-jet\u00ebsuar flok\u00ebt. Spray Leave in Conditioning i Balmain Paris Hair Couture ndihmon n\u00eb eliminimin e flok\u00ebve t\u00eb ngat\u00ebrruar, k\u00ebputjen dhe majat e thata. Projektuar p\u00ebr flok\u00ebt q\u00eb kan\u00eb nevoj\u00eb p\u00ebr kujdes shtes\u00eb pa humbur volumin. I l\u00eb flok\u00ebt t\u00eb riparuar dhe t\u00eb kondicionuar gjat\u00eb gjith\u00eb dit\u00ebs. Riparon kutikulat e flok\u00ebve dhe i mbron nga k\u00ebputja. Ky produkt \u00ebsht\u00eb e mbushur me arom\u00eb Balmain Hair Signature p\u00ebr t&#8217;i dh\u00ebn\u00eb flok\u00ebt nj\u00eb arom\u00eb freskuese. Si ta aplikoni Aplikojeni produktin n\u00eb flok\u00eb t\u00eb thar\u00eb ose t\u00eb tamponuar me peshqir. Mos e shp\u00eblani.<\/p>\n","protected":false},"featured_media":22777,"template":"","meta":[],"product_cat":[93,102],"product_tag":[],"class_list":{"0":"post-22557","1":"product","2":"type-product","3":"status-publish","4":"has-post-thumbnail","6":"product_cat-haircare","7":"product_cat-view-all","9":"first","10":"instock","11":"shipping-taxable","12":"purchasable","13":"product-type-simple","14":"pofo-product-3col"},"_links":{"self":[{"href":"https:\/\/balmainhair.al\/index.php?rest_route=\/wp\/v2\/product\/22557","targetHints":{"allow":["GET"]}}],"collection":[{"href":"https:\/\/balmainhair.al\/index.php?rest_route=\/wp\/v2\/product"}],"about":[{"href":"https:\/\/balmainhair.al\/index.php?rest_route=\/wp\/v2\/types\/product"}],"wp:featuredmedia":[{"embeddable":true,"href":"https:\/\/balmainhair.al\/index.php?rest_route=\/wp\/v2\/media\/22777"}],"wp:attachment":[{"href":"https:\/\/balmainhair.al\/index.php?rest_route=%2Fwp%2Fv2%2Fmedia&parent=22557"}],"wp:term":[{"taxonomy":"product_cat","embeddable":true,"href":"https:\/\/balmainhair.al\/index.php?rest_route=%2Fwp%2Fv2%2Fproduct_cat&post=22557"},{"taxonomy":"product_tag","embeddable":true,"href":"https:\/\/balmainhair.al\/index.php?rest_route=%2Fwp%2Fv2%2Fproduct_tag&post=22557"}],"curies":[{"name":"wp","href":"https:\/\/api.w.org\/{rel}","templated":true}]}}