{"id":22556,"date":"2022-05-30T16:20:45","date_gmt":"2022-05-30T16:20:45","guid":{"rendered":"https:\/\/balmainhair.al\/?post_type=product&#038;p=22556"},"modified":"2026-01-14T22:16:37","modified_gmt":"2026-01-14T22:16:37","slug":"argan-moisturizing-elixir","status":"publish","type":"product","link":"https:\/\/balmainhair.al\/?product=argan-moisturizing-elixir","title":{"rendered":"Argan Moisturizing Elixir"},"content":{"rendered":"<p>Pershkrim i shkurter Vaji i perqendruar organik i arganit i mbushur me nj\u00eb p\u00ebrzierje unike vajrash dhe mineralesh. Hidraton, ushqen dhe zbut flok\u00ebt. Vaji i flok\u00ebve rrit elasticitetin dhe shk\u00eblqimin natyral t\u00eb flok\u00ebve. Rigjall\u00ebron flok\u00ebt e that\u00eb, t\u00eb d\u00ebmtuar, majat e ndara dhe redukton k\u00ebputjen.<\/p>\n<p>\u25cf Ofron nj\u00eb shk\u00eblqim t\u00eb m\u00eb m\u00ebndafsht\u00eb<\/p>\n<p>\u25cf Hidraton<\/p>\n<p>\u25cf Qet\u00ebson flok\u00ebt e d\u00ebmtuar<\/p>\n<p>Pershkrim i detajuar<\/p>\n<p>Vaji i arganit, i marr\u00eb nga b\u00ebrthamat e pem\u00ebs s\u00eb Arganit maroken, \u00ebsht\u00eb nj\u00eb p\u00ebrb\u00ebr\u00ebs natyral kund\u00ebr plakjes q\u00eb riparon dhe mbron flok\u00ebt e d\u00ebmtuar nga faktor\u00ebt e jasht\u00ebm dhe krijon nj\u00eb shk\u00eblqim natyra. Balmain Argan Elixir \u00ebsht\u00eb jasht\u00ebzakonisht i pasur me vitamina (ve\u00e7an\u00ebrisht vitamin\u00eb E) dhe \u00ebsht\u00eb i pakrahasuesh\u00ebm nga \u00e7do produkt n\u00eb sigurimin e p\u00ebrzierjes s\u00eb tij unike t\u00eb vajrave natyral\u00eb, mineraleve dhe acideve yndyrore. Vaji i arganit lufton skuqjen. I pasuruar me p\u00ebrzierjen e njohur t\u00eb protein\u00ebs s\u00eb m\u00ebndafshit dhe eliksirit t\u00eb arganit mban arom\u00ebn ikon\u00eb t\u00eb firm\u00ebs Balmain.<\/p>\n<p>Si ta aplikoni: Aplikojeni n\u00eb floke t\u00eb that\u00eb ose t\u00eb njom\u00eb (t\u00eb tamponuar me peshqir)<\/p>\n","protected":false},"excerpt":{"rendered":"<p>Pershkrim i shkurter Vaji i perqendruar organik i arganit i mbushur me nj\u00eb p\u00ebrzierje unike vajrash dhe mineralesh. Hidraton, ushqen dhe zbut flok\u00ebt. Vaji i flok\u00ebve rrit elasticitetin dhe shk\u00eblqimin natyral t\u00eb flok\u00ebve. Rigjall\u00ebron flok\u00ebt e that\u00eb, t\u00eb d\u00ebmtuar, majat e ndara dhe redukton k\u00ebputjen. \u25cf Ofron nj\u00eb shk\u00eblqim t\u00eb m\u00eb m\u00ebndafsht\u00eb \u25cf Hidraton \u25cf Qet\u00ebson flok\u00ebt e d\u00ebmtuar Pershkrim i detajuar Vaji i arganit, i marr\u00eb nga b\u00ebrthamat e pem\u00ebs s\u00eb Arganit maroken, \u00ebsht\u00eb nj\u00eb p\u00ebrb\u00ebr\u00ebs natyral kund\u00ebr plakjes q\u00eb riparon dhe mbron flok\u00ebt e d\u00ebmtuar nga faktor\u00ebt e jasht\u00ebm dhe krijon nj\u00eb shk\u00eblqim natyra. Balmain Argan Elixir \u00ebsht\u00eb jasht\u00ebzakonisht i pasur me vitamina (ve\u00e7an\u00ebrisht vitamin\u00eb E) dhe \u00ebsht\u00eb i pakrahasuesh\u00ebm nga \u00e7do produkt n\u00eb sigurimin e p\u00ebrzierjes s\u00eb tij unike t\u00eb vajrave natyral\u00eb, mineraleve dhe acideve yndyrore. Vaji i arganit lufton skuqjen. I pasuruar me p\u00ebrzierjen e njohur t\u00eb protein\u00ebs s\u00eb m\u00ebndafshit dhe eliksirit t\u00eb arganit mban arom\u00ebn ikon\u00eb t\u00eb firm\u00ebs Balmain. Si ta aplikoni: Aplikojeni n\u00eb floke t\u00eb that\u00eb ose t\u00eb njom\u00eb (t\u00eb tamponuar me peshqir)<\/p>\n","protected":false},"featured_media":22778,"template":"","meta":[],"product_cat":[93,102],"product_tag":[],"class_list":{"0":"post-22556","1":"product","2":"type-product","3":"status-publish","4":"has-post-thumbnail","6":"product_cat-haircare","7":"product_cat-view-all","9":"first","10":"instock","11":"shipping-taxable","12":"purchasable","13":"product-type-simple","14":"pofo-product-3col"},"_links":{"self":[{"href":"https:\/\/balmainhair.al\/index.php?rest_route=\/wp\/v2\/product\/22556","targetHints":{"allow":["GET"]}}],"collection":[{"href":"https:\/\/balmainhair.al\/index.php?rest_route=\/wp\/v2\/product"}],"about":[{"href":"https:\/\/balmainhair.al\/index.php?rest_route=\/wp\/v2\/types\/product"}],"wp:featuredmedia":[{"embeddable":true,"href":"https:\/\/balmainhair.al\/index.php?rest_route=\/wp\/v2\/media\/22778"}],"wp:attachment":[{"href":"https:\/\/balmainhair.al\/index.php?rest_route=%2Fwp%2Fv2%2Fmedia&parent=22556"}],"wp:term":[{"taxonomy":"product_cat","embeddable":true,"href":"https:\/\/balmainhair.al\/index.php?rest_route=%2Fwp%2Fv2%2Fproduct_cat&post=22556"},{"taxonomy":"product_tag","embeddable":true,"href":"https:\/\/balmainhair.al\/index.php?rest_route=%2Fwp%2Fv2%2Fproduct_tag&post=22556"}],"curies":[{"name":"wp","href":"https:\/\/api.w.org\/{rel}","templated":true}]}}