{"id":22555,"date":"2022-05-30T16:20:37","date_gmt":"2022-05-30T16:20:37","guid":{"rendered":"https:\/\/balmainhair.al\/?post_type=product&#038;p=22555"},"modified":"2026-01-14T22:16:37","modified_gmt":"2026-01-14T22:16:37","slug":"balmain-homme-gift-set","status":"publish","type":"product","link":"https:\/\/balmainhair.al\/?product=balmain-homme-gift-set","title":{"rendered":"Balmain Homme Gift Set"},"content":{"rendered":"<p>Pershkrim i shkurter<\/p>\n<p>Nj\u00eb koleksion i produkteve t\u00eb kujdesit t\u00eb krijuar ekskluzivisht p\u00ebr meshkuj. I parfumuar me arom\u00ebn intensive orientale, drunore t\u00eb Balmain Homme q\u00eb kombinon freskin\u00eb gjall\u00ebruese t\u00eb limoni t\u00eb Bergamotit me aspektin drusor t\u00eb drurit t\u00eb sandalit t\u00eb that\u00eb. Kompleti p\u00ebrfshin nj\u00eb lar\u00ebs flok\u00ebsh dhe trupi, vaj p\u00ebr mjek\u00ebr, kreh\u00ebr t\u00eb vog\u00ebl transparent p\u00ebr mjek\u00ebr dhe skrab p\u00ebr scalpin e kok\u00ebs.<\/p>\n<p>Pershkrim i detajuar<\/p>\n<p>Hair &amp; Body Wash Nj\u00eb pjes\u00eb e paz\u00ebvend\u00ebsueshme e kujdesit modern t\u00eb zot\u00ebrinjve. Nj\u00eb formul\u00eb hidratuese 2-n\u00eb-1 q\u00eb pastron but\u00ebsisht flok\u00ebt dhe trupi n\u00eb nj\u00eb hap.<\/p>\n<p>VAJI I MJERK\u00cbS<\/p>\n<p>Nj\u00eb vaj ushqyes me arom\u00eb t\u00eb pasur p\u00ebr mjek\u00ebr p\u00ebr stilim dhe trajtim. Ofron nj\u00eb efekt hidratues n\u00eb l\u00ebkur\u00eb. E b\u00ebn te duket me e plot\u00eb dhe m\u00eb e sh\u00ebndetshme<\/p>\n<p>SKRUB I KOK\u00cbS Detoks p\u00ebr flok\u00ebt.<\/p>\n<p>Nj\u00eb trajtim luksoz i thell\u00eb pastrimi i pasuruar me kristale t\u00eb tretsh\u00ebm q\u00eb largon n\u00eb m\u00ebnyr\u00eb efektive akumulimin e produkteve t\u00eb stilizimit dhe yndyr\u00ebn e tep\u00ebrt.. Eleminon papast\u00ebrtit\u00eb dhe zbokthin. Stimulon qarkullimin e gjakut, si rrjedhoj\u00eb rritjen dhe dendesimin e tij.<\/p>\n<p>Si ta aplikoni Pastroni but\u00ebsisht flok\u00ebt me larjen e flok\u00ebve dhe trupit Balmain Homme. Aplikojeni n\u00eb flok\u00eb t\u00eb thar\u00eb me peshqir, masazhoni but\u00ebsisht dhe shp\u00eblajeni. P\u00ebrdorni scrub-in e kok\u00ebs p\u00ebr t\u00eb eksfoluar skalpin e kok\u00ebs.<\/p>\n<p>Ndani flok\u00ebt e lagur dhe masazhoni me l\u00ebvizje rrethore p\u00ebr t\u00eb eksfoluar skalpin dhe shp\u00eblajeni. P\u00ebrdorni vajin e mjekr\u00ebs s\u00eb bashku me kreh\u00ebrin transparent p\u00ebr t\u00eb stiluar dhe p\u00ebr t&#8217;i dh\u00ebn\u00eb nj\u00eb shk\u00eblqim natyral brardit tuaj. N\u00eb k\u00ebt\u00eb m\u00ebnyr\u00eb do t\u00eb duket m\u00eb e plot\u00eb dhe m\u00eb e sh\u00ebndetshme.<\/p>\n","protected":false},"excerpt":{"rendered":"<p>Pershkrim i shkurter Nj\u00eb koleksion i produkteve t\u00eb kujdesit t\u00eb krijuar ekskluzivisht p\u00ebr meshkuj. I parfumuar me arom\u00ebn intensive orientale, drunore t\u00eb Balmain Homme q\u00eb kombinon freskin\u00eb gjall\u00ebruese t\u00eb limoni t\u00eb Bergamotit me aspektin drusor t\u00eb drurit t\u00eb sandalit t\u00eb that\u00eb. Kompleti p\u00ebrfshin nj\u00eb lar\u00ebs flok\u00ebsh dhe trupi, vaj p\u00ebr mjek\u00ebr, kreh\u00ebr t\u00eb vog\u00ebl transparent p\u00ebr mjek\u00ebr dhe skrab p\u00ebr scalpin e kok\u00ebs. Pershkrim i detajuar Hair &amp; Body Wash Nj\u00eb pjes\u00eb e paz\u00ebvend\u00ebsueshme e kujdesit modern t\u00eb zot\u00ebrinjve. Nj\u00eb formul\u00eb hidratuese 2-n\u00eb-1 q\u00eb pastron but\u00ebsisht flok\u00ebt dhe trupi n\u00eb nj\u00eb hap. VAJI I MJERK\u00cbS Nj\u00eb vaj ushqyes me arom\u00eb t\u00eb pasur p\u00ebr mjek\u00ebr p\u00ebr stilim dhe trajtim. Ofron nj\u00eb efekt hidratues n\u00eb l\u00ebkur\u00eb. E b\u00ebn te duket me e plot\u00eb dhe m\u00eb e sh\u00ebndetshme SKRUB I KOK\u00cbS Detoks p\u00ebr flok\u00ebt. Nj\u00eb trajtim luksoz i thell\u00eb pastrimi i pasuruar me kristale t\u00eb tretsh\u00ebm q\u00eb largon n\u00eb m\u00ebnyr\u00eb efektive akumulimin e produkteve t\u00eb stilizimit dhe yndyr\u00ebn e tep\u00ebrt.. Eleminon papast\u00ebrtit\u00eb dhe zbokthin. Stimulon qarkullimin e gjakut, si rrjedhoj\u00eb rritjen dhe dendesimin e tij. Si ta aplikoni Pastroni but\u00ebsisht flok\u00ebt me larjen e flok\u00ebve dhe trupit Balmain Homme. Aplikojeni n\u00eb flok\u00eb t\u00eb thar\u00eb me peshqir, masazhoni but\u00ebsisht dhe shp\u00eblajeni. P\u00ebrdorni scrub-in e&#8230;<\/p>\n","protected":false},"featured_media":22790,"template":"","meta":[],"product_cat":[104,103,102],"product_tag":[105],"class_list":{"0":"post-22555","1":"product","2":"type-product","3":"status-publish","4":"has-post-thumbnail","6":"product_cat-gifts","7":"product_cat-men","8":"product_cat-view-all","9":"product_tag-carousel","11":"first","12":"outofstock","13":"shipping-taxable","14":"purchasable","15":"product-type-simple","16":"pofo-product-3col"},"_links":{"self":[{"href":"https:\/\/balmainhair.al\/index.php?rest_route=\/wp\/v2\/product\/22555","targetHints":{"allow":["GET"]}}],"collection":[{"href":"https:\/\/balmainhair.al\/index.php?rest_route=\/wp\/v2\/product"}],"about":[{"href":"https:\/\/balmainhair.al\/index.php?rest_route=\/wp\/v2\/types\/product"}],"wp:featuredmedia":[{"embeddable":true,"href":"https:\/\/balmainhair.al\/index.php?rest_route=\/wp\/v2\/media\/22790"}],"wp:attachment":[{"href":"https:\/\/balmainhair.al\/index.php?rest_route=%2Fwp%2Fv2%2Fmedia&parent=22555"}],"wp:term":[{"taxonomy":"product_cat","embeddable":true,"href":"https:\/\/balmainhair.al\/index.php?rest_route=%2Fwp%2Fv2%2Fproduct_cat&post=22555"},{"taxonomy":"product_tag","embeddable":true,"href":"https:\/\/balmainhair.al\/index.php?rest_route=%2Fwp%2Fv2%2Fproduct_tag&post=22555"}],"curies":[{"name":"wp","href":"https:\/\/api.w.org\/{rel}","templated":true}]}}