{"id":22554,"date":"2022-05-30T16:20:19","date_gmt":"2022-05-30T16:20:19","guid":{"rendered":"https:\/\/balmainhair.al\/?post_type=product&#038;p=22554"},"modified":"2026-01-14T22:16:37","modified_gmt":"2026-01-14T22:16:37","slug":"balmain-homme-hair-body-wash","status":"publish","type":"product","link":"https:\/\/balmainhair.al\/?product=balmain-homme-hair-body-wash","title":{"rendered":"Balmain Homme Hair <br> &#038; Body Wash"},"content":{"rendered":"<p>Pershkrim i shkurter<\/p>\n<p>Nj\u00eb formul\u00eb hidratuese 2-n\u00eb-1 q\u00eb pastron but\u00ebsisht flok\u00ebt dhe trupin n\u00eb nj\u00eb hap. I l\u00eb flok\u00ebt dhe l\u00ebkur\u00ebn t\u00ebr\u00ebsisht t\u00eb pastruar dhe t\u00eb hidratuar. B\u00ebn shkum\u00eb t\u00eb pasur dhe shp\u00eblahet leht\u00ebsisht pa l\u00ebn\u00eb mbetje. I parfumuar me arom\u00ebn intensive orientale, drunore t\u00eb Balmain Homme q\u00eb kombinon freskin\u00eb gjall\u00ebruese t\u00eb limoni t\u00eb Bergamotit me aspektin drusor t\u00eb drurit t\u00eb sandalit t\u00eb that\u00eb.<\/p>\n<p>\u25cf Formula 2 n\u00eb 1<\/p>\n<p>\u25cf Pastron but\u00ebsisht flok\u00ebt dhe trupin<\/p>\n<p>\u25cf I parfumuar me arom\u00ebn Balmain Homme<\/p>\n<p>Pershkrim i detajuar Balmain Homme: Nj\u00eb epok\u00eb e re n\u00eb nj\u00eb rutin\u00eb moderne t\u00eb kujdesit t\u00eb zot\u00ebrinjve. Nj\u00eb koleksion luksoz i nivelit t\u00eb lart\u00eb t\u00eb produkteve t\u00eb kujdesit t\u00eb krijuar ekskluzivisht p\u00ebr burra. I parfumuar me arom\u00ebn intensive orientale, drunore t\u00eb Balmain Homme q\u00eb kombinon freskin\u00eb gjall\u00ebruese t\u00eb limoni t\u00eb Bergamotit me aspektin drusor t\u00eb drurit t\u00eb sandalit t\u00eb that\u00eb. Si ta aplikoni Aplikojeni n\u00eb flok\u00eb dhe\/ose l\u00ebkur\u00eb t\u00eb lagur. Masazhojeni but\u00ebsisht dhe shp\u00eblajeni.<\/p>\n","protected":false},"excerpt":{"rendered":"<p>Pershkrim i shkurter Nj\u00eb formul\u00eb hidratuese 2-n\u00eb-1 q\u00eb pastron but\u00ebsisht flok\u00ebt dhe trupin n\u00eb nj\u00eb hap. I l\u00eb flok\u00ebt dhe l\u00ebkur\u00ebn t\u00ebr\u00ebsisht t\u00eb pastruar dhe t\u00eb hidratuar. B\u00ebn shkum\u00eb t\u00eb pasur dhe shp\u00eblahet leht\u00ebsisht pa l\u00ebn\u00eb mbetje. I parfumuar me arom\u00ebn intensive orientale, drunore t\u00eb Balmain Homme q\u00eb kombinon freskin\u00eb gjall\u00ebruese t\u00eb limoni t\u00eb Bergamotit me aspektin drusor t\u00eb drurit t\u00eb sandalit t\u00eb that\u00eb. \u25cf Formula 2 n\u00eb 1 \u25cf Pastron but\u00ebsisht flok\u00ebt dhe trupin \u25cf I parfumuar me arom\u00ebn Balmain Homme Pershkrim i detajuar Balmain Homme: Nj\u00eb epok\u00eb e re n\u00eb nj\u00eb rutin\u00eb moderne t\u00eb kujdesit t\u00eb zot\u00ebrinjve. Nj\u00eb koleksion luksoz i nivelit t\u00eb lart\u00eb t\u00eb produkteve t\u00eb kujdesit t\u00eb krijuar ekskluzivisht p\u00ebr burra. I parfumuar me arom\u00ebn intensive orientale, drunore t\u00eb Balmain Homme q\u00eb kombinon freskin\u00eb gjall\u00ebruese t\u00eb limoni t\u00eb Bergamotit me aspektin drusor t\u00eb drurit t\u00eb sandalit t\u00eb that\u00eb. Si ta aplikoni Aplikojeni n\u00eb flok\u00eb dhe\/ose l\u00ebkur\u00eb t\u00eb lagur. Masazhojeni but\u00ebsisht dhe shp\u00eblajeni.<\/p>\n","protected":false},"featured_media":22780,"template":"","meta":[],"product_cat":[93,103,102],"product_tag":[],"class_list":{"0":"post-22554","1":"product","2":"type-product","3":"status-publish","4":"has-post-thumbnail","6":"product_cat-haircare","7":"product_cat-men","8":"product_cat-view-all","10":"first","11":"instock","12":"shipping-taxable","13":"purchasable","14":"product-type-simple","15":"pofo-product-3col"},"_links":{"self":[{"href":"https:\/\/balmainhair.al\/index.php?rest_route=\/wp\/v2\/product\/22554","targetHints":{"allow":["GET"]}}],"collection":[{"href":"https:\/\/balmainhair.al\/index.php?rest_route=\/wp\/v2\/product"}],"about":[{"href":"https:\/\/balmainhair.al\/index.php?rest_route=\/wp\/v2\/types\/product"}],"wp:featuredmedia":[{"embeddable":true,"href":"https:\/\/balmainhair.al\/index.php?rest_route=\/wp\/v2\/media\/22780"}],"wp:attachment":[{"href":"https:\/\/balmainhair.al\/index.php?rest_route=%2Fwp%2Fv2%2Fmedia&parent=22554"}],"wp:term":[{"taxonomy":"product_cat","embeddable":true,"href":"https:\/\/balmainhair.al\/index.php?rest_route=%2Fwp%2Fv2%2Fproduct_cat&post=22554"},{"taxonomy":"product_tag","embeddable":true,"href":"https:\/\/balmainhair.al\/index.php?rest_route=%2Fwp%2Fv2%2Fproduct_tag&post=22554"}],"curies":[{"name":"wp","href":"https:\/\/api.w.org\/{rel}","templated":true}]}}