{"id":22553,"date":"2022-05-30T16:19:38","date_gmt":"2022-05-30T16:19:38","guid":{"rendered":"https:\/\/balmainhair.al\/?post_type=product&#038;p=22553"},"modified":"2026-01-14T22:16:37","modified_gmt":"2026-01-14T22:16:37","slug":"balmain-homme-hair-parfume-2","status":"publish","type":"product","link":"https:\/\/balmainhair.al\/?product=balmain-homme-hair-parfume-2","title":{"rendered":"Homme Hair Parfume"},"content":{"rendered":"<p>Pershkrim i shkurter Nj\u00eb parfum flok\u00ebsh me aroma t\u00eb pasura, intensive, orientale, drunore q\u00eb kombinon freskin\u00eb gjall\u00ebruese t\u00eb limoni t\u00eb Bergamotit me aspektin drusor t\u00eb drurit t\u00eb sandalit t\u00eb that\u00eb.<\/p>\n<p>\u25cf Signature Balmain Homme Parfum &#8211; p\u00ebr m\u00ebshkuj<\/p>\n<p>\u25cf I mbushur me proteina m\u00ebndafshi dhe eliksir argan<\/p>\n<p>\u25cf 100ml e p\u00ebrshtatshme p\u00ebr udhetim<\/p>\n<p>Pershkrim i detajuar:<\/p>\n<p>Nota e sip\u00ebrme: Bergamot, Grejpfrut, Mandarin\u00eb Nota e mesme: Olibanum, Piper i Zi, Livando Nota baz\u00eb: Patchouli, Vetiver, Amber, Sandalwood Si ta aplikoni: Sp\u00ebrkateni parfumin leht\u00eb n\u00eb flok\u00eb me nj\u00eb distanc\u00eb prej 25-30 cm duke shmangur rr\u00ebnj\u00ebt. P\u00ebr t\u00eb parandaluar yndyrosjen e flok\u00ebve, mos e teproni me produktin.<\/p>\n","protected":false},"excerpt":{"rendered":"<p>Pershkrim i shkurter Nj\u00eb parfum flok\u00ebsh me aroma t\u00eb pasura, intensive, orientale, drunore q\u00eb kombinon freskin\u00eb gjall\u00ebruese t\u00eb limoni t\u00eb Bergamotit me aspektin drusor t\u00eb drurit t\u00eb sandalit t\u00eb that\u00eb. \u25cf Signature Balmain Homme Parfum &#8211; p\u00ebr m\u00ebshkuj \u25cf I mbushur me proteina m\u00ebndafshi dhe eliksir argan \u25cf 100ml e p\u00ebrshtatshme p\u00ebr udhetim Pershkrim i detajuar: Nota e sip\u00ebrme: Bergamot, Grejpfrut, Mandarin\u00eb Nota e mesme: Olibanum, Piper i Zi, Livando Nota baz\u00eb: Patchouli, Vetiver, Amber, Sandalwood Si ta aplikoni: Sp\u00ebrkateni parfumin leht\u00eb n\u00eb flok\u00eb me nj\u00eb distanc\u00eb prej 25-30 cm duke shmangur rr\u00ebnj\u00ebt. P\u00ebr t\u00eb parandaluar yndyrosjen e flok\u00ebve, mos e teproni me produktin.<\/p>\n","protected":false},"featured_media":22789,"template":"","meta":[],"product_cat":[93,102],"product_tag":[],"class_list":{"0":"post-22553","1":"product","2":"type-product","3":"status-publish","4":"has-post-thumbnail","6":"product_cat-haircare","7":"product_cat-view-all","9":"first","10":"instock","11":"shipping-taxable","12":"purchasable","13":"product-type-simple","14":"pofo-product-3col"},"_links":{"self":[{"href":"https:\/\/balmainhair.al\/index.php?rest_route=\/wp\/v2\/product\/22553","targetHints":{"allow":["GET"]}}],"collection":[{"href":"https:\/\/balmainhair.al\/index.php?rest_route=\/wp\/v2\/product"}],"about":[{"href":"https:\/\/balmainhair.al\/index.php?rest_route=\/wp\/v2\/types\/product"}],"wp:featuredmedia":[{"embeddable":true,"href":"https:\/\/balmainhair.al\/index.php?rest_route=\/wp\/v2\/media\/22789"}],"wp:attachment":[{"href":"https:\/\/balmainhair.al\/index.php?rest_route=%2Fwp%2Fv2%2Fmedia&parent=22553"}],"wp:term":[{"taxonomy":"product_cat","embeddable":true,"href":"https:\/\/balmainhair.al\/index.php?rest_route=%2Fwp%2Fv2%2Fproduct_cat&post=22553"},{"taxonomy":"product_tag","embeddable":true,"href":"https:\/\/balmainhair.al\/index.php?rest_route=%2Fwp%2Fv2%2Fproduct_tag&post=22553"}],"curies":[{"name":"wp","href":"https:\/\/api.w.org\/{rel}","templated":true}]}}