{"id":22551,"date":"2022-05-30T16:19:19","date_gmt":"2022-05-30T16:19:19","guid":{"rendered":"https:\/\/balmainhair.al\/?post_type=product&#038;p=22551"},"modified":"2026-01-14T22:16:37","modified_gmt":"2026-01-14T22:16:37","slug":"hair-parfume","status":"publish","type":"product","link":"https:\/\/balmainhair.al\/?product=hair-parfume","title":{"rendered":"Hair Perfume"},"content":{"rendered":"<p>Pershkrim i shkurter: Parfumi i flok\u00ebve p\u00ebrmban nj\u00eb arom\u00eb t\u00eb rafinuar dhe luksoze q\u00eb fuqizon shqisat dhe jep nj\u00eb ndjenj\u00eb t\u00eb fresk\u00ebt dhe harmonike. Parfumi ka t\u00eb injektuar Proteina e M\u00ebndafshit dhe Argan Elixir n\u00eb m\u00ebnyr\u00eb q\u00eb t\u00eb ushqej, riparoj dhe mbroj flok\u00ebt.<\/p>\n<p>\u25cf Signature Balmain Parfum<\/p>\n<p>\u25cf Kapak i stampuar<\/p>\n<p>\u25cf 100ml e p\u00ebrshtatshme p\u00ebr udhetim<\/p>\n<p>Pershkrim i detajuar<\/p>\n<p>Hair Mist krijon nj\u00eb vello t\u00eb leht\u00eb, t\u00eb padukshme dhe siguron mbulim t\u00eb p\u00ebrsosur me \u00e7do sp\u00ebrkatje. Parfumi i flok\u00ebve sjell menj\u00ebher\u00eb nj\u00eb arom\u00eb unike n\u00eb flok\u00eb. P\u00ebrzierja speciale e notave kryesore siguron nj\u00eb ndjesi superiore dhe zbut flok\u00ebt q\u00eb fluturojn\u00eb. Ky parfum flok\u00ebsh \u00ebsht\u00eb i pasuruar me Argan Elixir dhe Protein\u00ebn e M\u00ebndafshit, t\u00eb cilat hidratojn\u00eb dhe ushqejn\u00eb flok\u00ebt e dehidratuar. T\u00eb gjitha notat e tij shpalosen me kalimin e koh\u00ebs. Ai p\u00ebrmban aroma t\u00eb anise, tarragonit, drurit t\u00eb pish\u00ebs, luleve t\u00eb pjeshk\u00ebs, mjedr\u00ebs, gardianis\u00eb, luleve t\u00eb portokallit, karafilit, jaseminit, tr\u00ebndafilit, ylang-ylang, kajsis\u00eb, qelibarit t\u00eb jargavanit, vaniljes, drurit t\u00eb sandalit, drurit t\u00eb kedrit, balsamikut dhe myshkut t\u00eb bardh\u00eb.<\/p>\n<p>Si ta aplikoni:<\/p>\n<p>Hiqni kapakun magnetik nga shishja dhe sp\u00ebrkatni Parfumin e Flok\u00ebve n\u00eb nj\u00eb fur\u00e7\u00eb ose direkt n\u00eb flok\u00eb p\u00ebr ti shtuar atyre nj\u00eb arom\u00eb delikate.<\/p>\n","protected":false},"excerpt":{"rendered":"<p>Pershkrim i shkurter: Parfumi i flok\u00ebve p\u00ebrmban nj\u00eb arom\u00eb t\u00eb rafinuar dhe luksoze q\u00eb fuqizon shqisat dhe jep nj\u00eb ndjenj\u00eb t\u00eb fresk\u00ebt dhe harmonike. Parfumi ka t\u00eb injektuar Proteina e M\u00ebndafshit dhe Argan Elixir n\u00eb m\u00ebnyr\u00eb q\u00eb t\u00eb ushqej, riparoj dhe mbroj flok\u00ebt. \u25cf Signature Balmain Parfum \u25cf Kapak i stampuar \u25cf 100ml e p\u00ebrshtatshme p\u00ebr udhetim Pershkrim i detajuar Hair Mist krijon nj\u00eb vello t\u00eb leht\u00eb, t\u00eb padukshme dhe siguron mbulim t\u00eb p\u00ebrsosur me \u00e7do sp\u00ebrkatje. Parfumi i flok\u00ebve sjell menj\u00ebher\u00eb nj\u00eb arom\u00eb unike n\u00eb flok\u00eb. P\u00ebrzierja speciale e notave kryesore siguron nj\u00eb ndjesi superiore dhe zbut flok\u00ebt q\u00eb fluturojn\u00eb. Ky parfum flok\u00ebsh \u00ebsht\u00eb i pasuruar me Argan Elixir dhe Protein\u00ebn e M\u00ebndafshit, t\u00eb cilat hidratojn\u00eb dhe ushqejn\u00eb flok\u00ebt e dehidratuar. T\u00eb gjitha notat e tij shpalosen me kalimin e koh\u00ebs. Ai p\u00ebrmban aroma t\u00eb anise, tarragonit, drurit t\u00eb pish\u00ebs, luleve t\u00eb pjeshk\u00ebs, mjedr\u00ebs, gardianis\u00eb, luleve t\u00eb portokallit, karafilit, jaseminit, tr\u00ebndafilit, ylang-ylang, kajsis\u00eb, qelibarit t\u00eb jargavanit, vaniljes, drurit t\u00eb sandalit, drurit t\u00eb kedrit, balsamikut dhe myshkut t\u00eb bardh\u00eb. Si ta aplikoni: Hiqni kapakun magnetik nga shishja dhe sp\u00ebrkatni Parfumin e Flok\u00ebve n\u00eb nj\u00eb fur\u00e7\u00eb ose direkt n\u00eb flok\u00eb p\u00ebr ti shtuar atyre nj\u00eb arom\u00eb delikate.<\/p>\n","protected":false},"featured_media":22800,"template":"","meta":[],"product_cat":[93,102],"product_tag":[],"class_list":{"0":"post-22551","1":"product","2":"type-product","3":"status-publish","4":"has-post-thumbnail","6":"product_cat-haircare","7":"product_cat-view-all","9":"first","10":"instock","11":"shipping-taxable","12":"purchasable","13":"product-type-simple","14":"pofo-product-3col"},"_links":{"self":[{"href":"https:\/\/balmainhair.al\/index.php?rest_route=\/wp\/v2\/product\/22551","targetHints":{"allow":["GET"]}}],"collection":[{"href":"https:\/\/balmainhair.al\/index.php?rest_route=\/wp\/v2\/product"}],"about":[{"href":"https:\/\/balmainhair.al\/index.php?rest_route=\/wp\/v2\/types\/product"}],"wp:featuredmedia":[{"embeddable":true,"href":"https:\/\/balmainhair.al\/index.php?rest_route=\/wp\/v2\/media\/22800"}],"wp:attachment":[{"href":"https:\/\/balmainhair.al\/index.php?rest_route=%2Fwp%2Fv2%2Fmedia&parent=22551"}],"wp:term":[{"taxonomy":"product_cat","embeddable":true,"href":"https:\/\/balmainhair.al\/index.php?rest_route=%2Fwp%2Fv2%2Fproduct_cat&post=22551"},{"taxonomy":"product_tag","embeddable":true,"href":"https:\/\/balmainhair.al\/index.php?rest_route=%2Fwp%2Fv2%2Fproduct_tag&post=22551"}],"curies":[{"name":"wp","href":"https:\/\/api.w.org\/{rel}","templated":true}]}}