{"id":22550,"date":"2022-05-30T16:17:27","date_gmt":"2022-05-30T16:17:27","guid":{"rendered":"https:\/\/balmainhair.al\/?post_type=product&#038;p=22550"},"modified":"2026-01-14T22:16:37","modified_gmt":"2026-01-14T22:16:37","slug":"5-weeks-enriching-hair-treatment","status":"publish","type":"product","link":"https:\/\/balmainhair.al\/?product=5-weeks-enriching-hair-treatment","title":{"rendered":"5 Weeks Enriching <br> Hair Treatment"},"content":{"rendered":"<p>Pershkrim i shkurter Ky locion i but\u00eb, i leht\u00eb dhe i gjithansh\u00ebm ndihmon n\u00eb rigjall\u00ebrimin dhe ristrukturimin e flok\u00ebve n\u00eb m\u00ebnyr\u00eb q\u00eb t\u00eb ken\u00eb nj\u00eb pamje me rinore, rrezatuese dhe t\u00eb sh\u00ebndetshme. Mbyll kutikulat e flok\u00ebve, i jep trup dhe elasticitet duke rind\u00ebrtuar fibr\u00ebn e flok\u00ebve. Trajtimi 5 Javor i flok\u00ebve \u00ebsht\u00eb projektuar si sh\u00ebrbim i plot\u00eb. T\u00eb 5 tubat jan\u00eb projektuar p\u00ebr nj\u00eb p\u00ebrdorim t\u00eb vet\u00ebm. I p\u00ebrshtatsh\u00ebm p\u00ebr flok\u00eb thell\u00ebsisht t\u00eb d\u00ebmtuar ose t\u00eb dekoloruar.<\/p>\n<p>\u25cf Proteina m\u00ebndafshi p\u00ebr hidratim optimal<\/p>\n<p>\u25cf Rigjenerim dhe rigjall\u00ebrim brenda 5 jav\u00ebsh<\/p>\n<p>\u25cf Rind\u00ebrton fibr\u00ebn e flok\u00ebve<\/p>\n<p>Pershkrim i detajuar:<\/p>\n<p>Trajtimi i kujdesit t\u00eb flok\u00ebve p\u00ebr rigjenerim dhe rigjall\u00ebrim brenda 5 jav\u00ebsh. Dy p\u00ebrb\u00ebr\u00ebsit aktiv\u00eb n\u00eb formul\u00ebn Balmain: Proteina e M\u00ebndafshit dhe Acidi Succinic mbyllin kutikulat e flok\u00ebve, japin trup dhe elasticitet nd\u00ebrsa rind\u00ebrtojn\u00eb fibr\u00ebn e flok\u00ebve p\u00ebr flok\u00eb t\u00eb sh\u00ebndetsh\u00ebm me shk\u00eblqim. Proteina e M\u00ebndafshit \u00ebsht\u00eb nj\u00eb p\u00ebrb\u00ebr\u00ebs aktiv q\u00eb siguron hidratim optimal brenda flok\u00ebve. Shkenc\u00ebrisht, Proteina e M\u00ebndafshit dhe proteinat natyrale t\u00eb flok\u00ebve jan\u00eb pothuajse identike. Proteina e m\u00ebndafshit p\u00ebrmban 17 nga 19 aminoacide t\u00eb flok\u00ebve natyral\u00eb. P\u00ebrb\u00ebr\u00ebsi rind\u00ebrton zinxhir\u00ebt e d\u00ebmtuar t\u00eb proteinave brenda flok\u00ebve n\u00eb m\u00ebnyr\u00ebn m\u00eb natyrale. Rezulton n\u00eb flok\u00eb t\u00eb but\u00eb, t\u00eb forcuar dhe t\u00eb rigjall\u00ebruar. P\u00ebr t\u00eb p\u00ebrforcuar fuqin\u00eb e m\u00ebndafshit, formula \u00ebsht\u00eb pasuruar me Acid Succinic. Acidi succinic \u00ebsht\u00eb nj\u00eb p\u00ebrb\u00ebr\u00ebs natyral q\u00eb rrjedh nga gur\u00ebt e qelibarit q\u00eb dep\u00ebrton thell\u00eb n\u00eb flok\u00eb. Ndihmon n\u00eb shp\u00ebrndarjen e protein\u00ebs s\u00eb m\u00ebndafshit dhe krijon nj\u00eb shtres\u00eb mbrojt\u00ebse rreth \u00e7do zinxhiri proteinik individual. Kombinimi i k\u00ebtyre dy p\u00ebrb\u00ebr\u00ebsve efektiv\u00eb dhe aktiv\u00eb krijon nj\u00eb rind\u00ebrtim afatgjat\u00eb t\u00eb flok\u00ebve.<\/p>\n<p>Si ta aplikoni:<\/p>\n<p>\u00c7do tubet \u00ebsht\u00eb nj\u00eb aplikim i vet\u00ebm i trajtimit. P\u00ebrdorni nj\u00eb tubet n\u00eb jav\u00eb n\u00eb vend t\u00eb kondicionerit t\u00eb zakonsh\u00ebm p\u00ebr 5 jav\u00eb rresht. Aplikojeni me boll\u00ebk pas larjes me shampo n\u00eb flok\u00eb nga rr\u00ebnja n\u00eb fund. L\u00ebreni p\u00ebr 10-15 minuta dhe shp\u00eblajeni.<\/p>\n","protected":false},"excerpt":{"rendered":"<p>Pershkrim i shkurter Ky locion i but\u00eb, i leht\u00eb dhe i gjithansh\u00ebm ndihmon n\u00eb rigjall\u00ebrimin dhe ristrukturimin e flok\u00ebve n\u00eb m\u00ebnyr\u00eb q\u00eb t\u00eb ken\u00eb nj\u00eb pamje me rinore, rrezatuese dhe t\u00eb sh\u00ebndetshme. Mbyll kutikulat e flok\u00ebve, i jep trup dhe elasticitet duke rind\u00ebrtuar fibr\u00ebn e flok\u00ebve. Trajtimi 5 Javor i flok\u00ebve \u00ebsht\u00eb projektuar si sh\u00ebrbim i plot\u00eb. T\u00eb 5 tubat jan\u00eb projektuar p\u00ebr nj\u00eb p\u00ebrdorim t\u00eb vet\u00ebm. I p\u00ebrshtatsh\u00ebm p\u00ebr flok\u00eb thell\u00ebsisht t\u00eb d\u00ebmtuar ose t\u00eb dekoloruar. \u25cf Proteina m\u00ebndafshi p\u00ebr hidratim optimal \u25cf Rigjenerim dhe rigjall\u00ebrim brenda 5 jav\u00ebsh \u25cf Rind\u00ebrton fibr\u00ebn e flok\u00ebve Pershkrim i detajuar: Trajtimi i kujdesit t\u00eb flok\u00ebve p\u00ebr rigjenerim dhe rigjall\u00ebrim brenda 5 jav\u00ebsh. Dy p\u00ebrb\u00ebr\u00ebsit aktiv\u00eb n\u00eb formul\u00ebn Balmain: Proteina e M\u00ebndafshit dhe Acidi Succinic mbyllin kutikulat e flok\u00ebve, japin trup dhe elasticitet nd\u00ebrsa rind\u00ebrtojn\u00eb fibr\u00ebn e flok\u00ebve p\u00ebr flok\u00eb t\u00eb sh\u00ebndetsh\u00ebm me shk\u00eblqim. Proteina e M\u00ebndafshit \u00ebsht\u00eb nj\u00eb p\u00ebrb\u00ebr\u00ebs aktiv q\u00eb siguron hidratim optimal brenda flok\u00ebve. Shkenc\u00ebrisht, Proteina e M\u00ebndafshit dhe proteinat natyrale t\u00eb flok\u00ebve jan\u00eb pothuajse identike. Proteina e m\u00ebndafshit p\u00ebrmban 17 nga 19 aminoacide t\u00eb flok\u00ebve natyral\u00eb. P\u00ebrb\u00ebr\u00ebsi rind\u00ebrton zinxhir\u00ebt e d\u00ebmtuar t\u00eb proteinave brenda flok\u00ebve n\u00eb m\u00ebnyr\u00ebn m\u00eb natyrale. Rezulton n\u00eb flok\u00eb t\u00eb but\u00eb, t\u00eb forcuar dhe t\u00eb rigjall\u00ebruar&#8230;.<\/p>\n","protected":false},"featured_media":22802,"template":"","meta":[],"product_cat":[93,102],"product_tag":[],"class_list":{"0":"post-22550","1":"product","2":"type-product","3":"status-publish","4":"has-post-thumbnail","6":"product_cat-haircare","7":"product_cat-view-all","9":"first","10":"instock","11":"shipping-taxable","12":"purchasable","13":"product-type-simple","14":"pofo-product-3col"},"_links":{"self":[{"href":"https:\/\/balmainhair.al\/index.php?rest_route=\/wp\/v2\/product\/22550","targetHints":{"allow":["GET"]}}],"collection":[{"href":"https:\/\/balmainhair.al\/index.php?rest_route=\/wp\/v2\/product"}],"about":[{"href":"https:\/\/balmainhair.al\/index.php?rest_route=\/wp\/v2\/types\/product"}],"wp:featuredmedia":[{"embeddable":true,"href":"https:\/\/balmainhair.al\/index.php?rest_route=\/wp\/v2\/media\/22802"}],"wp:attachment":[{"href":"https:\/\/balmainhair.al\/index.php?rest_route=%2Fwp%2Fv2%2Fmedia&parent=22550"}],"wp:term":[{"taxonomy":"product_cat","embeddable":true,"href":"https:\/\/balmainhair.al\/index.php?rest_route=%2Fwp%2Fv2%2Fproduct_cat&post=22550"},{"taxonomy":"product_tag","embeddable":true,"href":"https:\/\/balmainhair.al\/index.php?rest_route=%2Fwp%2Fv2%2Fproduct_tag&post=22550"}],"curies":[{"name":"wp","href":"https:\/\/api.w.org\/{rel}","templated":true}]}}