{"id":22549,"date":"2022-05-30T16:17:10","date_gmt":"2022-05-30T16:17:10","guid":{"rendered":"https:\/\/balmainhair.al\/?post_type=product&#038;p=22549"},"modified":"2026-01-14T22:16:37","modified_gmt":"2026-01-14T22:16:37","slug":"overnight-repair-serum","status":"publish","type":"product","link":"https:\/\/balmainhair.al\/?product=overnight-repair-serum","title":{"rendered":"Overnight Repair <br>Serum"},"content":{"rendered":"<p>Pershkrim i detajuar Serumi Riparues i nat\u00ebs i Balmain Hair Couture p\u00ebrmir\u00ebson cil\u00ebsin\u00eb e flokut dhe i zbut ato. P\u00ebrzierja e vajrave dhe ekstrakteve natyrale dep\u00ebrton thell\u00eb n\u00eb flok\u00eb p\u00ebr t\u00eb nxitur dhe rigjeneruar flok\u00ebt nga brenda. P\u00ebrdoreni si nj\u00eb trajtim t\u00eb p\u00ebrhersh\u00ebm p\u00ebr rezultate p\u00ebrfundimtare. P\u00ebrmban vaj t\u00eb b\u00ebrtham\u00ebs Argania Spinosa, i cili shton shk\u00eblqim, but\u00ebsi dhe mbron flok\u00ebt e d\u00ebmtuar. Rinovon flok\u00ebt e lyer dhe t\u00eb that\u00eb. P\u00ebrmban mbrojtje termike dhe UV p\u00ebr t\u00eb ruajtur flok\u00ebt dhe ngjyr\u00ebn e flok\u00ebve. Vitaminat jan\u00eb thelb\u00ebsore dhe t\u00eb detyrueshme n\u00eb kujdesin e flok\u00ebve. Serumi Balmain Overnight Repair p\u00ebrmban vitamin\u00eb B (Vaj i Far\u00ebs Salvia Hispanica \u2013 i njohur gjithashtu si vaji i far\u00ebs Chia) dhe vitamin\u00eb E (tokoferol). P\u00ebrzierja e vajit t\u00eb far\u00ebs Helianthus Annuus, vajit Cocos Nucifera, Ekstrakut t\u00eb Far\u00ebs Chenopodium Quinoa dhe Ekstraktit t\u00eb Luleve Gardenia Tahitensis shtohet p\u00ebr t\u00eb zbutur, riparuar dhe kondicionuar flok\u00ebt. Vaji i far\u00ebs Macadamia Ternifolia i shtohet formul\u00ebs p\u00ebr perthithje m\u00eb t\u00eb leht\u00eb t\u00eb gjith\u00eb k\u00ebtyre elementeve, duke eleminuar ndjesin\u00eb oily. Antioksidant\u00ebt (vaji i soj\u00ebs s\u00eb glicin\u00ebs dhe ekstrakti i gjetheve Rosmarinus Officinalis) ndihmojn\u00eb n\u00eb luftimin e plakjes s\u00eb parakohshme t\u00eb flok\u00ebve. Parandalon r\u00ebnien e flok\u00ebve dhe siguron rritjen e tyre.<\/p>\n<p>Produkti ka disa menyra aplikimi:<\/p>\n<p>1) Trajtim gjat\u00eb nat\u00ebs -P\u00ebr flok\u00eb t\u00eb but\u00eb dhe me shk\u00eblqim P\u00ebrdoreni si nj\u00eb trajtim intensiv gjat\u00eb nat\u00ebs p\u00ebr flok\u00eb t\u00eb but\u00eb dhe me shk\u00eblqim dit\u00ebn tjet\u00ebr. Aplikoni 2-3 pika (n\u00eb var\u00ebsi t\u00eb gjat\u00ebsis\u00eb dhe trash\u00ebsis\u00eb s\u00eb flok\u00ebve) n\u00eb p\u00ebll\u00ebmb\u00ebn e dor\u00ebs, f\u00ebrkoni duart dhe aplikojeni but\u00ebsisht p\u00ebrmes flok\u00ebve njom\u00eb ose t\u00eb that\u00eb. Nj\u00eb trajtim javor do t\u00eb rezultoj\u00eb n\u00eb flok\u00eb thell\u00ebsisht t\u00eb kondicionuar, me shk\u00eblqim dhe m\u00eb t\u00eb fort\u00eb. Mbroni jast\u00ebkun tuaj me nj\u00eb peshqir gjat\u00eb nat\u00ebs. Shp\u00eblajeni mir\u00eb t\u00eb nes\u00ebrmen n\u00eb m\u00ebngjes dhe lani flok\u00ebt si zakonisht.<\/p>\n<p>2) Trajtim para Styling &#8211; Mbron flok\u00ebt P\u00ebrdoreni para rutin\u00ebs suaj t\u00eb stilimit p\u00ebr t\u00eb ushqyer dhe mbrojtur flok\u00ebt tuaj nga d\u00ebmtimet e jashtme. Aplikoni 2-3 pika (n\u00eb var\u00ebsi t\u00eb gjat\u00ebsis\u00eb dhe trash\u00ebsis\u00eb s\u00eb flok\u00ebve tuaj) n\u00eb flok\u00eb t\u00eb past\u00ebr dhe t\u00eb that\u00eb. Serumi Intensiv i flok\u00ebve do t&#8217;i shkrif\u00ebzoj flok\u00ebt dhe do t&#8217;i b\u00ebj\u00eb m\u00eb t\u00eb menaxhuesh\u00ebm p\u00ebr t&#8217;u stiluar. Sigurohuni q\u00eb t&#8217;i lini flok\u00ebt t\u00eb thithin serumin intensiv t\u00eb flok\u00ebve p\u00ebrpara se t\u00eb stiloni flok\u00ebt me mjete stilimi t\u00eb ngrohura p\u00ebr t\u00eb parandaluar d\u00ebmtimin e flok\u00ebve.<\/p>\n<p>3) Trajtim me mask\u00eb &#8211; P\u00ebr flok\u00eb m\u00eb t\u00eb fort\u00eb dhe m\u00eb t\u00eb sh\u00ebndetsh\u00ebm Shtoni serumin n\u00eb Mask\u00ebn Ripair ose Rivitalizing p\u00ebr nj\u00eb efekt edhe m\u00eb ushqyes dhe riparues. Pas larjes me shampo, aplikoni 2-3 pika n\u00eb mask\u00ebn tuaj t\u00eb preferuar t\u00eb flok\u00ebve dhe p\u00ebrzieni n\u00eb p\u00ebll\u00ebmb\u00ebn e dor\u00ebs. Aplikojeni n\u00eb m\u00ebnyr\u00eb t\u00eb barabart\u00eb n\u00eb t\u00eb gjith\u00eb flok\u00ebt, nga mesi i gjat\u00ebsis\u00eb deri n\u00eb majat. L\u00ebreni p\u00ebr 10 deri n\u00eb 15 minuta p\u00ebr flok\u00eb m\u00eb t\u00eb but\u00eb, m\u00eb t\u00eb shndritsh\u00ebm dhe t\u00eb ushqyer thell\u00eb.<\/p>\n<p>Tips dhe kombinime:<\/p>\n<p>Hidhni dy tre pika serum n\u00eb mask\u00ebn tuaj p\u00ebr nj\u00eb trajtim m\u00eb intensiv.<\/p>\n","protected":false},"excerpt":{"rendered":"<p>Pershkrim i detajuar Serumi Riparues i nat\u00ebs i Balmain Hair Couture p\u00ebrmir\u00ebson cil\u00ebsin\u00eb e flokut dhe i zbut ato. P\u00ebrzierja e vajrave dhe ekstrakteve natyrale dep\u00ebrton thell\u00eb n\u00eb flok\u00eb p\u00ebr t\u00eb nxitur dhe rigjeneruar flok\u00ebt nga brenda. P\u00ebrdoreni si nj\u00eb trajtim t\u00eb p\u00ebrhersh\u00ebm p\u00ebr rezultate p\u00ebrfundimtare. P\u00ebrmban vaj t\u00eb b\u00ebrtham\u00ebs Argania Spinosa, i cili shton shk\u00eblqim, but\u00ebsi dhe mbron flok\u00ebt e d\u00ebmtuar. Rinovon flok\u00ebt e lyer dhe t\u00eb that\u00eb. P\u00ebrmban mbrojtje termike dhe UV p\u00ebr t\u00eb ruajtur flok\u00ebt dhe ngjyr\u00ebn e flok\u00ebve. Vitaminat jan\u00eb thelb\u00ebsore dhe t\u00eb detyrueshme n\u00eb kujdesin e flok\u00ebve. Serumi Balmain Overnight Repair p\u00ebrmban vitamin\u00eb B (Vaj i Far\u00ebs Salvia Hispanica \u2013 i njohur gjithashtu si vaji i far\u00ebs Chia) dhe vitamin\u00eb E (tokoferol). P\u00ebrzierja e vajit t\u00eb far\u00ebs Helianthus Annuus, vajit Cocos Nucifera, Ekstrakut t\u00eb Far\u00ebs Chenopodium Quinoa dhe Ekstraktit t\u00eb Luleve Gardenia Tahitensis shtohet p\u00ebr t\u00eb zbutur, riparuar dhe kondicionuar flok\u00ebt. Vaji i far\u00ebs Macadamia Ternifolia i shtohet formul\u00ebs p\u00ebr perthithje m\u00eb t\u00eb leht\u00eb t\u00eb gjith\u00eb k\u00ebtyre elementeve, duke eleminuar ndjesin\u00eb oily. Antioksidant\u00ebt (vaji i soj\u00ebs s\u00eb glicin\u00ebs dhe ekstrakti i gjetheve Rosmarinus Officinalis) ndihmojn\u00eb n\u00eb luftimin e plakjes s\u00eb parakohshme t\u00eb flok\u00ebve. Parandalon r\u00ebnien e flok\u00ebve dhe siguron rritjen e tyre. Produkti ka disa&#8230;<\/p>\n","protected":false},"featured_media":22804,"template":"","meta":[],"product_cat":[93,102],"product_tag":[],"class_list":{"0":"post-22549","1":"product","2":"type-product","3":"status-publish","4":"has-post-thumbnail","6":"product_cat-haircare","7":"product_cat-view-all","9":"first","10":"instock","11":"shipping-taxable","12":"purchasable","13":"product-type-simple","14":"pofo-product-3col"},"_links":{"self":[{"href":"https:\/\/balmainhair.al\/index.php?rest_route=\/wp\/v2\/product\/22549","targetHints":{"allow":["GET"]}}],"collection":[{"href":"https:\/\/balmainhair.al\/index.php?rest_route=\/wp\/v2\/product"}],"about":[{"href":"https:\/\/balmainhair.al\/index.php?rest_route=\/wp\/v2\/types\/product"}],"wp:featuredmedia":[{"embeddable":true,"href":"https:\/\/balmainhair.al\/index.php?rest_route=\/wp\/v2\/media\/22804"}],"wp:attachment":[{"href":"https:\/\/balmainhair.al\/index.php?rest_route=%2Fwp%2Fv2%2Fmedia&parent=22549"}],"wp:term":[{"taxonomy":"product_cat","embeddable":true,"href":"https:\/\/balmainhair.al\/index.php?rest_route=%2Fwp%2Fv2%2Fproduct_cat&post=22549"},{"taxonomy":"product_tag","embeddable":true,"href":"https:\/\/balmainhair.al\/index.php?rest_route=%2Fwp%2Fv2%2Fproduct_tag&post=22549"}],"curies":[{"name":"wp","href":"https:\/\/api.w.org\/{rel}","templated":true}]}}