{"id":22545,"date":"2022-05-30T16:16:31","date_gmt":"2022-05-30T16:16:31","guid":{"rendered":"https:\/\/balmainhair.al\/?post_type=product&#038;p=22545"},"modified":"2026-01-14T22:16:37","modified_gmt":"2026-01-14T22:16:37","slug":"illuminating-shampoo-silver-pearl","status":"publish","type":"product","link":"https:\/\/balmainhair.al\/?product=illuminating-shampoo-silver-pearl","title":{"rendered":"Illuminating Shampoo <br> Silver Pearl"},"content":{"rendered":"<p>Pershkrim i shkurter: Shampo pastruese, ndri\u00e7uese p\u00ebr flok\u00eb bjonde dhe t\u00eb argjendta. Pigmentet e past\u00ebr vjollce korrigjojn\u00eb tonet e portokallis\u00eb dhe t\u00eb t\u00eb verdh\u00ebs. P\u00ebr flok\u00eb m\u00eb t\u00eb shndritsh\u00ebm me nj\u00eb ngjyr\u00eb t\u00eb kristalt\u00eb gri.<\/p>\n<p>\u25cf E p\u00ebrkryer p\u00ebr flok\u00ebt biond, t\u00eb dekoloruar ose me fije<\/p>\n<p>\u25cf Korrigjon tonet e ngrohta dhe portokalli<\/p>\n<p>\u25cf Shk\u00eblqen flok\u00ebt<\/p>\n<p>Pershkrim i detajuar<\/p>\n<p>Flok\u00ebt bjonde, t\u00eb dekoloruar ose me fije kan\u00eb nevoj\u00eb p\u00ebr mir\u00ebmbajtje t\u00eb lart\u00eb dhe k\u00ebrkojn\u00eb rregullime t\u00eb vazhdueshme. P\u00ebr t\u00eb luftuar tonet e pad\u00ebshiruara t\u00eb ngrohta, k\u00ebrkohen produkte t\u00eb pasura me ngjyr\u00eb vjollce me pigment t\u00eb thell\u00eb. Shampo Balmain Illuminating Silver Pearl largon bronzin, portokallin\u00eb, t\u00eb verdh\u00ebn dhe i l\u00eb flok\u00ebt t\u00eb past\u00ebr dhe t\u00eb hidratuar. Shampo e pasuruar me pigment vjollce kund\u00ebrshton tonet e pad\u00ebshiruara t\u00eb ngrohta (t\u00eb verdha). Pastron duke siguruar hidratim optimal t\u00eb flok\u00ebve. Redukton pamjen e \u00e7ngjyrosjes dhe shton shk\u00eblqim. E pr\u00ebshtatshme ve\u00e7an\u00ebrisht p\u00ebr flok\u00eb t\u00eb ftoht\u00eb bjond ose gri. I mbushur me p\u00ebrzierjen e njohur t\u00eb Argan Elixir dhe Protein\u00ebn e M\u00ebndafshit p\u00ebr t\u00eb riparuar flok\u00ebt nga brenda.<\/p>\n<p>Si ta aplikoni Aplikojeni n\u00eb flok\u00eb t\u00eb lagur, masazhoni but\u00ebsisht dhe l\u00ebreni p\u00ebr t\u00eb pakt\u00ebn 3 minuta, shp\u00eblajeni mir\u00eb. P\u00ebrs\u00ebriteni trajtimin derisa t\u00eb arrihet rezultati i d\u00ebshiruar. P\u00ebr shkak t\u00eb efektit t\u00eb p\u00ebrhersh\u00ebm ndri\u00e7ues, i cili nuk mund t\u00eb lahet, nuk rekomandohet p\u00ebrdorimi i tep\u00ebrt. Mos e p\u00ebrdorni ndri\u00e7uesin e flok\u00ebve n\u00eb l\u00ebkur\u00eb ose rroba.<\/p>\n","protected":false},"excerpt":{"rendered":"<p>Pershkrim i shkurter: Shampo pastruese, ndri\u00e7uese p\u00ebr flok\u00eb bjonde dhe t\u00eb argjendta. Pigmentet e past\u00ebr vjollce korrigjojn\u00eb tonet e portokallis\u00eb dhe t\u00eb t\u00eb verdh\u00ebs. P\u00ebr flok\u00eb m\u00eb t\u00eb shndritsh\u00ebm me nj\u00eb ngjyr\u00eb t\u00eb kristalt\u00eb gri. \u25cf E p\u00ebrkryer p\u00ebr flok\u00ebt biond, t\u00eb dekoloruar ose me fije \u25cf Korrigjon tonet e ngrohta dhe portokalli \u25cf Shk\u00eblqen flok\u00ebt Pershkrim i detajuar Flok\u00ebt bjonde, t\u00eb dekoloruar ose me fije kan\u00eb nevoj\u00eb p\u00ebr mir\u00ebmbajtje t\u00eb lart\u00eb dhe k\u00ebrkojn\u00eb rregullime t\u00eb vazhdueshme. P\u00ebr t\u00eb luftuar tonet e pad\u00ebshiruara t\u00eb ngrohta, k\u00ebrkohen produkte t\u00eb pasura me ngjyr\u00eb vjollce me pigment t\u00eb thell\u00eb. Shampo Balmain Illuminating Silver Pearl largon bronzin, portokallin\u00eb, t\u00eb verdh\u00ebn dhe i l\u00eb flok\u00ebt t\u00eb past\u00ebr dhe t\u00eb hidratuar. Shampo e pasuruar me pigment vjollce kund\u00ebrshton tonet e pad\u00ebshiruara t\u00eb ngrohta (t\u00eb verdha). Pastron duke siguruar hidratim optimal t\u00eb flok\u00ebve. Redukton pamjen e \u00e7ngjyrosjes dhe shton shk\u00eblqim. E pr\u00ebshtatshme ve\u00e7an\u00ebrisht p\u00ebr flok\u00eb t\u00eb ftoht\u00eb bjond ose gri. I mbushur me p\u00ebrzierjen e njohur t\u00eb Argan Elixir dhe Protein\u00ebn e M\u00ebndafshit p\u00ebr t\u00eb riparuar flok\u00ebt nga brenda. Si ta aplikoni Aplikojeni n\u00eb flok\u00eb t\u00eb lagur, masazhoni but\u00ebsisht dhe l\u00ebreni p\u00ebr t\u00eb pakt\u00ebn 3 minuta, shp\u00eblajeni mir\u00eb. P\u00ebrs\u00ebriteni trajtimin derisa t\u00eb arrihet rezultati i d\u00ebshiruar. P\u00ebr&#8230;<\/p>\n","protected":false},"featured_media":22812,"template":"","meta":[],"product_cat":[93,102],"product_tag":[],"class_list":{"0":"post-22545","1":"product","2":"type-product","3":"status-publish","4":"has-post-thumbnail","6":"product_cat-haircare","7":"product_cat-view-all","9":"first","10":"instock","11":"shipping-taxable","12":"purchasable","13":"product-type-simple","14":"pofo-product-3col"},"_links":{"self":[{"href":"https:\/\/balmainhair.al\/index.php?rest_route=\/wp\/v2\/product\/22545","targetHints":{"allow":["GET"]}}],"collection":[{"href":"https:\/\/balmainhair.al\/index.php?rest_route=\/wp\/v2\/product"}],"about":[{"href":"https:\/\/balmainhair.al\/index.php?rest_route=\/wp\/v2\/types\/product"}],"wp:featuredmedia":[{"embeddable":true,"href":"https:\/\/balmainhair.al\/index.php?rest_route=\/wp\/v2\/media\/22812"}],"wp:attachment":[{"href":"https:\/\/balmainhair.al\/index.php?rest_route=%2Fwp%2Fv2%2Fmedia&parent=22545"}],"wp:term":[{"taxonomy":"product_cat","embeddable":true,"href":"https:\/\/balmainhair.al\/index.php?rest_route=%2Fwp%2Fv2%2Fproduct_cat&post=22545"},{"taxonomy":"product_tag","embeddable":true,"href":"https:\/\/balmainhair.al\/index.php?rest_route=%2Fwp%2Fv2%2Fproduct_tag&post=22545"}],"curies":[{"name":"wp","href":"https:\/\/api.w.org\/{rel}","templated":true}]}}