{"id":22543,"date":"2022-05-30T16:16:08","date_gmt":"2022-05-30T16:16:08","guid":{"rendered":"https:\/\/balmainhair.al\/?post_type=product&#038;p=22543"},"modified":"2026-01-14T22:16:37","modified_gmt":"2026-01-14T22:16:37","slug":"couleurs-couture-conditioner","status":"publish","type":"product","link":"https:\/\/balmainhair.al\/?product=couleurs-couture-conditioner","title":{"rendered":"Couleurs Couture Conditioner"},"content":{"rendered":"<p>Pershkrim i shkurter Kondicioner hidratues intensiv p\u00ebr flok\u00ebt e lyer, t\u00eb d\u00ebmtuar dhe t\u00eb mbi-p\u00ebrpunuar. Ushqen, shkrift\u00ebzon dhe forcon flok\u00ebt thell\u00ebsisht nga brenda. Pasuruar me nj\u00eb p\u00ebrzierje unike t\u00eb Argan Elixir, proteina m\u00ebndafshi dhe proteina kashmiri p\u00ebr flok\u00eb t\u00eb but\u00eb dhe me shk\u00eblqim.<\/p>\n<p>\u25cf Ushqen thell\u00ebsisht<\/p>\n<p>\u25cf Siguron jet\u00ebgjat\u00ebsin\u00eb e ngjyrave<\/p>\n<p>\u25cf Fije t\u00eb l\u00ebmuara dhe t\u00eb menaxhueshme<\/p>\n<p>Pershkrim i detajuar<\/p>\n<p>Kondicioneri Couleurs Couture i Balmain Paris Hair Couture \u00ebsht\u00eb i p\u00ebrsosur p\u00ebr flok\u00eb t\u00eb lyer, t\u00eb d\u00ebmtuar ose t\u00eb mbi-p\u00ebrpunuar. P\u00ebrmban Argan Elixir, proteina m\u00ebndafshi dhe e kashmirit kombinuar me farat e quinoas dhe vajin e kokosit. Ato riparojn\u00eb dhe forcojn\u00eb flok\u00ebt thell\u00eb nga brenda. Formula e avancuar hidraton flok\u00ebt dhe i l\u00eb ato t\u00eb l\u00ebmuara dhe t\u00eb pa elektrizuara. Proteina e kashmirit (keratina e hidrolizuar) \u00ebsht\u00eb nj\u00eb protein\u00eb identike me flok\u00ebt. Ai forcon kohezionin e flok\u00ebve dhe p\u00ebrmir\u00ebson leht\u00ebsin\u00eb e krehjes s\u00eb flok\u00ebve duke shmangur k\u00ebputjen. Si ta aplikoni Aplikojeni n\u00eb flok\u00eb t\u00eb tamponuar me peshqir, masazhoni but\u00ebsisht dhe shp\u00eblajeni t\u00ebr\u00ebsisht pas 3 minutash.<\/p>\n<p>Tips dhe kombinime<\/p>\n<p>P\u00ebr nj\u00eb Bionde perfekte, lajini flok\u00ebt me shampon Illuminating p\u00ebrpara se t\u00eb lani flok\u00ebt me shampon Couleurs Couture. P\u00ebrfundoni me kondicionerin Couleurs Couture p\u00ebr t\u00eb bllokuar pigmentin.<\/p>\n","protected":false},"excerpt":{"rendered":"<p>Pershkrim i shkurter Kondicioner hidratues intensiv p\u00ebr flok\u00ebt e lyer, t\u00eb d\u00ebmtuar dhe t\u00eb mbi-p\u00ebrpunuar. Ushqen, shkrift\u00ebzon dhe forcon flok\u00ebt thell\u00ebsisht nga brenda. Pasuruar me nj\u00eb p\u00ebrzierje unike t\u00eb Argan Elixir, proteina m\u00ebndafshi dhe proteina kashmiri p\u00ebr flok\u00eb t\u00eb but\u00eb dhe me shk\u00eblqim. \u25cf Ushqen thell\u00ebsisht \u25cf Siguron jet\u00ebgjat\u00ebsin\u00eb e ngjyrave \u25cf Fije t\u00eb l\u00ebmuara dhe t\u00eb menaxhueshme Pershkrim i detajuar Kondicioneri Couleurs Couture i Balmain Paris Hair Couture \u00ebsht\u00eb i p\u00ebrsosur p\u00ebr flok\u00eb t\u00eb lyer, t\u00eb d\u00ebmtuar ose t\u00eb mbi-p\u00ebrpunuar. P\u00ebrmban Argan Elixir, proteina m\u00ebndafshi dhe e kashmirit kombinuar me farat e quinoas dhe vajin e kokosit. Ato riparojn\u00eb dhe forcojn\u00eb flok\u00ebt thell\u00eb nga brenda. Formula e avancuar hidraton flok\u00ebt dhe i l\u00eb ato t\u00eb l\u00ebmuara dhe t\u00eb pa elektrizuara. Proteina e kashmirit (keratina e hidrolizuar) \u00ebsht\u00eb nj\u00eb protein\u00eb identike me flok\u00ebt. Ai forcon kohezionin e flok\u00ebve dhe p\u00ebrmir\u00ebson leht\u00ebsin\u00eb e krehjes s\u00eb flok\u00ebve duke shmangur k\u00ebputjen. Si ta aplikoni Aplikojeni n\u00eb flok\u00eb t\u00eb tamponuar me peshqir, masazhoni but\u00ebsisht dhe shp\u00eblajeni t\u00ebr\u00ebsisht pas 3 minutash. Tips dhe kombinime P\u00ebr nj\u00eb Bionde perfekte, lajini flok\u00ebt me shampon Illuminating p\u00ebrpara se t\u00eb lani flok\u00ebt me shampon Couleurs Couture. P\u00ebrfundoni me kondicionerin Couleurs Couture p\u00ebr t\u00eb bllokuar pigmentin.<\/p>\n","protected":false},"featured_media":22817,"template":"","meta":[],"product_cat":[93,102],"product_tag":[],"class_list":{"0":"post-22543","1":"product","2":"type-product","3":"status-publish","4":"has-post-thumbnail","6":"product_cat-haircare","7":"product_cat-view-all","9":"first","10":"instock","11":"shipping-taxable","12":"purchasable","13":"product-type-simple","14":"pofo-product-3col"},"_links":{"self":[{"href":"https:\/\/balmainhair.al\/index.php?rest_route=\/wp\/v2\/product\/22543","targetHints":{"allow":["GET"]}}],"collection":[{"href":"https:\/\/balmainhair.al\/index.php?rest_route=\/wp\/v2\/product"}],"about":[{"href":"https:\/\/balmainhair.al\/index.php?rest_route=\/wp\/v2\/types\/product"}],"wp:featuredmedia":[{"embeddable":true,"href":"https:\/\/balmainhair.al\/index.php?rest_route=\/wp\/v2\/media\/22817"}],"wp:attachment":[{"href":"https:\/\/balmainhair.al\/index.php?rest_route=%2Fwp%2Fv2%2Fmedia&parent=22543"}],"wp:term":[{"taxonomy":"product_cat","embeddable":true,"href":"https:\/\/balmainhair.al\/index.php?rest_route=%2Fwp%2Fv2%2Fproduct_cat&post=22543"},{"taxonomy":"product_tag","embeddable":true,"href":"https:\/\/balmainhair.al\/index.php?rest_route=%2Fwp%2Fv2%2Fproduct_tag&post=22543"}],"curies":[{"name":"wp","href":"https:\/\/api.w.org\/{rel}","templated":true}]}}