{"id":22542,"date":"2022-05-30T16:15:56","date_gmt":"2022-05-30T16:15:56","guid":{"rendered":"https:\/\/balmainhair.al\/?post_type=product&#038;p=22542"},"modified":"2026-01-14T22:16:37","modified_gmt":"2026-01-14T22:16:37","slug":"couleurs-couture-shampoo","status":"publish","type":"product","link":"https:\/\/balmainhair.al\/?product=couleurs-couture-shampoo","title":{"rendered":"Couleurs Couture Shampoo"},"content":{"rendered":"<p>Pershkrim i shkurter Shampo restauruese dhe pastruese p\u00ebr flok\u00eb t\u00eb lyer, t\u00eb d\u00ebmtuar dhe t\u00eb mbi-p\u00ebrpunuar. I pasuruar me nj\u00eb p\u00ebrzierje unike t\u00eb Argan Elixir, proteina m\u00ebndafshi dhe proteina kashmiri p\u00ebr t\u00eb ushqyer dhe forcuar thell\u00ebsisht flok\u00ebt. Mburojat UV rrisin jet\u00ebgjat\u00ebsin\u00eb e ngjyrave.<\/p>\n<p>\u25cf Kombinim unik i aminoacideve t\u00eb m\u00ebndafshit dhe protein\u00ebs kashmirit<\/p>\n<p>\u25cf Mbrojtja e ngjyrave<\/p>\n<p>\u25cf Agjent riparimi<\/p>\n<p>Pershkrim i detajuar<\/p>\n<p>Shampo Balmain Couleurs Couture \u00ebsht\u00eb trajtim rigjenerues p\u00ebr flok\u00ebt e lyer, t\u00eb d\u00ebmtuar dhe t\u00eb mbi-p\u00ebrpunuar. Rrit jet\u00ebgjat\u00ebsin\u00eb e ngjyr\u00ebs, riparon, forcon dhe ringjall flok\u00ebt thell\u00ebsisht nga brenda. Flok\u00ebt e sh\u00ebndetsh\u00ebm dhe t\u00eb riparuar rrisin jet\u00ebgjat\u00ebsin\u00eb e ngjyr\u00ebs. P\u00ebrfitimet afatgjata lindin nga p\u00ebrb\u00ebr\u00ebsit kryesor\u00eb t\u00eb zgjedhur me kujdes Argan Elixir, Silk, dhe Proteina kashmirit n\u00eb kombinim me farat e quinoas dhe vajin e kokosit. Ky kombinim unik fort\u00ebson dhe hidraton thell\u00ebsisht flok\u00ebt. I l\u00eb flok\u00ebt tep\u00ebr t\u00eb but\u00eb dhe e b\u00ebn t\u00eb leht\u00eb p\u00ebr t&#8217;u krehur.<\/p>\n<p>Si ta aplikoni:<\/p>\n<p>Aplikojeni n\u00eb flok t\u00eb lagur, masazhoni koken leht\u00ebsisht dhe shp\u00eblajeni.<\/p>\n","protected":false},"excerpt":{"rendered":"<p>Pershkrim i shkurter Shampo restauruese dhe pastruese p\u00ebr flok\u00eb t\u00eb lyer, t\u00eb d\u00ebmtuar dhe t\u00eb mbi-p\u00ebrpunuar. I pasuruar me nj\u00eb p\u00ebrzierje unike t\u00eb Argan Elixir, proteina m\u00ebndafshi dhe proteina kashmiri p\u00ebr t\u00eb ushqyer dhe forcuar thell\u00ebsisht flok\u00ebt. Mburojat UV rrisin jet\u00ebgjat\u00ebsin\u00eb e ngjyrave. \u25cf Kombinim unik i aminoacideve t\u00eb m\u00ebndafshit dhe protein\u00ebs kashmirit \u25cf Mbrojtja e ngjyrave \u25cf Agjent riparimi Pershkrim i detajuar Shampo Balmain Couleurs Couture \u00ebsht\u00eb trajtim rigjenerues p\u00ebr flok\u00ebt e lyer, t\u00eb d\u00ebmtuar dhe t\u00eb mbi-p\u00ebrpunuar. Rrit jet\u00ebgjat\u00ebsin\u00eb e ngjyr\u00ebs, riparon, forcon dhe ringjall flok\u00ebt thell\u00ebsisht nga brenda. Flok\u00ebt e sh\u00ebndetsh\u00ebm dhe t\u00eb riparuar rrisin jet\u00ebgjat\u00ebsin\u00eb e ngjyr\u00ebs. P\u00ebrfitimet afatgjata lindin nga p\u00ebrb\u00ebr\u00ebsit kryesor\u00eb t\u00eb zgjedhur me kujdes Argan Elixir, Silk, dhe Proteina kashmirit n\u00eb kombinim me farat e quinoas dhe vajin e kokosit. Ky kombinim unik fort\u00ebson dhe hidraton thell\u00ebsisht flok\u00ebt. I l\u00eb flok\u00ebt tep\u00ebr t\u00eb but\u00eb dhe e b\u00ebn t\u00eb leht\u00eb p\u00ebr t&#8217;u krehur. Si ta aplikoni: Aplikojeni n\u00eb flok t\u00eb lagur, masazhoni koken leht\u00ebsisht dhe shp\u00eblajeni.<\/p>\n","protected":false},"featured_media":22634,"template":"","meta":[],"product_cat":[93,102],"product_tag":[],"class_list":{"0":"post-22542","1":"product","2":"type-product","3":"status-publish","4":"has-post-thumbnail","6":"product_cat-haircare","7":"product_cat-view-all","9":"first","10":"instock","11":"shipping-taxable","12":"purchasable","13":"product-type-simple","14":"pofo-product-3col"},"_links":{"self":[{"href":"https:\/\/balmainhair.al\/index.php?rest_route=\/wp\/v2\/product\/22542","targetHints":{"allow":["GET"]}}],"collection":[{"href":"https:\/\/balmainhair.al\/index.php?rest_route=\/wp\/v2\/product"}],"about":[{"href":"https:\/\/balmainhair.al\/index.php?rest_route=\/wp\/v2\/types\/product"}],"wp:featuredmedia":[{"embeddable":true,"href":"https:\/\/balmainhair.al\/index.php?rest_route=\/wp\/v2\/media\/22634"}],"wp:attachment":[{"href":"https:\/\/balmainhair.al\/index.php?rest_route=%2Fwp%2Fv2%2Fmedia&parent=22542"}],"wp:term":[{"taxonomy":"product_cat","embeddable":true,"href":"https:\/\/balmainhair.al\/index.php?rest_route=%2Fwp%2Fv2%2Fproduct_cat&post=22542"},{"taxonomy":"product_tag","embeddable":true,"href":"https:\/\/balmainhair.al\/index.php?rest_route=%2Fwp%2Fv2%2Fproduct_tag&post=22542"}],"curies":[{"name":"wp","href":"https:\/\/api.w.org\/{rel}","templated":true}]}}