{"id":22539,"date":"2022-05-30T16:15:08","date_gmt":"2022-05-30T16:15:08","guid":{"rendered":"https:\/\/balmainhair.al\/?post_type=product&#038;p=22539"},"modified":"2026-01-14T22:16:37","modified_gmt":"2026-01-14T22:16:37","slug":"revitalizing-conditioner","status":"publish","type":"product","link":"https:\/\/balmainhair.al\/?product=revitalizing-conditioner","title":{"rendered":"Revitalizing Conditioner"},"content":{"rendered":"<p>Pershkrim i shkurter Nj\u00eb kondicioner i leht\u00eb, ushqyes p\u00ebr flok\u00eb t\u00eb that\u00eb dhe t\u00eb d\u00ebmtuar. Formula e avancuar rikthen vitalitetin e flok\u00ebve pa shtuar pesh\u00eb. I l\u00eb flok\u00ebt t\u00eb l\u00ebmuar, t\u00eb shkrif\u00ebt dhe t\u00eb menaxhuesh\u00ebm.<\/p>\n<p>\u25cf Rikonstrukton flok\u00ebt nga brenda<\/p>\n<p>\u25cf Ushqim intensiv<\/p>\n<p>\u25cf Krijon flok\u00eb t\u00eb l\u00ebmuar dhe t\u00eb shkrif\u00ebt<\/p>\n<p>Pershkrim i detajuar:<\/p>\n<p>Nj\u00eb kondicioner i pasur q\u00eb bllokon lag\u00ebshtin\u00eb n\u00eb brend\u00ebsi te flokut p\u00ebr t\u00eb forcuar fijet e tij, e mbron nga faktor\u00ebt e jasht\u00ebm dhe rikthen shk\u00eblqimin e humbur. I jep flokut hidratim intensiv dhe eliminon elektrizimin. I mbushur me vitamin\u00eb E, F dhe P, proteine kashmiri dhe AC Colorplex. P\u00ebrb\u00ebr\u00ebs thelb\u00ebsor p\u00ebr flok\u00ebt me shk\u00eblqim, t\u00eb sh\u00ebndetsh\u00ebm dhe plot jet\u00eb. Vitaminat E, F dhe P i japin flok\u00ebve nj\u00eb nxitje p\u00ebrfundimtare t\u00eb energjis\u00eb. Vitaminat mbrojn\u00eb l\u00ebkur\u00ebn e kok\u00ebs dhe riparojn\u00eb flok\u00ebt nga rr\u00ebnja n\u00eb fund. Proteina e kashmirit i jep flok\u00ebve nj\u00eb ndjenj\u00eb luksoze dhe t\u00eb but\u00eb dhe i b\u00ebn flok\u00ebt t\u00eb menaxhuesh\u00ebm. AC Colorplex \u00ebsht\u00eb nj\u00eb kompleks i p\u00ebrb\u00ebr\u00eb nga melanina dhe rr\u00ebnja e Wasabi japonez. Ai p\u00ebrmban nj\u00eb agjent kund\u00ebr zbehjes q\u00eb mbron flok\u00ebt nga rrezet UV dhe parandalon zbehjen ose ndryshimin e ngjyr\u00ebs s\u00eb flok\u00ebve.<\/p>\n<p>Si ta aplikoni:<\/p>\n<p>Aplikojeni n\u00eb flok\u00eb t\u00eb lar\u00eb. por hiqni ujin e tep\u00ebrt duke e shtrydhur flokun. Masazhojeni p\u00ebr 3 minuta dhe shp\u00eblajeni.<\/p>\n<p>&nbsp;<\/p>\n<p>Tips dhe kombinime P\u00ebrdorni Revitalizing Mask p\u00ebrpara Revitalizing Conditioner n\u00eb m\u00ebnyre q\u00eb t\u00eb rikuperoni flokun e d\u00ebmtuar dhe pa jet\u00eb .<\/p>\n","protected":false},"excerpt":{"rendered":"<p>Pershkrim i shkurter Nj\u00eb kondicioner i leht\u00eb, ushqyes p\u00ebr flok\u00eb t\u00eb that\u00eb dhe t\u00eb d\u00ebmtuar. Formula e avancuar rikthen vitalitetin e flok\u00ebve pa shtuar pesh\u00eb. I l\u00eb flok\u00ebt t\u00eb l\u00ebmuar, t\u00eb shkrif\u00ebt dhe t\u00eb menaxhuesh\u00ebm. \u25cf Rikonstrukton flok\u00ebt nga brenda \u25cf Ushqim intensiv \u25cf Krijon flok\u00eb t\u00eb l\u00ebmuar dhe t\u00eb shkrif\u00ebt Pershkrim i detajuar: Nj\u00eb kondicioner i pasur q\u00eb bllokon lag\u00ebshtin\u00eb n\u00eb brend\u00ebsi te flokut p\u00ebr t\u00eb forcuar fijet e tij, e mbron nga faktor\u00ebt e jasht\u00ebm dhe rikthen shk\u00eblqimin e humbur. I jep flokut hidratim intensiv dhe eliminon elektrizimin. I mbushur me vitamin\u00eb E, F dhe P, proteine kashmiri dhe AC Colorplex. P\u00ebrb\u00ebr\u00ebs thelb\u00ebsor p\u00ebr flok\u00ebt me shk\u00eblqim, t\u00eb sh\u00ebndetsh\u00ebm dhe plot jet\u00eb. Vitaminat E, F dhe P i japin flok\u00ebve nj\u00eb nxitje p\u00ebrfundimtare t\u00eb energjis\u00eb. Vitaminat mbrojn\u00eb l\u00ebkur\u00ebn e kok\u00ebs dhe riparojn\u00eb flok\u00ebt nga rr\u00ebnja n\u00eb fund. Proteina e kashmirit i jep flok\u00ebve nj\u00eb ndjenj\u00eb luksoze dhe t\u00eb but\u00eb dhe i b\u00ebn flok\u00ebt t\u00eb menaxhuesh\u00ebm. AC Colorplex \u00ebsht\u00eb nj\u00eb kompleks i p\u00ebrb\u00ebr\u00eb nga melanina dhe rr\u00ebnja e Wasabi japonez. Ai p\u00ebrmban nj\u00eb agjent kund\u00ebr zbehjes q\u00eb mbron flok\u00ebt nga rrezet UV dhe parandalon zbehjen ose ndryshimin e ngjyr\u00ebs s\u00eb flok\u00ebve. Si ta aplikoni: Aplikojeni n\u00eb flok\u00eb t\u00eb lar\u00eb&#8230;.<\/p>\n","protected":false},"featured_media":22821,"template":"","meta":[],"product_cat":[93,102],"product_tag":[],"class_list":{"0":"post-22539","1":"product","2":"type-product","3":"status-publish","4":"has-post-thumbnail","6":"product_cat-haircare","7":"product_cat-view-all","9":"first","10":"instock","11":"shipping-taxable","12":"purchasable","13":"product-type-simple","14":"pofo-product-3col"},"_links":{"self":[{"href":"https:\/\/balmainhair.al\/index.php?rest_route=\/wp\/v2\/product\/22539","targetHints":{"allow":["GET"]}}],"collection":[{"href":"https:\/\/balmainhair.al\/index.php?rest_route=\/wp\/v2\/product"}],"about":[{"href":"https:\/\/balmainhair.al\/index.php?rest_route=\/wp\/v2\/types\/product"}],"wp:featuredmedia":[{"embeddable":true,"href":"https:\/\/balmainhair.al\/index.php?rest_route=\/wp\/v2\/media\/22821"}],"wp:attachment":[{"href":"https:\/\/balmainhair.al\/index.php?rest_route=%2Fwp%2Fv2%2Fmedia&parent=22539"}],"wp:term":[{"taxonomy":"product_cat","embeddable":true,"href":"https:\/\/balmainhair.al\/index.php?rest_route=%2Fwp%2Fv2%2Fproduct_cat&post=22539"},{"taxonomy":"product_tag","embeddable":true,"href":"https:\/\/balmainhair.al\/index.php?rest_route=%2Fwp%2Fv2%2Fproduct_tag&post=22539"}],"curies":[{"name":"wp","href":"https:\/\/api.w.org\/{rel}","templated":true}]}}