{"id":22537,"date":"2022-05-30T16:14:46","date_gmt":"2022-05-30T16:14:46","guid":{"rendered":"https:\/\/balmainhair.al\/?post_type=product&#038;p=22537"},"modified":"2026-01-14T22:16:37","modified_gmt":"2026-01-14T22:16:37","slug":"volume-conditioner","status":"publish","type":"product","link":"https:\/\/balmainhair.al\/?product=volume-conditioner","title":{"rendered":"Volume Conditioner"},"content":{"rendered":"<p>Pershkrim i shkurter<\/p>\n<p>Kondicioner i p\u00ebrshtatsh\u00ebm p\u00ebr flok\u00eb t\u00eb holl\u00eb dhe fin. I jep flokut texture dhe trup. Ushqen flokun e d\u00ebmtuar dhe stimulon trashjen e tij.<\/p>\n<p>\u2022 Kondicioner i leht\u00eb p\u00ebr volum<\/p>\n<p>\u2022 Forcon dhe mbron flok\u00ebt<\/p>\n<p>\u2022 Kondicioner ditor<\/p>\n<p>Pershkrim i detajuar:<\/p>\n<p>Jep trup shtes\u00eb p\u00ebr shkak t\u00eb formul\u00ebs s\u00eb leht\u00eb. Mir\u00ebmban dhe ushqen flokun. P\u00ebrb\u00ebr\u00ebsit si proteina e m\u00ebndafshit dhe vaji i arganit, stimulojn\u00eb nj\u00eb mbajtje optimale t\u00eb lag\u00ebshtis\u00eb brenda qeliz\u00ebs s\u00eb flok\u00ebve, riparojn\u00eb dhe mbrojn\u00eb flok\u00ebt e d\u00ebmtuar, t\u00eb that\u00eb dhe t\u00eb dob\u00ebt nga faktor\u00ebt e jasht\u00ebm. The Care Line ka nj\u00eb arom\u00eb t\u00eb mrekullueshme, nj\u00eb p\u00ebrzierje unike e notave q\u00eb do t&#8217;ju shoq\u00ebroj p\u00ebrgjat\u00eb gjith\u00eb dit\u00ebs. Sa her\u00eb q\u00eb p\u00ebrdoren produktet, ato pasurojn\u00eb flok\u00ebt me p\u00ebrb\u00ebr\u00ebs ushqyes dhe aromatizojn\u00eb flok\u00ebt me k\u00ebt\u00eb arom\u00eb misterioze, fem\u00ebrore dhe sensuale.<\/p>\n<p>Si ta aplikoni<\/p>\n<p>Aplikojeni n\u00eb flok\u00eb t\u00eb tamponuar me peshqir dhe masazhojeni p\u00ebr 3 minuta<\/p>\n","protected":false},"excerpt":{"rendered":"<p>Pershkrim i shkurter Kondicioner i p\u00ebrshtatsh\u00ebm p\u00ebr flok\u00eb t\u00eb holl\u00eb dhe fin. I jep flokut texture dhe trup. Ushqen flokun e d\u00ebmtuar dhe stimulon trashjen e tij. \u2022 Kondicioner i leht\u00eb p\u00ebr volum \u2022 Forcon dhe mbron flok\u00ebt \u2022 Kondicioner ditor Pershkrim i detajuar: Jep trup shtes\u00eb p\u00ebr shkak t\u00eb formul\u00ebs s\u00eb leht\u00eb. Mir\u00ebmban dhe ushqen flokun. P\u00ebrb\u00ebr\u00ebsit si proteina e m\u00ebndafshit dhe vaji i arganit, stimulojn\u00eb nj\u00eb mbajtje optimale t\u00eb lag\u00ebshtis\u00eb brenda qeliz\u00ebs s\u00eb flok\u00ebve, riparojn\u00eb dhe mbrojn\u00eb flok\u00ebt e d\u00ebmtuar, t\u00eb that\u00eb dhe t\u00eb dob\u00ebt nga faktor\u00ebt e jasht\u00ebm. The Care Line ka nj\u00eb arom\u00eb t\u00eb mrekullueshme, nj\u00eb p\u00ebrzierje unike e notave q\u00eb do t&#8217;ju shoq\u00ebroj p\u00ebrgjat\u00eb gjith\u00eb dit\u00ebs. Sa her\u00eb q\u00eb p\u00ebrdoren produktet, ato pasurojn\u00eb flok\u00ebt me p\u00ebrb\u00ebr\u00ebs ushqyes dhe aromatizojn\u00eb flok\u00ebt me k\u00ebt\u00eb arom\u00eb misterioze, fem\u00ebrore dhe sensuale. Si ta aplikoni Aplikojeni n\u00eb flok\u00eb t\u00eb tamponuar me peshqir dhe masazhojeni p\u00ebr 3 minuta<\/p>\n","protected":false},"featured_media":22823,"template":"","meta":[],"product_cat":[93,102],"product_tag":[],"class_list":{"0":"post-22537","1":"product","2":"type-product","3":"status-publish","4":"has-post-thumbnail","6":"product_cat-haircare","7":"product_cat-view-all","9":"first","10":"instock","11":"shipping-taxable","12":"purchasable","13":"product-type-simple","14":"pofo-product-3col"},"_links":{"self":[{"href":"https:\/\/balmainhair.al\/index.php?rest_route=\/wp\/v2\/product\/22537","targetHints":{"allow":["GET"]}}],"collection":[{"href":"https:\/\/balmainhair.al\/index.php?rest_route=\/wp\/v2\/product"}],"about":[{"href":"https:\/\/balmainhair.al\/index.php?rest_route=\/wp\/v2\/types\/product"}],"wp:featuredmedia":[{"embeddable":true,"href":"https:\/\/balmainhair.al\/index.php?rest_route=\/wp\/v2\/media\/22823"}],"wp:attachment":[{"href":"https:\/\/balmainhair.al\/index.php?rest_route=%2Fwp%2Fv2%2Fmedia&parent=22537"}],"wp:term":[{"taxonomy":"product_cat","embeddable":true,"href":"https:\/\/balmainhair.al\/index.php?rest_route=%2Fwp%2Fv2%2Fproduct_cat&post=22537"},{"taxonomy":"product_tag","embeddable":true,"href":"https:\/\/balmainhair.al\/index.php?rest_route=%2Fwp%2Fv2%2Fproduct_tag&post=22537"}],"curies":[{"name":"wp","href":"https:\/\/api.w.org\/{rel}","templated":true}]}}