{"id":22536,"date":"2022-05-30T16:14:36","date_gmt":"2022-05-30T16:14:36","guid":{"rendered":"https:\/\/balmainhair.al\/?post_type=product&#038;p=22536"},"modified":"2026-01-14T22:16:37","modified_gmt":"2026-01-14T22:16:37","slug":"volume-shampoo","status":"publish","type":"product","link":"https:\/\/balmainhair.al\/?product=volume-shampoo","title":{"rendered":"Volume Shampoo"},"content":{"rendered":"<p>Pershkrim i shkurter<\/p>\n<p>Shampo e leht\u00eb dhe e but\u00eb pastrimi. Ofron volum dhe trup p\u00ebr flok\u00ebt e holl\u00eb dhe t\u00eb dob\u00ebt. Formuluar posa\u00e7\u00ebrisht p\u00ebr t\u00eb krijuar flok\u00eb me shk\u00eblqim, t\u00eb menaxhuesh\u00ebm dhe plot texture. Nj\u00eb shampo e but\u00eb ushqyese q\u00eb rrit volumin e flokut dhe jep efekt bounce.<\/p>\n<p>\u25cf Pastrues ditor p\u00ebr flok\u00eb t\u00eb holl\u00eb dhe t\u00eb dob\u00ebt<\/p>\n<p>\u25cf Shton volum pa shtuar pesh\u00eb<\/p>\n<p>\u25cf Mbron nga rrezet UV<\/p>\n<p>Pershkrim i detajuar:<\/p>\n<p>Shampo zbut\u00ebse q\u00eb pastron l\u00ebkur\u00ebn e kok\u00ebs dhe flok\u00ebt duke fryre flok\u00ebt e shesht\u00eb, t\u00eb im\u00ebt dhe t\u00eb holl\u00eb. Heq yndyr\u00ebn e tep\u00ebrt q\u00eb normalisht r\u00ebndon flok\u00ebt. Forcon fibr\u00ebn e flok\u00ebve p\u00ebr t\u00eb p\u00ebrmir\u00ebsuar struktur\u00ebn dhe trupin e tyre. Projektuar p\u00ebr t\u00eb krijuar flok\u00eb ultra voluminoz. Formula e avancuar i l\u00eb kutikulat e flok\u00ebve t\u00eb hapura dhe forcon \u00e7do fije floku, gj\u00eb q\u00eb rezulton n\u00eb flok\u00eb m\u00eb t\u00eb plot\u00eb dhe m\u00eb t\u00eb trash\u00eb. P\u00ebrzierja e pasur e vajrave dhe aminoacideve mbron flok\u00ebt nga rrezet UV p\u00ebr t\u00eb parandaluar d\u00ebmtimin dhe ndarjen e majave. I l\u00eb flok\u00ebt t\u00eb hidratuar, t\u00eb but\u00eb dhe me nj\u00eb shk\u00eblqim natyral. Si ta aplikoni: P\u00ebrdorni uj\u00eb t\u00eb vak\u00ebt p\u00ebrpara aplikimit t\u00eb shampos n\u00eb m\u00ebnyr\u00eb q\u00eb t\u00eb hapen kutikulat e flokut dhe t\u00eb pastrohen thell\u00ebsisht. Masazhojeni leht\u00ebsisht pa d\u00ebmtuar scalpin duke p\u00ebrdorur forc\u00eb t\u00eb tep\u00ebrt.<\/p>\n<p>Tips dhe kombinime<\/p>\n<p>Rekomandohet t\u00eb p\u00ebrdoret n\u00eb kombinim me Volume Conditioner dhe Leave-in Conditioner<\/p>\n","protected":false},"excerpt":{"rendered":"<p>Pershkrim i shkurter Shampo e leht\u00eb dhe e but\u00eb pastrimi. Ofron volum dhe trup p\u00ebr flok\u00ebt e holl\u00eb dhe t\u00eb dob\u00ebt. Formuluar posa\u00e7\u00ebrisht p\u00ebr t\u00eb krijuar flok\u00eb me shk\u00eblqim, t\u00eb menaxhuesh\u00ebm dhe plot texture. Nj\u00eb shampo e but\u00eb ushqyese q\u00eb rrit volumin e flokut dhe jep efekt bounce. \u25cf Pastrues ditor p\u00ebr flok\u00eb t\u00eb holl\u00eb dhe t\u00eb dob\u00ebt \u25cf Shton volum pa shtuar pesh\u00eb \u25cf Mbron nga rrezet UV Pershkrim i detajuar: Shampo zbut\u00ebse q\u00eb pastron l\u00ebkur\u00ebn e kok\u00ebs dhe flok\u00ebt duke fryre flok\u00ebt e shesht\u00eb, t\u00eb im\u00ebt dhe t\u00eb holl\u00eb. Heq yndyr\u00ebn e tep\u00ebrt q\u00eb normalisht r\u00ebndon flok\u00ebt. Forcon fibr\u00ebn e flok\u00ebve p\u00ebr t\u00eb p\u00ebrmir\u00ebsuar struktur\u00ebn dhe trupin e tyre. Projektuar p\u00ebr t\u00eb krijuar flok\u00eb ultra voluminoz. Formula e avancuar i l\u00eb kutikulat e flok\u00ebve t\u00eb hapura dhe forcon \u00e7do fije floku, gj\u00eb q\u00eb rezulton n\u00eb flok\u00eb m\u00eb t\u00eb plot\u00eb dhe m\u00eb t\u00eb trash\u00eb. P\u00ebrzierja e pasur e vajrave dhe aminoacideve mbron flok\u00ebt nga rrezet UV p\u00ebr t\u00eb parandaluar d\u00ebmtimin dhe ndarjen e majave. I l\u00eb flok\u00ebt t\u00eb hidratuar, t\u00eb but\u00eb dhe me nj\u00eb shk\u00eblqim natyral. Si ta aplikoni: P\u00ebrdorni uj\u00eb t\u00eb vak\u00ebt p\u00ebrpara aplikimit t\u00eb shampos n\u00eb m\u00ebnyr\u00eb q\u00eb t\u00eb hapen kutikulat e flokut dhe t\u00eb pastrohen thell\u00ebsisht&#8230;.<\/p>\n","protected":false},"featured_media":22629,"template":"","meta":[],"product_cat":[93,102],"product_tag":[],"class_list":{"0":"post-22536","1":"product","2":"type-product","3":"status-publish","4":"has-post-thumbnail","6":"product_cat-haircare","7":"product_cat-view-all","9":"first","10":"instock","11":"shipping-taxable","12":"purchasable","13":"product-type-simple","14":"pofo-product-3col"},"_links":{"self":[{"href":"https:\/\/balmainhair.al\/index.php?rest_route=\/wp\/v2\/product\/22536","targetHints":{"allow":["GET"]}}],"collection":[{"href":"https:\/\/balmainhair.al\/index.php?rest_route=\/wp\/v2\/product"}],"about":[{"href":"https:\/\/balmainhair.al\/index.php?rest_route=\/wp\/v2\/types\/product"}],"wp:featuredmedia":[{"embeddable":true,"href":"https:\/\/balmainhair.al\/index.php?rest_route=\/wp\/v2\/media\/22629"}],"wp:attachment":[{"href":"https:\/\/balmainhair.al\/index.php?rest_route=%2Fwp%2Fv2%2Fmedia&parent=22536"}],"wp:term":[{"taxonomy":"product_cat","embeddable":true,"href":"https:\/\/balmainhair.al\/index.php?rest_route=%2Fwp%2Fv2%2Fproduct_cat&post=22536"},{"taxonomy":"product_tag","embeddable":true,"href":"https:\/\/balmainhair.al\/index.php?rest_route=%2Fwp%2Fv2%2Fproduct_tag&post=22536"}],"curies":[{"name":"wp","href":"https:\/\/api.w.org\/{rel}","templated":true}]}}