{"id":22533,"date":"2022-05-30T16:14:01","date_gmt":"2022-05-30T16:14:01","guid":{"rendered":"https:\/\/balmainhair.al\/?post_type=product&#038;p=22533"},"modified":"2026-01-14T22:16:37","modified_gmt":"2026-01-14T22:16:37","slug":"moisturizing-conditioner","status":"publish","type":"product","link":"https:\/\/balmainhair.al\/?product=moisturizing-conditioner","title":{"rendered":"Moisturizing Conditioner"},"content":{"rendered":"<p>Pershkrim i shkurter:<\/p>\n<p>Kondicioner ushqyes p\u00ebr flok\u00eb natyral\u00eb ose t\u00eb lyer. Qet\u00ebson, mbron, shkrift\u00ebzon dhe rigjall\u00ebron flok\u00ebt. Filtrat UV mbrojn\u00eb flok\u00ebt nga rrezatimi UV dhe p\u00ebrmir\u00ebsojn\u00eb mbajtjen e ngjyr\u00ebs. Jep shk\u00eblqim dhe flexibilitet.<\/p>\n<p>\u25cf Ushqyerje p\u00ebr flok\u00eb t\u00eb sh\u00ebndetsh\u00ebm<\/p>\n<p>\u25cf Krijon flok\u00eb me shk\u00eblqim, t\u00eb but\u00eb dhe t\u00eb l\u00ebmuar<\/p>\n<p>\u25cf Eliminon elektrizimin dhe majat e hapura te demtuara.<\/p>\n<p>Pershkrim i detajur:<\/p>\n<p>Kondicioner i leht\u00eb i pasuruar me vaj t\u00eb past\u00ebr organik Argani p\u00ebr t\u00eb zbutur flok\u00ebt. Vaji i b\u00ebrtham\u00ebs s\u00eb Argania Spinosa, i njohur m\u00eb mir\u00eb si vaji i arganit, e ka origjin\u00ebn nga Maroku dhe vjen nga frutat e pem\u00ebs s\u00eb arganit. P\u00ebrthithet leht\u00eb, shton shk\u00eblqim dhe mbron flok\u00ebt e d\u00ebmtuar. Formula kremoze ushqen fijet e flok\u00ebve dhe l\u00eb nj\u00eb prekje t\u00eb leht\u00eb. Rezulton n\u00eb flok\u00eb t\u00eb but\u00eb dhe t\u00eb menaxhuesh\u00ebm p\u00ebr t\u00eb siguruar shkrift\u00ebzimin e leht\u00eb gjat\u00eb krehjes p\u00ebr t\u00eb shmangur k\u00ebputjen e flok\u00ebve. P\u00ebrmban Pro-Vitamin\u00eb B5 p\u00ebr t\u00eb p\u00ebrmir\u00ebsuar ruajtjen e hidratimit dhe elasticitetin e flok\u00ebve, zbut flok\u00ebt dhe krijon shk\u00eblqim t\u00eb m\u00ebndafsht\u00eb. Vitamina ndihmon n\u00eb trashjen flokut dhe stimulon rritjen e tyre. Si ta aplikoni: Aplikojeni n\u00eb flok\u00eb t\u00eb lar\u00eb. por hiqni ujin e tep\u00ebrt duke e shtrydhur flokun. Masazhojeni p\u00ebr 3 minuta dhe shp\u00eblajeni.<\/p>\n<p>&nbsp;<\/p>\n<p>Tips dhe kombinime<\/p>\n<p>P\u00ebrdorni Moisturizing Repair Mask p\u00ebrpara Mosisturizing Conditioner n\u00eb m\u00ebnyre q\u00eb t\u00eb rikuperoni flokun e d\u00ebmtuar dhe pa jet\u00eb .<\/p>\n","protected":false},"excerpt":{"rendered":"<p>Pershkrim i shkurter: Kondicioner ushqyes p\u00ebr flok\u00eb natyral\u00eb ose t\u00eb lyer. Qet\u00ebson, mbron, shkrift\u00ebzon dhe rigjall\u00ebron flok\u00ebt. Filtrat UV mbrojn\u00eb flok\u00ebt nga rrezatimi UV dhe p\u00ebrmir\u00ebsojn\u00eb mbajtjen e ngjyr\u00ebs. Jep shk\u00eblqim dhe flexibilitet. \u25cf Ushqyerje p\u00ebr flok\u00eb t\u00eb sh\u00ebndetsh\u00ebm \u25cf Krijon flok\u00eb me shk\u00eblqim, t\u00eb but\u00eb dhe t\u00eb l\u00ebmuar \u25cf Eliminon elektrizimin dhe majat e hapura te demtuara. Pershkrim i detajur: Kondicioner i leht\u00eb i pasuruar me vaj t\u00eb past\u00ebr organik Argani p\u00ebr t\u00eb zbutur flok\u00ebt. Vaji i b\u00ebrtham\u00ebs s\u00eb Argania Spinosa, i njohur m\u00eb mir\u00eb si vaji i arganit, e ka origjin\u00ebn nga Maroku dhe vjen nga frutat e pem\u00ebs s\u00eb arganit. P\u00ebrthithet leht\u00eb, shton shk\u00eblqim dhe mbron flok\u00ebt e d\u00ebmtuar. Formula kremoze ushqen fijet e flok\u00ebve dhe l\u00eb nj\u00eb prekje t\u00eb leht\u00eb. Rezulton n\u00eb flok\u00eb t\u00eb but\u00eb dhe t\u00eb menaxhuesh\u00ebm p\u00ebr t\u00eb siguruar shkrift\u00ebzimin e leht\u00eb gjat\u00eb krehjes p\u00ebr t\u00eb shmangur k\u00ebputjen e flok\u00ebve. P\u00ebrmban Pro-Vitamin\u00eb B5 p\u00ebr t\u00eb p\u00ebrmir\u00ebsuar ruajtjen e hidratimit dhe elasticitetin e flok\u00ebve, zbut flok\u00ebt dhe krijon shk\u00eblqim t\u00eb m\u00ebndafsht\u00eb. Vitamina ndihmon n\u00eb trashjen flokut dhe stimulon rritjen e tyre. Si ta aplikoni: Aplikojeni n\u00eb flok\u00eb t\u00eb lar\u00eb. por hiqni ujin e tep\u00ebrt duke e shtrydhur flokun. Masazhojeni p\u00ebr 3 minuta dhe shp\u00eblajeni. &nbsp;&#8230;<\/p>\n","protected":false},"featured_media":23480,"template":"","meta":[],"product_cat":[93,102],"product_tag":[],"class_list":{"0":"post-22533","1":"product","2":"type-product","3":"status-publish","4":"has-post-thumbnail","6":"product_cat-haircare","7":"product_cat-view-all","9":"first","10":"instock","11":"shipping-taxable","12":"purchasable","13":"product-type-simple","14":"pofo-product-3col"},"_links":{"self":[{"href":"https:\/\/balmainhair.al\/index.php?rest_route=\/wp\/v2\/product\/22533","targetHints":{"allow":["GET"]}}],"collection":[{"href":"https:\/\/balmainhair.al\/index.php?rest_route=\/wp\/v2\/product"}],"about":[{"href":"https:\/\/balmainhair.al\/index.php?rest_route=\/wp\/v2\/types\/product"}],"wp:featuredmedia":[{"embeddable":true,"href":"https:\/\/balmainhair.al\/index.php?rest_route=\/wp\/v2\/media\/23480"}],"wp:attachment":[{"href":"https:\/\/balmainhair.al\/index.php?rest_route=%2Fwp%2Fv2%2Fmedia&parent=22533"}],"wp:term":[{"taxonomy":"product_cat","embeddable":true,"href":"https:\/\/balmainhair.al\/index.php?rest_route=%2Fwp%2Fv2%2Fproduct_cat&post=22533"},{"taxonomy":"product_tag","embeddable":true,"href":"https:\/\/balmainhair.al\/index.php?rest_route=%2Fwp%2Fv2%2Fproduct_tag&post=22533"}],"curies":[{"name":"wp","href":"https:\/\/api.w.org\/{rel}","templated":true}]}}