{"id":22532,"date":"2022-05-30T16:13:50","date_gmt":"2022-05-30T16:13:50","guid":{"rendered":"https:\/\/balmainhair.al\/?post_type=product&#038;p=22532"},"modified":"2026-01-14T22:16:37","modified_gmt":"2026-01-14T22:16:37","slug":"moisturizing-shampoo","status":"publish","type":"product","link":"https:\/\/balmainhair.al\/?product=moisturizing-shampoo","title":{"rendered":"Moisturizing Shampoo"},"content":{"rendered":"<p>Moisturizing Shampoo<\/p>\n<p>Pershkrim i shkurter:<\/p>\n<p>Nj\u00eb shampo thell\u00ebsisht ushqyes p\u00ebr t\u00eb pastruar flok\u00ebt natyral\u00eb dhe t\u00eb lyer. Ofron hidratim optimal dhe rikthen shk\u00eblqimin dhe elasticitetin natyral pa i r\u00ebnduar flok\u00ebt. Rezultati \u00ebsht\u00eb flok\u00eb i but\u00eb, me struktur\u00eb dhe i shkrif\u00ebt.<\/p>\n<p>Flok\u00eb t\u00eb hidratuar n\u00eb m\u00ebnyr\u00eb perfekte<br \/>\nP\u00ebrmir\u00ebson ruajtjen e ngjyrave<br \/>\nMbron nga rrezatimi UV<\/p>\n<p>Pershkrim I detajuar:<\/p>\n<p>Shampo intensive ushqyese q\u00eb siguron hidratim dhe rigjall\u00ebrim p\u00ebr flok\u00eb t\u00eb past\u00ebr dhe t\u00eb sh\u00ebndetsh\u00ebm. Pastron but\u00ebsisht l\u00ebkur\u00ebn e kok\u00ebs dhe flok\u00ebt duke shtuar nivelin e hidratimit. P\u00ebrmban filtra UV p\u00ebr t\u00eb mbrojtur flok\u00ebt nga rrezatimi UV dhe mir\u00ebmban ngjyr\u00ebn e flokut t\u00eb lyer.<\/p>\n<p>Formula me baz\u00eb uji e p\u00ebrhap leht\u00ebsisht shampon n\u00ebp\u00ebr flok\u00eb dhe nuk i r\u00ebndon flok\u00ebt pas shp\u00eblarjes. P\u00ebrb\u00ebr\u00ebsi aktiv, Provitamin B5 ndihmon n\u00eb balancimin e niveleve t\u00eb hidratimit t\u00eb flok\u00ebve, p\u00ebrmirson elasticitetin dhe fleksibilitetin e flok\u00ebve. Ndihmon n\u00eb qet\u00ebsimin e skalpit t\u00eb irrituar dhe t\u00eb ndjesh\u00ebm, zbut flok\u00ebt dhe krijon shk\u00eblqim t\u00eb shk\u00eblqyesh\u00ebm. Vitamina B i trash flok\u00ebt dhe stimulon rritjen e flok\u00ebve.<\/p>\n<p>Si ta aplikoni:<\/p>\n<p>Aplikojeni n\u00eb flok t\u00eb lagur, masazhoni koken leht\u00ebsisht dhe shp\u00eblajeni.<\/p>\n<p>Tips dhe kombinime<br \/>\nP\u00ebrdorni uj\u00eb te ftoht\u00eb p\u00ebr shp\u00eblarjen e flokut, n\u00eb k\u00ebt\u00eb m\u00ebnyr\u00eb t\u00eb gjith\u00eb element\u00ebt ushqyes q\u00ebndrojn\u00eb n\u00eb brend\u00ebsi t\u00eb flokut duke dh\u00ebn\u00eb nj\u00eb shk\u00eblqim brilant.<\/p>\n","protected":false},"excerpt":{"rendered":"<p>Moisturizing Shampoo Pershkrim i shkurter: Nj\u00eb shampo thell\u00ebsisht ushqyes p\u00ebr t\u00eb pastruar flok\u00ebt natyral\u00eb dhe t\u00eb lyer. Ofron hidratim optimal dhe rikthen shk\u00eblqimin dhe elasticitetin natyral pa i r\u00ebnduar flok\u00ebt. Rezultati \u00ebsht\u00eb flok\u00eb i but\u00eb, me struktur\u00eb dhe i shkrif\u00ebt. Flok\u00eb t\u00eb hidratuar n\u00eb m\u00ebnyr\u00eb perfekte P\u00ebrmir\u00ebson ruajtjen e ngjyrave Mbron nga rrezatimi UV Pershkrim I detajuar: Shampo intensive ushqyese q\u00eb siguron hidratim dhe rigjall\u00ebrim p\u00ebr flok\u00eb t\u00eb past\u00ebr dhe t\u00eb sh\u00ebndetsh\u00ebm. Pastron but\u00ebsisht l\u00ebkur\u00ebn e kok\u00ebs dhe flok\u00ebt duke shtuar nivelin e hidratimit. P\u00ebrmban filtra UV p\u00ebr t\u00eb mbrojtur flok\u00ebt nga rrezatimi UV dhe mir\u00ebmban ngjyr\u00ebn e flokut t\u00eb lyer. Formula me baz\u00eb uji e p\u00ebrhap leht\u00ebsisht shampon n\u00ebp\u00ebr flok\u00eb dhe nuk i r\u00ebndon flok\u00ebt pas shp\u00eblarjes. P\u00ebrb\u00ebr\u00ebsi aktiv, Provitamin B5 ndihmon n\u00eb balancimin e niveleve t\u00eb hidratimit t\u00eb flok\u00ebve, p\u00ebrmirson elasticitetin dhe fleksibilitetin e flok\u00ebve. Ndihmon n\u00eb qet\u00ebsimin e skalpit t\u00eb irrituar dhe t\u00eb ndjesh\u00ebm, zbut flok\u00ebt dhe krijon shk\u00eblqim t\u00eb shk\u00eblqyesh\u00ebm. Vitamina B i trash flok\u00ebt dhe stimulon rritjen e flok\u00ebve. Si ta aplikoni: Aplikojeni n\u00eb flok t\u00eb lagur, masazhoni koken leht\u00ebsisht dhe shp\u00eblajeni. Tips dhe kombinime P\u00ebrdorni uj\u00eb te ftoht\u00eb p\u00ebr shp\u00eblarjen e flokut, n\u00eb k\u00ebt\u00eb m\u00ebnyr\u00eb t\u00eb gjith\u00eb element\u00ebt ushqyes q\u00ebndrojn\u00eb n\u00eb brend\u00ebsi t\u00eb flokut&#8230;<\/p>\n","protected":false},"featured_media":22625,"template":"","meta":[],"product_cat":[93,102],"product_tag":[],"class_list":{"0":"post-22532","1":"product","2":"type-product","3":"status-publish","4":"has-post-thumbnail","6":"product_cat-haircare","7":"product_cat-view-all","9":"first","10":"instock","11":"shipping-taxable","12":"purchasable","13":"product-type-simple","14":"pofo-product-3col"},"_links":{"self":[{"href":"https:\/\/balmainhair.al\/index.php?rest_route=\/wp\/v2\/product\/22532","targetHints":{"allow":["GET"]}}],"collection":[{"href":"https:\/\/balmainhair.al\/index.php?rest_route=\/wp\/v2\/product"}],"about":[{"href":"https:\/\/balmainhair.al\/index.php?rest_route=\/wp\/v2\/types\/product"}],"wp:featuredmedia":[{"embeddable":true,"href":"https:\/\/balmainhair.al\/index.php?rest_route=\/wp\/v2\/media\/22625"}],"wp:attachment":[{"href":"https:\/\/balmainhair.al\/index.php?rest_route=%2Fwp%2Fv2%2Fmedia&parent=22532"}],"wp:term":[{"taxonomy":"product_cat","embeddable":true,"href":"https:\/\/balmainhair.al\/index.php?rest_route=%2Fwp%2Fv2%2Fproduct_cat&post=22532"},{"taxonomy":"product_tag","embeddable":true,"href":"https:\/\/balmainhair.al\/index.php?rest_route=%2Fwp%2Fv2%2Fproduct_tag&post=22532"}],"curies":[{"name":"wp","href":"https:\/\/api.w.org\/{rel}","templated":true}]}}